{"id":9098,"date":"2025-04-07T22:43:44","date_gmt":"2025-04-07T21:43:44","guid":{"rendered":"https:\/\/skimboard.com\/edenv4\/?post_type=product&#038;p=9098"},"modified":"2026-01-17T18:41:38","modified_gmt":"2026-01-17T17:41:38","slug":"skimboards-en-bois","status":"publish","type":"product","link":"https:\/\/skimboard.com\/edenv4\/produit\/skimboards-en-bois\/","title":{"rendered":"Skimboards en bois"},"content":{"rendered":"<p>Planches de skimboard en bois issu d&#8217;une for\u00eat fran\u00e7aise g\u00e9r\u00e9e durablement (for\u00eat des Landes de Gascogne), contre-plaqu\u00e9\u00a0 garanti qualit\u00e9 \u00ab marine \u00bb norme CEE, galb\u00e9 (rocker avant) recouvert de deux couches de r\u00e9sine polyester \u00e9paisse<strong> bien plus r\u00e9sistante que le simple vernis tr\u00e8s fin des planches en bois\u00a0 ordinaires du commerce<\/strong>.<br \/>\nD\u00e9coration par r\u00e9sine color\u00e9e faite \u00e0 la main, chaque planche est unique (donc la photo n&#8217;est pas exactement contractuelle)\u00a0 .<br \/>\n<strong>Ce sont des planches \u00ab haut de gamme \u00bb, \u00e0 la glisse parfaite et\u00a0 garanties 2 ans contre tout d\u00e9fauts structurels.<\/strong><\/p>\n<p><strong>La taille 98 cm<\/strong> x 47 cm est pour les enfants \u00e0 partir de dix ans environ.<br \/>\n<strong>La taille 108 cm<\/strong> x 51 cm est pour les adolescents et les adultes jusqu&#8217;\u00e0 80 kg<\/p>\n<p>Le rep\u00e8re de taille pour choisir une planche en bois est que pos\u00e9e debout elle doit vous arriver au moins au nombril.<\/p>\n<p><strong>IMPORTANT ! Il est INDISPENSABLE de mettre de la <a href=\"https:\/\/skimboard.com\/edenv4\/produit\/wax-antiderapante\/\">wax anti-d\u00e9rapante<\/a><\/strong> sur le dessus de la planche, exactement comme pour les planches de surf, sinon vos pieds vont glisser. En revanche les grips ne sont pas vraiment conseill\u00e9s car trop chers pour ce genre de planche.<\/p>\n","protected":false},"excerpt":{"rendered":"<p>Planches de skimboard en bois, deux tailles: Junior 98cm et Adulte 108cm<\/p>\n","protected":false},"featured_media":9090,"comment_status":"open","ping_status":"closed","template":"","meta":[],"product_brand":[],"product_cat":[81],"product_tag":[],"class_list":{"0":"post-9098","1":"product","2":"type-product","3":"status-publish","4":"has-post-thumbnail","6":"product_cat-skimboards-stock","7":"post-preview","9":"first","10":"instock","11":"taxable","12":"shipping-taxable","13":"purchasable","14":"product-type-variable"},"_links":{"self":[{"href":"https:\/\/skimboard.com\/edenv4\/wp-json\/wp\/v2\/product\/9098","targetHints":{"allow":["GET"]}}],"collection":[{"href":"https:\/\/skimboard.com\/edenv4\/wp-json\/wp\/v2\/product"}],"about":[{"href":"https:\/\/skimboard.com\/edenv4\/wp-json\/wp\/v2\/types\/product"}],"replies":[{"embeddable":true,"href":"https:\/\/skimboard.com\/edenv4\/wp-json\/wp\/v2\/comments?post=9098"}],"wp:featuredmedia":[{"embeddable":true,"href":"https:\/\/skimboard.com\/edenv4\/wp-json\/wp\/v2\/media\/9090"}],"wp:attachment":[{"href":"https:\/\/skimboard.com\/edenv4\/wp-json\/wp\/v2\/media?parent=9098"}],"wp:term":[{"taxonomy":"product_brand","embeddable":true,"href":"https:\/\/skimboard.com\/edenv4\/wp-json\/wp\/v2\/product_brand?post=9098"},{"taxonomy":"product_cat","embeddable":true,"href":"https:\/\/skimboard.com\/edenv4\/wp-json\/wp\/v2\/product_cat?post=9098"},{"taxonomy":"product_tag","embeddable":true,"href":"https:\/\/skimboard.com\/edenv4\/wp-json\/wp\/v2\/product_tag?post=9098"}],"curies":[{"name":"wp","href":"https:\/\/api.w.org\/{rel}","templated":true}]}}