{"id":7012,"date":"2023-06-03T14:52:42","date_gmt":"2023-06-03T13:52:42","guid":{"rendered":"https:\/\/skimboard.com\/edenv4\/?post_type=product&#038;p=7012"},"modified":"2025-07-05T20:45:28","modified_gmt":"2025-07-05T19:45:28","slug":"skimboard-en-carbone-modele-big-fish","status":"publish","type":"product","link":"https:\/\/skimboard.com\/edenv4\/produit\/skimboard-en-carbone-modele-big-fish\/","title":{"rendered":"Skimboard en Carbone mod\u00e8le Big Fish"},"content":{"rendered":"<p>Si vous faites aux alentours de 1,85 m \/ 85 kg,\u00a0 jusqu\u2019\u00e0 1,90m \/ 95 kg , ou si vous n\u2019avez plus 20 ans et que vous cherchez un fun facile, ce mod\u00e8le <strong><em>Big Fish<\/em> <\/strong>vous conviendra parfaitement.<br \/>\nLes skimboarders, m\u00eame exp\u00e9riment\u00e9s, passent souvent \u00e0 cette forme de planche une fois pass\u00e9 35 ans, car leur course est moins rapide et leur poids moins \u201caff\u00fbt\u00e9\u201d.<\/p>\n<p>La planche \u00e0 un arri\u00e8re (<em>tail<\/em>) carr\u00e9 en forme de queue de poisson (<em>fish tail<\/em>), avec des\u00a0<em>wings<\/em>\u00a0(d\u00e9crochements de la ligne du rail au 1\/3 arri\u00e8re) ce qui permet d\u2019avoir une planche tr\u00e8s large, donc porteuse et stable, sans \u00eatre trop longue et difficile \u00e0 manier.<br \/>\nCe shape assure\u00a0<strong>une \u00e9norme portance et une grande stabilit\u00e9<\/strong>. Moins radicale dans les manoeuvres que le shape\u00a0<em>Classic<\/em>\u00a0, mais plus\u00a0<strong>\u201cconfortable\u201d \u00e0 rider<\/strong>, elle fera plaisir \u00e0 tous les utilisateurs qui recherchent surtout la portance et la facilit\u00e9, ou qui ont un gros gabarit.<\/p>\n<p>Dans tous les sports de haut niveau le <strong>carbone<\/strong> est incontournable et synonyme de performance. Le tissu de carbone apporte un gain de rigidit\u00e9 important par rapport \u00e0 la fibre de verre, \u00e0 poids \u00e9gal, et rend la planche nettement plus nerveuse, donc rapide et performante (vitesse dans les manoeuvres, relance en appuis\u2026).<br \/>\nCependant attention, cela ne veut pas dire qu\u2019elles sont incassables ! \u00a0Leur avantage r\u00e9side surtout dans la performance, et elles sont \u00e0 r\u00e9serv\u00e9es aux riders de bon niveau.<br \/>\nPour un d\u00e9butant cela n&#8217;a pas un grand int\u00e9r\u00eat, \u00e0 part le look, car elles ne sont pas plus faciles pour d\u00e9buter qu&#8217;une planche ZT-Big Fish standard.<\/p>\n<p>Int\u00e9gralement fabriqu\u00e9es \u00e0 la main en France, dans notre atelier de Bordeaux, c\u0153ur en mousse de PVC Airex 100% waterproof, stratifi\u00e9 sous-vide.\u00a0avec une couche de carbone \u201c3K\u201d sur le dessus, et un large renfort carbone qui couvre les 2\/3 du dessous (sur la zone de flexion, inutile d\u2019en mettre sur toute la surface). Le tissu de carbone est compl\u00e9t\u00e9 par du E-glass. Patchs de renforts carbone double \u00e9paisseur sur le nose et le tail pour \u00e9viter les pocs et l\u2019usure.<br \/>\nDessous blanc pour une meilleure r\u00e9sistance aux rayures, dessus carbone apparent.<\/p>\n<p><strong>PROMO !<\/strong>\u00a0\u00a0Pour l\u2019achat d\u2019un skimboard + des grips (Grip arri\u00e8re + barre avant) + une housse, vous b\u00e9n\u00e9ficiez d\u2019une r\u00e9duction de 20% sur la housse choisie \u00a0 Voir: <strong><a href=\"https:\/\/skimboard.com\/edenv4\/bien-equiper-votre-skimboard\/\">Offre PACK<\/a><\/strong><\/p>\n<section class=\"related products\"><\/section>\n","protected":false},"excerpt":{"rendered":"<p>Planche de skimboard en carbone mod\u00e8le <em><strong>Big Fish<\/strong> <\/em>(taille unique)<\/p>\n","protected":false},"featured_media":5701,"comment_status":"open","ping_status":"closed","template":"","meta":[],"product_brand":[],"product_cat":[81],"product_tag":[],"class_list":{"0":"post-7012","1":"product","2":"type-product","3":"status-publish","4":"has-post-thumbnail","6":"product_cat-skimboards-stock","7":"post-preview","9":"first","10":"outofstock","11":"taxable","12":"shipping-taxable","13":"purchasable","14":"product-type-simple"},"_links":{"self":[{"href":"https:\/\/skimboard.com\/edenv4\/wp-json\/wp\/v2\/product\/7012","targetHints":{"allow":["GET"]}}],"collection":[{"href":"https:\/\/skimboard.com\/edenv4\/wp-json\/wp\/v2\/product"}],"about":[{"href":"https:\/\/skimboard.com\/edenv4\/wp-json\/wp\/v2\/types\/product"}],"replies":[{"embeddable":true,"href":"https:\/\/skimboard.com\/edenv4\/wp-json\/wp\/v2\/comments?post=7012"}],"wp:featuredmedia":[{"embeddable":true,"href":"https:\/\/skimboard.com\/edenv4\/wp-json\/wp\/v2\/media\/5701"}],"wp:attachment":[{"href":"https:\/\/skimboard.com\/edenv4\/wp-json\/wp\/v2\/media?parent=7012"}],"wp:term":[{"taxonomy":"product_brand","embeddable":true,"href":"https:\/\/skimboard.com\/edenv4\/wp-json\/wp\/v2\/product_brand?post=7012"},{"taxonomy":"product_cat","embeddable":true,"href":"https:\/\/skimboard.com\/edenv4\/wp-json\/wp\/v2\/product_cat?post=7012"},{"taxonomy":"product_tag","embeddable":true,"href":"https:\/\/skimboard.com\/edenv4\/wp-json\/wp\/v2\/product_tag?post=7012"}],"curies":[{"name":"wp","href":"https:\/\/api.w.org\/{rel}","templated":true}]}}