{"id":7001,"date":"2023-06-03T14:25:01","date_gmt":"2023-06-03T13:25:01","guid":{"rendered":"https:\/\/skimboard.com\/edenv4\/?post_type=product&#038;p=7001"},"modified":"2026-05-15T14:48:22","modified_gmt":"2026-05-15T13:48:22","slug":"skimboards-en-carbone-shape-classic","status":"publish","type":"product","link":"https:\/\/skimboard.com\/edenv4\/produit\/skimboards-en-carbone-shape-classic\/","title":{"rendered":"Skimboards en Carbone Shape Classic"},"content":{"rendered":"<p>Dans tous les sports de haut niveau le carbone est incontournable et synonyme de performance. Le tissu de carbone apporte un gain de rigidit\u00e9 important par rapport \u00e0 la fibre de verre, \u00e0 poids \u00e9gal, et rend la planche nettement plus nerveuse, donc rapide et performante (vitesse dans les manoeuvres, relance en appuis\u2026).<br \/>\nCependant attention, cela ne veut pas dire qu\u2019elles sont incassables ! \u00a0Leur avantage r\u00e9side surtout dans la performance, et elles sont \u00e0 r\u00e9serv\u00e9es aux riders de bon niveau.<br \/>\nPour un d\u00e9butant cela n&#8217;a pas un grand int\u00e9r\u00eat, \u00e0 part le look, car elles ne sont pas plus faciles pour d\u00e9buter qu&#8217;une planche ZT-standard.<\/p>\n<p><strong>Guide de taille:<\/strong><br \/>\nGlobalement la planche pos\u00e9e debout doit vous arriver au plexus (poitrine), \u00e0 moduler aussi en fonction de votre poids.<br \/>\n\u2013 131 cm : \u00a0 \u00a0Utilisateur de 1,60 m \u00e0 1,70 m \/ 52 kg \u00e0 73 kg<br \/>\n\u2013 134 cm: \u00a0 \u00a0 Utilisateur de 1,70 m \u00e0 1,80 m \/ 58 kg \u00e0 81 kg<br \/>\n\u2013 \u00a0COMPACT 134 cm : \u00a0Mod\u00e8le \u201c<em>one size fits all<\/em>\u201c, pour utilisateurs de 58 kg \u00e0 85 kg<br \/>\n\u2013 136 : \u00a0De 1,80 m \u00e0 1,90 m \/ 65 kg \u00e0 90 kg<\/p>\n<p>Int\u00e9gralement fabriqu\u00e9es \u00e0 la main en France, dans notre atelier de Bordeaux, c\u0153ur en mousse de PVC Airex 100% waterproof, stratifi\u00e9 sous-vide.\u00a0avec une couche de carbone \u201c3K\u201d sur le dessus, et un large renfort carbone qui couvre les 2\/3 du dessous (sur la zone de flexion, inutile d\u2019en mettre sur toute la surface). Le tissu de carbone est compl\u00e9t\u00e9 par du E-glass. Patchs de renforts carbone double \u00e9paisseur sur le nose et le tail pour \u00e9viter les pocs et l\u2019usure.<br \/>\nLe dessous de la planche (semelle de glisse) est toujours en blanc pour une meilleure r\u00e9sistance aux rayures.\u00a0Dessus carbone apparent.<\/p>\n<p><strong>PROMO !<\/strong>\u00a0\u00a0Pour l\u2019achat d\u2019un skimboard + des grips (Grip arri\u00e8re + barre avant) + une housse, vous b\u00e9n\u00e9ficiez d\u2019une r\u00e9duction de 20% sur la housse choisie \u00a0 Voir: <strong><a href=\"https:\/\/skimboard.com\/edenv4\/bien-equiper-votre-skimboard\/\">Offre PACK<\/a><\/strong><\/p>\n<section class=\"related products\"><\/section>\n<p>&nbsp;<\/p>\n","protected":false},"excerpt":{"rendered":"<p>Planches de skimboard en <em><strong>Carbone, Shape CLASSIC<\/strong><\/em> (forme ovale).<\/p>\n","protected":false},"featured_media":5713,"comment_status":"open","ping_status":"closed","template":"","meta":[],"product_brand":[],"product_cat":[81],"product_tag":[],"class_list":{"0":"post-7001","1":"product","2":"type-product","3":"status-publish","4":"has-post-thumbnail","6":"product_cat-skimboards-stock","7":"post-preview","9":"first","10":"instock","11":"taxable","12":"shipping-taxable","13":"purchasable","14":"product-type-variable"},"_links":{"self":[{"href":"https:\/\/skimboard.com\/edenv4\/wp-json\/wp\/v2\/product\/7001","targetHints":{"allow":["GET"]}}],"collection":[{"href":"https:\/\/skimboard.com\/edenv4\/wp-json\/wp\/v2\/product"}],"about":[{"href":"https:\/\/skimboard.com\/edenv4\/wp-json\/wp\/v2\/types\/product"}],"replies":[{"embeddable":true,"href":"https:\/\/skimboard.com\/edenv4\/wp-json\/wp\/v2\/comments?post=7001"}],"wp:featuredmedia":[{"embeddable":true,"href":"https:\/\/skimboard.com\/edenv4\/wp-json\/wp\/v2\/media\/5713"}],"wp:attachment":[{"href":"https:\/\/skimboard.com\/edenv4\/wp-json\/wp\/v2\/media?parent=7001"}],"wp:term":[{"taxonomy":"product_brand","embeddable":true,"href":"https:\/\/skimboard.com\/edenv4\/wp-json\/wp\/v2\/product_brand?post=7001"},{"taxonomy":"product_cat","embeddable":true,"href":"https:\/\/skimboard.com\/edenv4\/wp-json\/wp\/v2\/product_cat?post=7001"},{"taxonomy":"product_tag","embeddable":true,"href":"https:\/\/skimboard.com\/edenv4\/wp-json\/wp\/v2\/product_tag?post=7001"}],"curies":[{"name":"wp","href":"https:\/\/api.w.org\/{rel}","templated":true}]}}