{"id":6978,"date":"2023-06-02T22:22:27","date_gmt":"2023-06-02T21:22:27","guid":{"rendered":"https:\/\/skimboard.com\/edenv4\/?post_type=product&#038;p=6978"},"modified":"2026-04-04T18:51:01","modified_gmt":"2026-04-04T17:51:01","slug":"skimboards-pour-enfants","status":"publish","type":"product","link":"https:\/\/skimboard.com\/edenv4\/produit\/skimboards-pour-enfants\/","title":{"rendered":"Skimboards pour enfants"},"content":{"rendered":"<p>D\u2019une excellente construction, l\u00e9g\u00e8res, durables et performantes, ces planches de skimboards sont int\u00e9gralement fabriqu\u00e9es \u00e0 la main en France dans notre atelier de Bordeaux.<br \/>\nC\u0153ur en mousse de PVC\u00a0 waterproof, stratifi\u00e9 sous vide fibre de verre et r\u00e9sine polyester, comme pour la gamme \u201cZT Adultes\u201d.<br \/>\nCe sont des skimboards \u201cFoamies\u201d haut de gamme, qui seront faciles \u00e0 utiliser et dureront longtemps. De nombreux clients nous disent que la m\u00eame planche est pass\u00e9e de l\u2019a\u00een\u00e9 au cadet puis au benjamin \u00a0! Son poids plume de 1,5 kg la rend facile \u00e0 manier pour les plus jeunes et moins dangereuse en cas de choc.<\/p>\n<p><strong>ATTENTION:<\/strong>\u00a0 50kg \/ 1,60 m \u00a0sont des valeurs maximums, un enfant grandit vite, et vous devez choisir une planche qui servira au minimum 2 ans. N\u2019h\u00e9sitez pas \u00e0 prendre la taille au-dessus, le mod\u00e8le ados \u00a0<a href=\"https:\/\/skimboard.com\/edenv4\/produit\/skimboard-ubik-fibre-de-verre\/\">Ubik 125 cm.<\/a><\/p>\n<p>Il est fortement conseill\u00e9 de mettre des\u00a0<a href=\"http:\/\/skimboard.com\/edenv4\/grips\/\" target=\"_self\" rel=\"noopener noreferrer\">Grips antid\u00e9rapants<\/a>\u00a0sur le dessus, compl\u00e9t\u00e9s par de la <a href=\"https:\/\/skimboard.com\/edenv4\/wax\/\">wax \u00e0 surf<\/a>.<br \/>\nVoir: <a href=\"https:\/\/skimboard.com\/edenv4\/bien-equiper-votre-skimboard\/\">Bien \u00e9quiper votre skimboard<\/a><br \/>\nLes enfants n\u2019\u00e9tant pas toujours soigneux avec leurs affaires, nous vous recommandons une housse pour prot\u00e9ger la planche des chocs et des rayures pendant le transport, et pour prot\u00e9ger votre voiture des salissures de wax fondue et du sable.<br \/>\nLa <a href=\"https:\/\/skimboard.com\/edenv4\/produit\/housse-matelassee-pour-skimboards-enfants\/\">housse skimboards enfants<\/a> n&#8217;est malheureusement plus disponible, mais les <a href=\"https:\/\/skimboard.com\/edenv4\/produit\/housse-simple-a-clip-pour-skimboard\/\">housses \u00e0 clip<\/a> sont assez larges et solides pour y mettre aussi leurs affaires de plage (serviette, short de bain mouill\u00e9, bouteille d\u2019eau etc\u2026) et tout transporter facilement et proprement.<\/p>\n<p><strong>PROMO !<\/strong>\u00a0\u00a0Pour l\u2019achat d\u2019un skimboard + des grips (Grip arri\u00e8re + barre avant) + une housse, vous b\u00e9n\u00e9ficiez d\u2019une r\u00e9duction de 20% sur la housse choisie \u00a0 Voir: <strong><a href=\"https:\/\/skimboard.com\/edenv4\/bien-equiper-votre-skimboard\/\">Offre PACK<\/a><\/strong><\/p>\n<p>&nbsp;<\/p>\n<section class=\"related products\"><\/section>\n","protected":false},"excerpt":{"rendered":"<p>Planche de skimboard pour\u00a0enfants de moins de 50 kg \/ 1,60 m<br \/>\nTaille unique 115 cm x 48,5 cm<\/p>\n","protected":false},"featured_media":9189,"comment_status":"open","ping_status":"closed","template":"","meta":[],"product_brand":[],"product_cat":[81],"product_tag":[],"class_list":{"0":"post-6978","1":"product","2":"type-product","3":"status-publish","4":"has-post-thumbnail","6":"product_cat-skimboards-stock","7":"post-preview","9":"first","10":"instock","11":"taxable","12":"shipping-taxable","13":"purchasable","14":"product-type-variable"},"_links":{"self":[{"href":"https:\/\/skimboard.com\/edenv4\/wp-json\/wp\/v2\/product\/6978","targetHints":{"allow":["GET"]}}],"collection":[{"href":"https:\/\/skimboard.com\/edenv4\/wp-json\/wp\/v2\/product"}],"about":[{"href":"https:\/\/skimboard.com\/edenv4\/wp-json\/wp\/v2\/types\/product"}],"replies":[{"embeddable":true,"href":"https:\/\/skimboard.com\/edenv4\/wp-json\/wp\/v2\/comments?post=6978"}],"wp:featuredmedia":[{"embeddable":true,"href":"https:\/\/skimboard.com\/edenv4\/wp-json\/wp\/v2\/media\/9189"}],"wp:attachment":[{"href":"https:\/\/skimboard.com\/edenv4\/wp-json\/wp\/v2\/media?parent=6978"}],"wp:term":[{"taxonomy":"product_brand","embeddable":true,"href":"https:\/\/skimboard.com\/edenv4\/wp-json\/wp\/v2\/product_brand?post=6978"},{"taxonomy":"product_cat","embeddable":true,"href":"https:\/\/skimboard.com\/edenv4\/wp-json\/wp\/v2\/product_cat?post=6978"},{"taxonomy":"product_tag","embeddable":true,"href":"https:\/\/skimboard.com\/edenv4\/wp-json\/wp\/v2\/product_tag?post=6978"}],"curies":[{"name":"wp","href":"https:\/\/api.w.org\/{rel}","templated":true}]}}