{"id":6878,"date":"2023-06-02T09:40:23","date_gmt":"2023-06-02T08:40:23","guid":{"rendered":"https:\/\/skimboard.com\/edenv4\/?post_type=product&#038;p=6878"},"modified":"2026-04-20T21:19:45","modified_gmt":"2026-04-20T20:19:45","slug":"grip-arriere-de-skimboard-pad","status":"publish","type":"product","link":"https:\/\/skimboard.com\/edenv4\/produit\/grip-arriere-de-skimboard-pad\/","title":{"rendered":"Grip arri\u00e8re de skimboard \/ Pad"},"content":{"rendered":"<p>Les grips arri\u00e8res (traction pads \/ tail pads) sont habituellement con\u00e7us pour les planches de surf, en plusieurs morceaux s\u00e9par\u00e9s, \u00e0 coller \u00e9cart\u00e9s les uns des autres afin de s\u2019adapter \u00e0 la diversit\u00e9 des surfs.<br \/>\nSauf que plus il y a de morceaux \u2026 plus ils se d\u00e9collent\u00a0 \u00a0 \u00a0 \u00a0 L\u2019eau s\u2019infiltre sous la colle plus facilement, et les nombreux angles ont tendance \u00e0 se soulever, <strong>surtout que les skimboards sont brass\u00e9s par la vague et raclent dans le sable bien plus qu\u2019un surf.\u00a0<\/strong><br \/>\n<strong>EDEN\u00a0<\/strong> a donc con\u00e7u ses grips \/ pads arri\u00e8res sp\u00e9cialement pour le skimboard,\u00a0<strong>les plus larges possible<\/strong>, 37cm de large et 35,5cm de long,\u00a0 afin de couvrir parfaitement le tail (l\u2019arri\u00e8re) <strong>en un seul morceau !<\/strong><br \/>\nVous avez PLUS de surface de grip, pour le m\u00eame prix<br \/>\nC\u2019est la configuration la plus fiable (<strong>moins de risques de d\u00e9collement<\/strong>) et la plus confortable (<strong>pas de vides sous les pieds !<\/strong>), tout simplement.<\/p>\n<p><strong>Offre PACK: <\/strong>Quand vous nous achetez un skimboard foamie neuf, pour vous encourager \u00e0 prendre en m\u00eame temps les grips (<em>grip arri\u00e8re + barre avant, comme sur la photo ci-dessous<\/em>) et une housse, nous vous offrons une r\u00e9duction de 20% sur tous les mod\u00e8les de housses<\/p>\n<p>Nous vous conseillons absolument d\u2019\u00e9quiper votre skimboard avec des <strong><em><a href=\"https:\/\/skimboard.com\/edenv4\/grips\/\" data-type=\"page\" data-id=\"96\">grips antid\u00e9rapants<\/a><\/em><\/strong>\u00a0car quand il est neuf le dessus est lisse et glissant, comme celui d\u2019une planche de surf neuve, il faudra donc <strong>obligatoirement<\/strong> le recouvrir d\u2019un antid\u00e9rapant.<\/p>\n<p>Utiliser de la <a href=\"https:\/\/skimboard.com\/edenv4\/wax\/\">wax \u00e0 surf<\/a> est un minimum, mais il est fortement conseill\u00e9 de mettre des <strong><em>Grips antid\u00e9rapants <\/em><\/strong>pour de meilleures performances !<\/p>\n<figure class=\"wp-block-image size-large\"><img loading=\"lazy\" decoding=\"async\" class=\"wp-image-5935\" src=\"https:\/\/skimboard.com\/edenv4\/wp-content\/uploads\/2023\/05\/pads-eden_2boards-874x1024.jpg\" sizes=\"auto, (max-width: 874px) 100vw, 874px\" srcset=\"https:\/\/skimboard.com\/edenv4\/wp-content\/uploads\/2023\/05\/pads-eden_2boards-874x1024.jpg 874w, https:\/\/skimboard.com\/edenv4\/wp-content\/uploads\/2023\/05\/pads-eden_2boards-256x300.jpg 256w, https:\/\/skimboard.com\/edenv4\/wp-content\/uploads\/2023\/05\/pads-eden_2boards-768x900.jpg 768w, https:\/\/skimboard.com\/edenv4\/wp-content\/uploads\/2023\/05\/pads-eden_2boards-1311x1536.jpg 1311w, https:\/\/skimboard.com\/edenv4\/wp-content\/uploads\/2023\/05\/pads-eden_2boards-1749x2048.jpg 1749w, https:\/\/skimboard.com\/edenv4\/wp-content\/uploads\/2023\/05\/pads-eden_2boards-676x792.jpg 676w\" alt=\"\" width=\"874\" height=\"1024\" \/><\/figure>\n<p>Vous pouvez penser qu\u2019il s\u2019agit seulement d\u2019un \u201csuperflu\u201d et que nous insistons pour vous en vendre uniquement dans un but commercial, mais c\u2019est faux, ils sont presque aussi indispensables que les fixations sur des skis !<br \/>\nNon seulement ils sont plus antid\u00e9rapants et confortables que la wax, mais surtout leur relief\u00a0 vous aide \u00e0 avoir un placement optimal en faisant \u201csentir\u201d l\u2019axe de la planche sous les pieds et en permettant une \u201cm\u00e9moire sensitive\u201d \u00e0 chaque mont\u00e9e.<br \/>\nEn effet, d\u00e8s que vous montez sur votre planche le moindre d\u00e9centrage vous d\u00e9stabilise et vous fait perdre votre vitesse. Avec seulement de la wax vous ne pouvez pas\u201dsentir\u201d la position de vos pieds.<br \/>\nDe plus, le pied arri\u00e8re doit parfois se placer \u00e0 l\u2019extr\u00e9mit\u00e9 de la planche, comme en skate, et le <strong><em>Tail Block \/Talon relev\u00e9<\/em><\/strong> du grip arri\u00e8re calera votre pied, et vous \u00e9vitera de d\u00e9passer la planche.<\/p>\n<figure class=\"wp-block-image size-large\"><a href=\"https:\/\/skimboard.com\/edenv4\/grips-arrieres\/\"><img loading=\"lazy\" decoding=\"async\" class=\"wp-image-5942\" src=\"https:\/\/skimboard.com\/edenv4\/wp-content\/uploads\/2023\/05\/tailpad-eden-blanc-board-bleu-1024x591.jpg\" sizes=\"auto, (max-width: 1024px) 100vw, 1024px\" srcset=\"https:\/\/skimboard.com\/edenv4\/wp-content\/uploads\/2023\/05\/tailpad-eden-blanc-board-bleu-1024x591.jpg 1024w, https:\/\/skimboard.com\/edenv4\/wp-content\/uploads\/2023\/05\/tailpad-eden-blanc-board-bleu-300x173.jpg 300w, https:\/\/skimboard.com\/edenv4\/wp-content\/uploads\/2023\/05\/tailpad-eden-blanc-board-bleu-768x443.jpg 768w, https:\/\/skimboard.com\/edenv4\/wp-content\/uploads\/2023\/05\/tailpad-eden-blanc-board-bleu-1536x887.jpg 1536w, https:\/\/skimboard.com\/edenv4\/wp-content\/uploads\/2023\/05\/tailpad-eden-blanc-board-bleu-2048x1182.jpg 2048w, https:\/\/skimboard.com\/edenv4\/wp-content\/uploads\/2023\/05\/tailpad-eden-blanc-board-bleu-676x390.jpg 676w\" alt=\"\" width=\"1024\" height=\"591\" \/><\/a><\/figure>\n<p><strong>\u00a0100% des skimboardeurs de bon niveau mettent un <em><a href=\"https:\/\/skimboard.com\/edenv4\/grips-arrieres\/\" data-type=\"page\" data-id=\"1479\">Pad arri\u00e8re<\/a> <\/em>et une <em><a href=\"https:\/\/skimboard.com\/edenv4\/grips\/barres-avant\/\" data-type=\"page\" data-id=\"1476\">Barre avant<\/a><\/em>, et parfois un <em><a href=\"https:\/\/skimboard.com\/edenv4\/pads-avant-full-deck\/\" data-type=\"page\" data-id=\"1483\">Full Deck<\/a><\/em> , ce n\u2019est pas pour rien\u00a0 !<\/strong><\/p>\n<figure class=\"wp-block-image size-large\"><a href=\"https:\/\/skimboard.com\/edenv4\/pads-avant-full-deck\/\"><img loading=\"lazy\" decoding=\"async\" class=\"wp-image-2658\" src=\"https:\/\/skimboard.com\/edenv4\/wp-content\/uploads\/2020\/04\/anton3-1024x805.jpg\" sizes=\"auto, (max-width: 1024px) 100vw, 1024px\" srcset=\"https:\/\/skimboard.com\/edenv4\/wp-content\/uploads\/2020\/04\/anton3-1024x805.jpg 1024w, https:\/\/skimboard.com\/edenv4\/wp-content\/uploads\/2020\/04\/anton3-600x472.jpg 600w, https:\/\/skimboard.com\/edenv4\/wp-content\/uploads\/2020\/04\/anton3-300x236.jpg 300w, https:\/\/skimboard.com\/edenv4\/wp-content\/uploads\/2020\/04\/anton3-768x604.jpg 768w, https:\/\/skimboard.com\/edenv4\/wp-content\/uploads\/2020\/04\/anton3-1536x1208.jpg 1536w, https:\/\/skimboard.com\/edenv4\/wp-content\/uploads\/2020\/04\/anton3-676x531.jpg 676w, https:\/\/skimboard.com\/edenv4\/wp-content\/uploads\/2020\/04\/anton3.jpg 2048w\" alt=\"\" width=\"1024\" height=\"805\" \/><\/a><\/figure>\n<p>Il faudra quand m\u00eame mettre de la wax pour compl\u00e9ter la barre avant, de chaque cot\u00e9, pour bien couvrir toute la planche, sauf si vous optez pour un set Full Deck (photo ci-dessus).<\/p>\n<p>Pour un skimboard le set \u201cFull Deck\u201d n\u2019est pas indispensable, mais il permet de ne pas mettre du tout de wax et de garder la planche propre et constamment \u201cadh\u00e9sive\u201d.\u00a0 En revanche pour les wakesurf et kitesurf, on en met toujours un.<\/p>\n<p>Composez votre propre set en choisissant parmi plusieurs styles de mod\u00e8les, de reliefs et de couleurs.<\/p>\n<p>Les Grips sont autocollants,<strong> nous les collerons gratuitement sur votre planche neuve avant la livraison, sauf indication expresse contraire de votre part.<\/strong><br \/>\nA noter que si vous achetez une planche neuve sans grips, vous devrez la waxer enti\u00e8rement pour l\u2019utiliser, puis si vous d\u00e9cidez finalement d\u2019y coller des grips vous devrez la nettoyer et la d\u00e9graisser enti\u00e8rement sinon la colle ne tiendra pas.\u00a0D\u2019ailleurs la colle tient toujours mieux sur une planche neuve.<br \/>\nDonc autant prendre les grips d\u00e8s le d\u00e9part<\/p>\n<p><strong>Si vous devez coller vous-m\u00eame vos grips, suivre nos <a href=\"https:\/\/skimboard.com\/edenv4\/grips-conseils-de-collage\/\">CONSEILS DE COLLAGE<\/a><\/strong><\/p>\n","protected":false},"excerpt":{"rendered":"<p>Grip arri\u00e8re (traction pad \/ tail pad) anti-d\u00e9rapant sp\u00e9cial skimboard.<\/p>\n","protected":false},"featured_media":5942,"comment_status":"open","ping_status":"closed","template":"","meta":[],"product_brand":[],"product_cat":[84],"product_tag":[],"class_list":{"0":"post-6878","1":"product","2":"type-product","3":"status-publish","4":"has-post-thumbnail","6":"product_cat-grips-de-skimboard","7":"post-preview","9":"first","10":"instock","11":"taxable","12":"shipping-taxable","13":"purchasable","14":"product-type-variable"},"_links":{"self":[{"href":"https:\/\/skimboard.com\/edenv4\/wp-json\/wp\/v2\/product\/6878","targetHints":{"allow":["GET"]}}],"collection":[{"href":"https:\/\/skimboard.com\/edenv4\/wp-json\/wp\/v2\/product"}],"about":[{"href":"https:\/\/skimboard.com\/edenv4\/wp-json\/wp\/v2\/types\/product"}],"replies":[{"embeddable":true,"href":"https:\/\/skimboard.com\/edenv4\/wp-json\/wp\/v2\/comments?post=6878"}],"wp:featuredmedia":[{"embeddable":true,"href":"https:\/\/skimboard.com\/edenv4\/wp-json\/wp\/v2\/media\/5942"}],"wp:attachment":[{"href":"https:\/\/skimboard.com\/edenv4\/wp-json\/wp\/v2\/media?parent=6878"}],"wp:term":[{"taxonomy":"product_brand","embeddable":true,"href":"https:\/\/skimboard.com\/edenv4\/wp-json\/wp\/v2\/product_brand?post=6878"},{"taxonomy":"product_cat","embeddable":true,"href":"https:\/\/skimboard.com\/edenv4\/wp-json\/wp\/v2\/product_cat?post=6878"},{"taxonomy":"product_tag","embeddable":true,"href":"https:\/\/skimboard.com\/edenv4\/wp-json\/wp\/v2\/product_tag?post=6878"}],"curies":[{"name":"wp","href":"https:\/\/api.w.org\/{rel}","templated":true}]}}