{"id":6844,"date":"2023-06-01T19:07:53","date_gmt":"2023-06-01T18:07:53","guid":{"rendered":"https:\/\/skimboard.com\/edenv4\/?post_type=product&#038;p=6844"},"modified":"2026-04-28T19:00:36","modified_gmt":"2026-04-28T18:00:36","slug":"housse-pour-skimboards-adultes","status":"publish","type":"product","link":"https:\/\/skimboard.com\/edenv4\/produit\/housse-pour-skimboards-adultes\/","title":{"rendered":"Housse pour skimboards adultes"},"content":{"rendered":"<p>En toile \u00e9paisse, matelass\u00e9e, doubl\u00e9e, fermeture par zip,\u00a0 poign\u00e9e ergonomique et bandouli\u00e8re. Poche interne \u00e0 velcro pour les petits objets.<br \/>\nFabriqu\u00e9es \u00e0 Bali (le Hawa\u00ef d\u2019Indon\u00e9sie), nos housses sont d\u2019excellentes qualit\u00e9 et sont tr\u00e8s durables.<\/p>\n<p>Pour tous mod\u00e8les de skimboards jusqu\u2019\u00e0 139 cm. On peut rentrer sans probl\u00e8me 2 skimboards. Pour plus de deux skimboards, la housse sac \u00e0 dos est pr\u00e9f\u00e9rable.<\/p>\n<p>Une housse est moins indispensable que les grips, c\u2019est certain, mais elle est quand m\u00eame tr\u00e8s utile pour prot\u00e9ger la planche, pendant le transport ou stock\u00e9e chez vous, et aussi pour prot\u00e9ger votre voiture de la wax fondue (terrible pour les si\u00e8ges \u2026) et du sable coll\u00e9 dessus.<br \/>\nElle sert aussi de sac de plage, et est assez grande pour y mettre, en plus de la planche, votre serviette, la bouteille d\u2019eau etc\u2026<br \/>\nSi vous allez \u00e0 la plage avec un deux-roues, v\u00e9lo ou scooter, le <strong><em><a href=\"https:\/\/skimboard.com\/edenv4\/houssesac\/\" data-type=\"page\" data-id=\"95\">mod\u00e8le sac \u00e0 dos <\/a><\/em><\/strong>vous permettra de porter votre planche et toutes vos affaires confortablement, ainsi qu\u2019en voyage (train, avion).<\/p>\n<p>Pour un stockage prolong\u00e9 (saison d&#8217;hiver) il est recommand\u00e9 de tout rincer (la planche et l&#8217;int\u00e9rieur de la housse), puis de bien laisser s\u00e9cher. Ensuite on peut tout fermer et ranger.<\/p>\n<p>&nbsp;<\/p>\n","protected":false},"excerpt":{"rendered":"<p>Housse pour skimboards adultes.<\/p>\n","protected":false},"featured_media":5930,"comment_status":"open","ping_status":"closed","template":"","meta":[],"product_brand":[],"product_cat":[83],"product_tag":[],"class_list":{"0":"post-6844","1":"product","2":"type-product","3":"status-publish","4":"has-post-thumbnail","6":"product_cat-housses-de-skimboard","7":"post-preview","9":"first","10":"instock","11":"taxable","12":"shipping-taxable","13":"purchasable","14":"product-type-variable"},"_links":{"self":[{"href":"https:\/\/skimboard.com\/edenv4\/wp-json\/wp\/v2\/product\/6844","targetHints":{"allow":["GET"]}}],"collection":[{"href":"https:\/\/skimboard.com\/edenv4\/wp-json\/wp\/v2\/product"}],"about":[{"href":"https:\/\/skimboard.com\/edenv4\/wp-json\/wp\/v2\/types\/product"}],"replies":[{"embeddable":true,"href":"https:\/\/skimboard.com\/edenv4\/wp-json\/wp\/v2\/comments?post=6844"}],"wp:featuredmedia":[{"embeddable":true,"href":"https:\/\/skimboard.com\/edenv4\/wp-json\/wp\/v2\/media\/5930"}],"wp:attachment":[{"href":"https:\/\/skimboard.com\/edenv4\/wp-json\/wp\/v2\/media?parent=6844"}],"wp:term":[{"taxonomy":"product_brand","embeddable":true,"href":"https:\/\/skimboard.com\/edenv4\/wp-json\/wp\/v2\/product_brand?post=6844"},{"taxonomy":"product_cat","embeddable":true,"href":"https:\/\/skimboard.com\/edenv4\/wp-json\/wp\/v2\/product_cat?post=6844"},{"taxonomy":"product_tag","embeddable":true,"href":"https:\/\/skimboard.com\/edenv4\/wp-json\/wp\/v2\/product_tag?post=6844"}],"curies":[{"name":"wp","href":"https:\/\/api.w.org\/{rel}","templated":true}]}}