{"id":6819,"date":"2023-06-01T13:28:17","date_gmt":"2023-06-01T12:28:17","guid":{"rendered":"https:\/\/skimboard.com\/edenv4\/?post_type=product&#038;p=6819"},"modified":"2026-05-15T14:43:55","modified_gmt":"2026-05-15T13:43:55","slug":"skimboards-adultes-zt-classic","status":"publish","type":"product","link":"https:\/\/skimboard.com\/edenv4\/produit\/skimboards-adultes-zt-classic\/","title":{"rendered":"Skimboards Adultes ZT-Classic"},"content":{"rendered":"<p><strong>Guide de taille:<\/strong><br \/>\nGlobalement la planche pos\u00e9e debout doit vous arriver au plexus (poitrine), \u00e0 moduler aussi en fonction de votre poids.<br \/>\n\u2013 131 cm : \u00a0 \u00a0Utilisateur de 1,60 m \u00e0 1,70 m \/ 52 kg \u00e0 73 kg<br \/>\n\u2013 134 cm: \u00a0 \u00a0 Utilisateur de 1,70 m \u00e0 1,80 m \/ 58 kg \u00e0 81 kg<br \/>\n\u2013 \u00a0COMPACT 134 cm : \u00a0Mod\u00e8le \u201c<em>one size fits all<\/em>\u201c, pour utilisateurs de 58 kg \u00e0 85 kg<br \/>\n\u2013 136 : \u00a0De 1,80 m \u00e0 1,90 m \/ 65 kg \u00e0 90 kg<\/p>\n<p><strong>Sur commande uniquement: \u00a0<\/strong>139 cm: \u00a0 Plus de 1,90m \/ 90 kg\u00a0<strong>\u00a0 Voir <a href=\"https:\/\/skimboard.com\/edenv4\/planches-de-skimboard-sur-mesure-et-gammes-comp\/\">Planches sur-mesure et S\u00e9ries PRO<\/a><\/strong><\/p>\n<p><strong>Technique:<\/strong><br \/>\nLa gamme <em><strong>ZT-STANDARD<\/strong><\/em>\u00a0avec un <em><strong>Shape CLASSIC<\/strong><\/em> est la plus courante et est id\u00e9ale pour d\u00e9buter.<br \/>\nLeur shape ovale est le plus polyvalent, Il fonctionne parfaitement dans tous les types de vagues,.<\/p>\n<p>D\u2019une excellente construction, l\u00e9g\u00e8res, durables et performantes, ces planches de skimboard sont int\u00e9gralement fabriqu\u00e9es \u00e0 la main en France, dans notre atelier de Bordeaux.<br \/>\nC\u0153ur en mousse de PVC Airex 100% waterproof, stratifi\u00e9 sous-vide tissu de verre E-glass et r\u00e9sine polyester.<\/p>\n<p>M\u00eame si c\u2019est notre gamme de base, la qualit\u00e9 est largement au-dessus des planches \u201cMade in China\u201d que l\u2019on trouve ordinairement (grande surface du sport etc\u2026), qui ont toutes un coeur en mousse de polyur\u00e9thane ou en polystyr\u00e8ne expans\u00e9 (EPS), fragiles aux coups de talon, et sensibles aux infiltrations d\u2019eau et \u00e0 la chaleur.<\/p>\n<p><strong>\u00c9paisseur:<\/strong> 1,8 cm \u00a0\/ \u00a0l\u2019avant et l\u2019arri\u00e8re de la planche sont plus fins (l\u2019\u00e9paisseur diminue progressivement du milieu vers les extr\u00e9mit\u00e9s) pour plus de r\u00e9activit\u00e9.<\/p>\n<div>\n<p><strong>Poids:<\/strong> entre 2,1 kg et 2,3 kg, ce qui est le poids parfait pour une planche d\u2019entrainement. Gr\u00e2ce \u00e0 la stratification sous-vide le rapport l\u00e9g\u00e8ret\u00e9\/r\u00e9sistance est excellent.<\/p>\n<p>Le dessous de la planche (semelle de glisse) est toujours en blanc pour une meilleure r\u00e9sistance aux rayures.<\/p>\n<p><strong>PROMO !<\/strong>\u00a0\u00a0Pour l\u2019achat d\u2019un skimboard + des grips (Grip arri\u00e8re + barre avant) + une housse, vous b\u00e9n\u00e9ficiez d\u2019une r\u00e9duction de 20% sur la housse choisie \u00a0 Voir: <strong><a href=\"https:\/\/skimboard.com\/edenv4\/bien-equiper-votre-skimboard\/\">Offre PACK<\/a><\/strong><\/p>\n<section class=\"related products\"><\/section>\n<p><strong>En savoir plus:\u00a0<\/strong><br \/>\nSi vous \u00eates particuli\u00e8rement grand ou lourd, ou si vous \u00eates un rider confirm\u00e9, vous aurez sans doute besoin d&#8217;une planche sur-mesure: \u00a0Voir:\u00a0<a href=\"https:\/\/skimboard.com\/edenv4\/planches-de-skimboard-sur-mesure-et-gammes-comp\/\">Planches sur-mesure S\u00e9ries PRO<\/a><\/p>\n<\/div>\n","protected":false},"excerpt":{"rendered":"<p>Planches de skimboard <em>foamie<\/em> pour adultes \u00a0ZT-Classic<\/p>\n","protected":false},"featured_media":5715,"comment_status":"open","ping_status":"closed","template":"","meta":[],"product_brand":[],"product_cat":[81],"product_tag":[],"class_list":{"0":"post-6819","1":"product","2":"type-product","3":"status-publish","4":"has-post-thumbnail","6":"product_cat-skimboards-stock","7":"post-preview","9":"first","10":"instock","11":"taxable","12":"shipping-taxable","13":"purchasable","14":"product-type-variable","15":"has-default-attributes"},"_links":{"self":[{"href":"https:\/\/skimboard.com\/edenv4\/wp-json\/wp\/v2\/product\/6819","targetHints":{"allow":["GET"]}}],"collection":[{"href":"https:\/\/skimboard.com\/edenv4\/wp-json\/wp\/v2\/product"}],"about":[{"href":"https:\/\/skimboard.com\/edenv4\/wp-json\/wp\/v2\/types\/product"}],"replies":[{"embeddable":true,"href":"https:\/\/skimboard.com\/edenv4\/wp-json\/wp\/v2\/comments?post=6819"}],"wp:featuredmedia":[{"embeddable":true,"href":"https:\/\/skimboard.com\/edenv4\/wp-json\/wp\/v2\/media\/5715"}],"wp:attachment":[{"href":"https:\/\/skimboard.com\/edenv4\/wp-json\/wp\/v2\/media?parent=6819"}],"wp:term":[{"taxonomy":"product_brand","embeddable":true,"href":"https:\/\/skimboard.com\/edenv4\/wp-json\/wp\/v2\/product_brand?post=6819"},{"taxonomy":"product_cat","embeddable":true,"href":"https:\/\/skimboard.com\/edenv4\/wp-json\/wp\/v2\/product_cat?post=6819"},{"taxonomy":"product_tag","embeddable":true,"href":"https:\/\/skimboard.com\/edenv4\/wp-json\/wp\/v2\/product_tag?post=6819"}],"curies":[{"name":"wp","href":"https:\/\/api.w.org\/{rel}","templated":true}]}}