{"id":91,"date":"2012-01-01T00:00:01","date_gmt":"2011-12-31T23:00:01","guid":{"rendered":"http:\/\/skimboard.com\/edenv4\/garantie\/"},"modified":"2023-06-04T16:34:10","modified_gmt":"2023-06-04T15:34:10","slug":"garantie","status":"publish","type":"page","link":"https:\/\/skimboard.com\/edenv4\/garantie\/","title":{"rendered":"Garantie et conditions g\u00e9n\u00e9rales de vente"},"content":{"rendered":"<p><a href=\"https:\/\/skimboard.com\/edenv4\/conditions-generales-de-vente\/\"><strong>Conditions g\u00e9n\u00e9rales de vente<\/strong><\/a>, suivre le lien.<\/p>\n<p><strong>GARANTIE:<\/strong><br \/>Tous nos produits sont garantis un an contre tout d\u00e9faut de fabrication.<br \/>Ceci inclut les &#8220;d\u00e9fauts cach\u00e9s&#8221; et les &#8220;fragilit\u00e9s manifestes&#8221;.<\/p>\n<p>Bien \u00e9videmment les d\u00e9g\u00e2ts d\u00fbs \u00e0 l&#8217;utilisation de la planche ne sont pas couverts par la garantie.<br style=\"font-weight: bold;\" \/><br \/><strong>Attention:<\/strong> Nos planches sont fabriqu\u00e9es artisanalement par stratification manuelle sous-vide, ce n&#8217;est pas un produit standardis\u00e9 qui sort d&#8217;un moule, et donc elles ne sont pas exactement identiques de l&#8217;une \u00e0 l&#8217;autre.<br \/>Il peut ainsi y avoir al\u00e9atoirement des &#8220;irr\u00e9gularit\u00e9s&#8221; de surface ou de couleur, qui ne doivent pas \u00eatre consid\u00e9r\u00e9es comme des d\u00e9fauts.<\/p>\n<p><strong> \u00a0Principales irr\u00e9gularit\u00e9s d&#8217;aspect possibles sur les Foamies:<\/strong><\/p>\n<p>&#8211; La partie basse des &#8220;rails&#8221; (bords), tout autour de la planche, peut pr\u00e9senter de l\u00e9gers &#8220;creux&#8221; et &#8220;ondulation&#8221;. Ceci est d\u00fb \u00e0 la puissance du vide (aspiration) utilis\u00e9 pour stratifier la planche qui induit des &#8220;faux plis&#8221; dans les nombreuses couches de tissu de verre qui composent la planche. Cela ne provoque aucune fragilit\u00e9.<br \/>Il y a aussi toujours un &#8220;rebord&#8221;, surtout \u00e0 l&#8217;avant (le Nose) et \u00e0 l&#8217;arri\u00e8re (le Tail), qui correspond \u00e0 la couche de glisse en sur\u00e9paisseur. Nous mettons 6 couches de tissu de verre en renfort, sur et sous le Tail et le Nose, qui s&#8217;ajoutent aux 3 g\u00e9n\u00e9rales, ce qui fait 9 (\u00e0 comparer aux deux \u00a0ou trois d&#8217;un surf &#8230;) . C&#8217;est indispensable car ces zones encaissent beaucoup de chocs, mais bien s\u00fbr \u00e7a se voit.<br \/>Nous pourrions le poncer plus finement, c&#8217;est vrai, mais nous pr\u00e9f\u00e9rons garder toute l&#8217;\u00e9paisseur pour mieux r\u00e9sister \u00e0 l&#8217;usure du sable.<\/p>\n\n\n<figure class=\"wp-block-gallery has-nested-images columns-default is-cropped wp-block-gallery-1 is-layout-flex wp-block-gallery-is-layout-flex\">\n<figure class=\"wp-block-image size-large\"><img loading=\"lazy\" decoding=\"async\" width=\"1024\" height=\"682\" data-id=\"6664\" src=\"https:\/\/skimboard.com\/edenv4\/wp-content\/uploads\/2023\/05\/nose-rebord-1024x682.jpg\" alt=\"\" class=\"wp-image-6664\" srcset=\"https:\/\/skimboard.com\/edenv4\/wp-content\/uploads\/2023\/05\/nose-rebord-1024x682.jpg 1024w, https:\/\/skimboard.com\/edenv4\/wp-content\/uploads\/2023\/05\/nose-rebord-scaled-600x400.jpg 600w, https:\/\/skimboard.com\/edenv4\/wp-content\/uploads\/2023\/05\/nose-rebord-300x200.jpg 300w, https:\/\/skimboard.com\/edenv4\/wp-content\/uploads\/2023\/05\/nose-rebord-768x511.jpg 768w, https:\/\/skimboard.com\/edenv4\/wp-content\/uploads\/2023\/05\/nose-rebord-1536x1023.jpg 1536w, https:\/\/skimboard.com\/edenv4\/wp-content\/uploads\/2023\/05\/nose-rebord-2048x1364.jpg 2048w, https:\/\/skimboard.com\/edenv4\/wp-content\/uploads\/2023\/05\/nose-rebord-676x450.jpg 676w\" sizes=\"auto, (max-width: 1024px) 100vw, 1024px\" \/><figcaption class=\"wp-element-caption\">Rebord Nose <\/figcaption><\/figure>\n\n\n\n<figure class=\"wp-block-image size-large\"><img loading=\"lazy\" decoding=\"async\" width=\"1024\" height=\"663\" data-id=\"6663\" src=\"https:\/\/skimboard.com\/edenv4\/wp-content\/uploads\/2023\/05\/tail-rebord-1024x663.jpg\" alt=\"\" class=\"wp-image-6663\" srcset=\"https:\/\/skimboard.com\/edenv4\/wp-content\/uploads\/2023\/05\/tail-rebord-1024x663.jpg 1024w, https:\/\/skimboard.com\/edenv4\/wp-content\/uploads\/2023\/05\/tail-rebord-scaled-600x388.jpg 600w, https:\/\/skimboard.com\/edenv4\/wp-content\/uploads\/2023\/05\/tail-rebord-300x194.jpg 300w, https:\/\/skimboard.com\/edenv4\/wp-content\/uploads\/2023\/05\/tail-rebord-768x497.jpg 768w, https:\/\/skimboard.com\/edenv4\/wp-content\/uploads\/2023\/05\/tail-rebord-1536x994.jpg 1536w, https:\/\/skimboard.com\/edenv4\/wp-content\/uploads\/2023\/05\/tail-rebord-2048x1326.jpg 2048w, https:\/\/skimboard.com\/edenv4\/wp-content\/uploads\/2023\/05\/tail-rebord-676x438.jpg 676w\" sizes=\"auto, (max-width: 1024px) 100vw, 1024px\" \/><figcaption class=\"wp-element-caption\">Rebord Tail<\/figcaption><\/figure>\n<\/figure>\n\n\n<p>&#8211; La couche de finition peut pr\u00e9senter des micro bulles d&#8217;air pi\u00e9g\u00e9es dans la r\u00e9sine. Ces &#8220;trous d&#8217;\u00e9pingle&#8221; ne communiquent pas avec l&#8217;\u00e9paisseur de la planche et ne provoque aucun risque d&#8217;entr\u00e9e d&#8217;eau.<br \/>Il peut \u00e0 l&#8217;inverse y avoir aussi de rares &#8220;reliefs&#8221; dus \u00e0 des poussi\u00e8res englu\u00e9es dans la r\u00e9sine.<\/p>\n<p><img loading=\"lazy\" decoding=\"async\" class=\"alignnone wp-image-6665 size-large\" src=\"https:\/\/skimboard.com\/edenv4\/wp-content\/uploads\/2023\/05\/finition-bleue-1024x569.jpg\" alt=\"\" width=\"1024\" height=\"569\" srcset=\"https:\/\/skimboard.com\/edenv4\/wp-content\/uploads\/2023\/05\/finition-bleue-1024x569.jpg 1024w, https:\/\/skimboard.com\/edenv4\/wp-content\/uploads\/2023\/05\/finition-bleue-scaled-600x334.jpg 600w, https:\/\/skimboard.com\/edenv4\/wp-content\/uploads\/2023\/05\/finition-bleue-300x167.jpg 300w, https:\/\/skimboard.com\/edenv4\/wp-content\/uploads\/2023\/05\/finition-bleue-768x427.jpg 768w, https:\/\/skimboard.com\/edenv4\/wp-content\/uploads\/2023\/05\/finition-bleue-1536x854.jpg 1536w, https:\/\/skimboard.com\/edenv4\/wp-content\/uploads\/2023\/05\/finition-bleue-2048x1139.jpg 2048w, https:\/\/skimboard.com\/edenv4\/wp-content\/uploads\/2023\/05\/finition-bleue-676x376.jpg 676w\" sizes=\"auto, (max-width: 1024px) 100vw, 1024px\" \/><\/p>\n<p>Ces &#8220;irr\u00e9gularit\u00e9s&#8221; ne sont pr\u00e9judiciables ni \u00e0 la marche de la planche ni \u00e0 sa r\u00e9sistance, et donc ne sont pas soumises \u00e0 garantie .<\/p>","protected":false},"excerpt":{"rendered":"<p>Conditions g\u00e9n\u00e9rales de vente, suivre le lien. GARANTIE:Tous nos produits sont garantis un an contre tout d\u00e9faut de fabrication.Ceci inclut les &#8220;d\u00e9fauts cach\u00e9s&#8221; et les &#8220;fragilit\u00e9s manifestes&#8221;. Bien \u00e9videmment les d\u00e9g\u00e2ts d\u00fbs \u00e0 l&#8217;utilisation de la planche ne sont pas couverts par la garantie.Attention: Nos planches sont fabriqu\u00e9es artisanalement par stratification manuelle sous-vide, ce n&#8217;est [&hellip;]<\/p>\n","protected":false},"author":1,"featured_media":0,"parent":0,"menu_order":67,"comment_status":"closed","ping_status":"closed","template":"","meta":{"footnotes":""},"class_list":["post-91","page","type-page","status-publish","hentry","post-preview"],"_links":{"self":[{"href":"https:\/\/skimboard.com\/edenv4\/wp-json\/wp\/v2\/pages\/91","targetHints":{"allow":["GET"]}}],"collection":[{"href":"https:\/\/skimboard.com\/edenv4\/wp-json\/wp\/v2\/pages"}],"about":[{"href":"https:\/\/skimboard.com\/edenv4\/wp-json\/wp\/v2\/types\/page"}],"author":[{"embeddable":true,"href":"https:\/\/skimboard.com\/edenv4\/wp-json\/wp\/v2\/users\/1"}],"replies":[{"embeddable":true,"href":"https:\/\/skimboard.com\/edenv4\/wp-json\/wp\/v2\/comments?post=91"}],"version-history":[{"count":5,"href":"https:\/\/skimboard.com\/edenv4\/wp-json\/wp\/v2\/pages\/91\/revisions"}],"predecessor-version":[{"id":7071,"href":"https:\/\/skimboard.com\/edenv4\/wp-json\/wp\/v2\/pages\/91\/revisions\/7071"}],"wp:attachment":[{"href":"https:\/\/skimboard.com\/edenv4\/wp-json\/wp\/v2\/media?parent=91"}],"curies":[{"name":"wp","href":"https:\/\/api.w.org\/{rel}","templated":true}]}}