{"id":9029,"date":"2025-03-14T16:49:46","date_gmt":"2025-03-14T15:49:46","guid":{"rendered":"https:\/\/skimboard.com\/edenv4\/?page_id=9029"},"modified":"2025-03-14T16:49:46","modified_gmt":"2025-03-14T15:49:46","slug":"grips-conseils-de-collage","status":"publish","type":"page","link":"https:\/\/skimboard.com\/edenv4\/grips-conseils-de-collage\/","title":{"rendered":"Grips: conseils de collage"},"content":{"rendered":"<p><img loading=\"lazy\" decoding=\"async\" class=\"alignnone size-medium wp-image-7203\" src=\"https:\/\/skimboard.com\/edenv4\/wp-content\/uploads\/2023\/06\/carbone-134-grips-blanc-130x300.jpg\" alt=\"\" width=\"130\" height=\"300\" srcset=\"https:\/\/skimboard.com\/edenv4\/wp-content\/uploads\/2023\/06\/carbone-134-grips-blanc-130x300.jpg 130w, https:\/\/skimboard.com\/edenv4\/wp-content\/uploads\/2023\/06\/carbone-134-grips-blanc-scaled-600x1385.jpg 600w, https:\/\/skimboard.com\/edenv4\/wp-content\/uploads\/2023\/06\/carbone-134-grips-blanc-444x1024.jpg 444w, https:\/\/skimboard.com\/edenv4\/wp-content\/uploads\/2023\/06\/carbone-134-grips-blanc-768x1773.jpg 768w, https:\/\/skimboard.com\/edenv4\/wp-content\/uploads\/2023\/06\/carbone-134-grips-blanc-665x1536.jpg 665w, https:\/\/skimboard.com\/edenv4\/wp-content\/uploads\/2023\/06\/carbone-134-grips-blanc-887x2048.jpg 887w, https:\/\/skimboard.com\/edenv4\/wp-content\/uploads\/2023\/06\/carbone-134-grips-blanc-676x1560.jpg 676w, https:\/\/skimboard.com\/edenv4\/wp-content\/uploads\/2023\/06\/carbone-134-grips-blanc-scaled.jpg 1109w\" sizes=\"auto, (max-width: 130px) 100vw, 130px\" \/><\/p>\n\n\n<p><strong>Conseils pour coller des grips sur votre planche:<br><\/strong>si la planche a d\u00e9j\u00e0 \u00e9t\u00e9 utilis\u00e9e et wax\u00e9e il faut IMP\u00c9RATIVEMENT enlever toute trace de wax sur la zone o\u00f9 sera coll\u00e9 le grip !!! Sinon la colle ne tiendra pas DU TOUT !!<br>C&#8217;est pour \u00e7a que c&#8217;est toujours mieux de coller les grips sur la planche neuve, n&#8217;ayant jamais servi.<\/p>\n\n\n\n<p>-Posez votre planche sur une surface &#8220;douce&#8221;, genre moquette\/tapis\/couverture. Surtout PAS sur une surface dure qui rayerait le dessous.<br>Il faut d&#8217;abord racler le plus gros de la wax avec un &#8220;peigne \u00e0 wax&#8221;, \u00e0 d\u00e9faut un bout de plastique genre carte de fid\u00e9lit\u00e9\/CB. Ceci est plus facile quand la wax est ti\u00e9die au soleil avant l&#8217;op\u00e9ration.<br>Une fois le plus gros de la wax racl\u00e9 et \u00e9limin\u00e9, prenez un vieux chiffon pli\u00e9 en tampon et frottez la surface VIGOUREUSEMENT en appuyant FORTEMENT, ce qui va avoir pour effet de chauffer par frottement la surface et faire fondre ce qui reste de wax, qui restera coll\u00e9e au chiffon. Quand le chiffon est trop sali d&#8217;un cot\u00e9, retournez le. Une fois que m\u00eame en frottant fort \u00e7a ne laisse plus de trace sur le chiffon propre, c&#8217;est OK. Avec du Sopalin \u00e7a marche aussi mais \u00e7a accroche moins et il faut frotter encore plus fort&nbsp;&nbsp; :((<\/p>\n\n\n\n<p>-Puis il faut D\u00c9GRAISSER la zone, qui semble propre mais qui en r\u00e9alit\u00e9 est grasse (la wax c&#8217;est de la cire, c&#8217;est gras). La solution &#8220;pro&#8221; c&#8217;est d&#8217;utiliser de &#8220;l&#8217;essence min\u00e9rale F&#8221; (environ 6\u20ac le litre chez Leroy-Merlin) en frottant avec un chiffon\/Sopalin imbib\u00e9. R\u00e9p\u00e9tez l&#8217;op\u00e9ration sur le m\u00eame principe que pr\u00e9c\u00e9demment, quand le chiffon reste propre c&#8217;est que c&#8217;est OK, s&#8217;il se salit on recommence encore une fois sur un coin de chiffon propre.<br>Si vous n&#8217;avez pas possibilit\u00e9 d&#8217;utiliser de &#8220;l&#8217;essence min\u00e9rale F&#8221;, vous pouvez employer de l&#8217;alcool \u00e0 br\u00fbler, ou un produit de nettoyage m\u00e9nager d\u00e9graissant PUISSANT. Mais \u00e7a marche moins bien.<\/p>\n\n\n\n<p>Pour coller correctement le grip:<br>-Posez votre planche sur une surface &#8220;douce&#8221;, genre moquette\/tapis\/couverture.&nbsp;<\/p>\n\n\n\n<p>-D\u00e9terminer l&#8217;emplacement du grip sur votre planche, en dessinant le pourtour de votre grip au crayon ! Voir la <a href=\"http:\/\/skimboard.com\/edenv4\/grips\/\">photo du site<\/a> pour visualiser le bon emplacement, c&#8217;est IMPORTANT !<br>Pour le grip arri\u00e8re, essayez de le placer au maximum vers le tail (l&#8217;arri\u00e8re), \u00e0 environ&nbsp; 6cm, mais sans que le grip ne &#8220;morde&#8221; sur l&#8217;arrondi des rails.<br>Pour le grip avant, bien sur l&#8217;axe central et avanc\u00e9 \u00e0 20 cm du nose (pointe avant).<\/p>\n\n\n\n<p>&#8211; Pour les grips en plusieurs parties, proc\u00e9dez parties apr\u00e8s parties.<\/p>\n\n\n\n<p>Enlevez le papier de protection du grip (ou partie de grip) \u00e0 coller, posez le grip colle vers le haut sur une surface r\u00e9sistante \u00e0 la chaleur (carrelage&#8230;) prenez un s\u00e8che-cheveux (r\u00e9glage le plus chaud possible) et chauffez la colle de votre grip&nbsp; pendant environ 10 seconde, en &#8220;balayant&#8221; toute la surface lentement, et en tenant le bec du s\u00e8che-cheveux tr\u00e8s proche du grip (faut que \u00e7a chauffe !). Id\u00e9alement la colle doit &#8220;blanchir&#8221; l\u00e9g\u00e8rement.<br>Ensuite placez rapidement votre partie de grip sur la planche, en suivant les marques au crayon, sans lui laisser le temps de refroidir, et appuyez FORTEMENT sur toute sa surface, en commen\u00e7ant par le CENTRE du grip, et en finissant par les bords afin de chasser les bulles d&#8217;air vers l&#8217;ext\u00e9rieur.<br>Si vous avez fait une petite erreur de positionnement, ne d\u00e9collez\/recollez pas votre grip pour si peu, la colle n&#8217;appr\u00e9cierait pas, et ce n&#8217;est pas un centim\u00e8tre de plus ou de moins qui changera quoi que ce soit \u00e0 l&#8217;utilisation.<\/p>\n\n\n\n<p>Ne pas chauffer la planche au s\u00e8che-cheveux car \u00e7a peut la d\u00e9t\u00e9riorer !<\/p>\n\n\n\n<p>&#8211; Votre grip est coll\u00e9, il vous suffit d\u2019attendre 12h\/24h avant la mise \u00e0 l\u2019eau. Certains vont \u00e0 l&#8217;eau tout de suite apr\u00e8s, je sais, mais c&#8217;est mieux de laisser la colle faire bien son travail&nbsp;&nbsp; \ud83d\ude09<\/p>\n\n\n\n<p>-Si vous n&#8217;avez pas de s\u00e8che-cheveux mais qu&#8217;il fait chaud, vous pouvez laisser la planche et le grip (cot\u00e9 papier de protection) au soleil jusqu&#8217;\u00e0 ce qu&#8217;ils soient ti\u00e8des au toucher, dans ce cas il ne faut PAS enlever le papier de protection pendant l&#8217;exposition au soleil mais seulement au moment du collage final. C&#8217;est quand m\u00eame moins efficace que le s\u00e8che-cheveux (sauf sous les tropiques&#8230;).<br>Si vous n&#8217;avez ni s\u00e8che-cheveux, ni chaud soleil, ni d\u00e9capeur thermique \u00e0 air chaud (r\u00e9glage m\u00e9dium, \u00e7a fait la m\u00eame chose que le s\u00e8che-cheveux), vous pouvez le coller \u00e0 temp\u00e9rature ambiante, mais c&#8217;est nettement moins efficace et nous ne garantissons pas la tenue dans le temps. Dans ce cas il est imp\u00e9ratif d&#8217;attendre 24\/48Heures avant mise \u00e0 l&#8217;eau.<\/p>\n","protected":false},"excerpt":{"rendered":"<p>Conseils pour coller des grips sur votre planche:si la planche a d\u00e9j\u00e0 \u00e9t\u00e9 utilis\u00e9e et wax\u00e9e il faut IMP\u00c9RATIVEMENT enlever toute trace de wax sur la zone o\u00f9 sera coll\u00e9 le grip !!! Sinon la colle ne tiendra pas DU TOUT !!C&#8217;est pour \u00e7a que c&#8217;est toujours mieux de coller les grips sur la planche [&hellip;]<\/p>\n","protected":false},"author":2,"featured_media":0,"parent":0,"menu_order":0,"comment_status":"closed","ping_status":"closed","template":"","meta":{"footnotes":""},"class_list":["post-9029","page","type-page","status-publish","hentry","post-preview"],"_links":{"self":[{"href":"https:\/\/skimboard.com\/edenv4\/wp-json\/wp\/v2\/pages\/9029","targetHints":{"allow":["GET"]}}],"collection":[{"href":"https:\/\/skimboard.com\/edenv4\/wp-json\/wp\/v2\/pages"}],"about":[{"href":"https:\/\/skimboard.com\/edenv4\/wp-json\/wp\/v2\/types\/page"}],"author":[{"embeddable":true,"href":"https:\/\/skimboard.com\/edenv4\/wp-json\/wp\/v2\/users\/2"}],"replies":[{"embeddable":true,"href":"https:\/\/skimboard.com\/edenv4\/wp-json\/wp\/v2\/comments?post=9029"}],"version-history":[{"count":4,"href":"https:\/\/skimboard.com\/edenv4\/wp-json\/wp\/v2\/pages\/9029\/revisions"}],"predecessor-version":[{"id":9268,"href":"https:\/\/skimboard.com\/edenv4\/wp-json\/wp\/v2\/pages\/9029\/revisions\/9268"}],"wp:attachment":[{"href":"https:\/\/skimboard.com\/edenv4\/wp-json\/wp\/v2\/media?parent=9029"}],"curies":[{"name":"wp","href":"https:\/\/api.w.org\/{rel}","templated":true}]}}