{"id":83,"date":"2012-01-01T00:00:01","date_gmt":"2011-12-31T23:00:01","guid":{"rendered":"http:\/\/skimboard.com\/edenv4\/surfbali\/"},"modified":"2017-06-29T10:45:47","modified_gmt":"2017-06-29T09:45:47","slug":"surfbali","status":"publish","type":"page","link":"https:\/\/skimboard.com\/edenv4\/surfbali\/","title":{"rendered":"Surf trip EDEN \u00e0 Bali, automne 2010"},"content":{"rendered":"<p>Quelques photos de moi en surf, pour une fois, car je suis bien meilleur en surf qu&#8217;en skim.<br \/>\nIl s&#8217;agit plus exactement de &#8220;kneeboard&#8221;, sachant qu&#8217;au dessus de 2m de vague je n&#8217;assure pas vraiment en position debout classique, handicap\u00e9 par ma taille (1,90m) et mon manque de puissance dans les jambes.<\/p>\n<p>La planche est un hybride surf\/kneeboard (utilisable dans les 2 positions) avec un shape tr\u00e8s sp\u00e9cial (2,10m x 56cm, tr\u00e8s \u00e9paisse), shap\u00e9e maison comme toutes mes planches.<\/p>\n<p>Le spot est Balangan, sur le Bukit de Bali (Indon\u00e9sie), pendant la grosse houle d&#8217;octobre et novembre. Les vagues sont diff\u00e9rentes sur chaque photos.<\/p>\n<p><a class=\"jcepopup icon-top-right\" href=\"http:\/\/www.skimboard.com\/edenv3\/images\/images_diverses_surf_etc\/surf_1447_gros.JPG\" target=\"_blank\" rel=\"noopener noreferrer\" type=\"image\"><span class=\"jcemediabox-zoom-span\" title=\"surf 1447 petit\"><img loading=\"lazy\" decoding=\"async\" src=\"http:\/\/www.skimboard.com\/edenv3\/images\/images_diverses_surf_etc\/surf_1447_petit.jpg\" alt=\"surf 1447 petit\" width=\"400\" height=\"228\" \/><\/span><\/a><\/p>\n<p><a class=\"jcepopup icon-top-right\" href=\"http:\/\/www.skimboard.com\/edenv3\/images\/images_diverses_surf_etc\/surf_8009%20gros.JPG\" target=\"_blank\" rel=\"noopener noreferrer\" type=\"image\"><span class=\"jcemediabox-zoom-span\" title=\"surf 8009 petit\"><img loading=\"lazy\" decoding=\"async\" src=\"http:\/\/www.skimboard.com\/edenv3\/images\/images_diverses_surf_etc\/surf_8009_petit.jpg\" alt=\"surf 8009 petit\" width=\"400\" height=\"223\" \/><\/span><\/a><\/p>\n<p><a class=\"jcepopup icon-top-right\" href=\"http:\/\/www.skimboard.com\/edenv3\/images\/images_diverses_surf_etc\/surf_8013_gros.JPG\" target=\"_blank\" rel=\"noopener noreferrer\" type=\"image\"><span class=\"jcemediabox-zoom-span\" title=\"surf 8013 petit\"><img loading=\"lazy\" decoding=\"async\" src=\"http:\/\/www.skimboard.com\/edenv3\/images\/images_diverses_surf_etc\/surf_8013_petit.jpg\" alt=\"surf 8013 petit\" width=\"400\" height=\"210\" \/><\/span><\/a><\/p>\n","protected":false},"excerpt":{"rendered":"<p>Quelques photos de moi en surf, pour une fois, car je suis bien meilleur en surf qu&#8217;en skim. Il s&#8217;agit plus exactement de &#8220;kneeboard&#8221;, sachant qu&#8217;au dessus de 2m de vague je n&#8217;assure pas vraiment en position debout classique, handicap\u00e9 par ma taille (1,90m) et mon manque de puissance dans les jambes. La planche est [&hellip;]<\/p>\n","protected":false},"author":1,"featured_media":0,"parent":0,"menu_order":46,"comment_status":"closed","ping_status":"closed","template":"","meta":{"footnotes":""},"class_list":["post-83","page","type-page","status-publish","hentry","post-preview"],"_links":{"self":[{"href":"https:\/\/skimboard.com\/edenv4\/wp-json\/wp\/v2\/pages\/83","targetHints":{"allow":["GET"]}}],"collection":[{"href":"https:\/\/skimboard.com\/edenv4\/wp-json\/wp\/v2\/pages"}],"about":[{"href":"https:\/\/skimboard.com\/edenv4\/wp-json\/wp\/v2\/types\/page"}],"author":[{"embeddable":true,"href":"https:\/\/skimboard.com\/edenv4\/wp-json\/wp\/v2\/users\/1"}],"replies":[{"embeddable":true,"href":"https:\/\/skimboard.com\/edenv4\/wp-json\/wp\/v2\/comments?post=83"}],"version-history":[{"count":1,"href":"https:\/\/skimboard.com\/edenv4\/wp-json\/wp\/v2\/pages\/83\/revisions"}],"predecessor-version":[{"id":1444,"href":"https:\/\/skimboard.com\/edenv4\/wp-json\/wp\/v2\/pages\/83\/revisions\/1444"}],"wp:attachment":[{"href":"https:\/\/skimboard.com\/edenv4\/wp-json\/wp\/v2\/media?parent=83"}],"curies":[{"name":"wp","href":"https:\/\/api.w.org\/{rel}","templated":true}]}}