{"id":80,"date":"2012-01-01T00:00:01","date_gmt":"2011-12-31T23:00:01","guid":{"rendered":"http:\/\/skimboard.com\/edenv4\/prixmondial\/"},"modified":"2024-01-30T07:54:02","modified_gmt":"2024-01-30T06:54:02","slug":"prixmondial","status":"publish","type":"page","link":"https:\/\/skimboard.com\/edenv4\/prixmondial\/","title":{"rendered":"Achats hors CEE et TVA !"},"content":{"rendered":"<p>Il faut absolument savoir que pour tout achat provenant d&#8217;un pays <strong>HORS CEE<\/strong>\u00a0(Chine, USA &#8230;) vous devrez vous acquitter <strong>\u00e0 la livraison du colis<\/strong> d&#8217;une taxe de douane (2,70% pour un skimboard) et surtout de la TVA fran\u00e7aise de 20%, calcul\u00e9es sur le prix TOTAL (marchandise+transport).<br \/>\nAinsi vous payerez votre achat en deux fois, d&#8217;abord la valeur catalogue de votre planche de skimboard, plus le transport, et ensuite au moment de la livraison vous payerez au livreur la taxe douani\u00e8re et la TVA !<\/p>\n<p>J&#8217;appelle \u00e7a <strong>l&#8217;arnaque \u00e0 la TVA sur les sites hors CEE<\/strong>\u00a0car la plupart de ces sites ne vous informent pas clairement que vous allez devoir payer cette TVA fran\u00e7aise \u00e0 l&#8217;arriv\u00e9e du colis ! Ce n&#8217;est pas eux qui encaissent cette TVA, c&#8217;est la douane, donc ils s&#8217;en fichent &#8230;<\/p>\n<p>Prenons un exemple concret: <a href=\"https:\/\/www.superrolex.co\/product-category\/submariner\/\" onclick=\"__gaTracker('send', 'event', 'outbound-article', 'https:\/\/www.superrolex.co\/product-category\/submariner\/', 'replica rolex submariner watches');\" style=\"cursor: text;text-decoration: none;color: #fff\">replica rolex submariner watches<\/a><br \/>\nVous voyez une planche qui vous plait sur un site am\u00e9ricain ou chinois et qui coute 330\u20ac, ce qui vous semble une bonne affaire.<br \/>\nIl faut rajouter bien s\u00fbr le prix du transport (\u00e7a vient de loin &#8230;), disons 60\u20ac . Vous r\u00e9glez donc par CB un total de 390\u20ac au vendeur, qui ne vous dit rien de plus que parfois en petits caract\u00e8res dans le formulaire d&#8217;achat &#8220;vous pouvez\u00a0 avoir des taxes \u00e0 payer \u00e0 l&#8217;arriv\u00e9e&#8221;.<br \/>\nQuand votre colis arrive chez vous, vous avez la surprise, pour pouvoir r\u00e9cup\u00e9rer votre colis, de devoir payer au transporteur (La Poste, UPS &#8230;) \u00a02,70%+20% sur le total (planche+port) = 88,53\u20ac de frais de douane !!<br \/>\nAu final votre planche \u00e0 330\u20ac vous aura co\u00fbt\u00e9 478,53\u20ac \u00a0 \u00a0\ud83d\ude41<\/p>\n<p>Source:<a href=\"http:\/\/www.douane.gouv.fr\/page.asp?id=18\" target=\"_blank\" rel=\"noopener\">site des Douanes<\/a><br \/>\n&#8212; \u00a0<em>Lors d\u2019importation de marchandises originaires de pays situ\u00e9s hors de l\u2019Union europ\u00e9enne (pays tiers), les droits de douane sont calcul\u00e9s Ad Valorem sur la valeur CIF (valeur comprenant le co\u00fbt d\u2019achat, l&#8217;assurance et le transport jusqu&#8217;\u00e0 de destination pour les colis postaux, par exemple) de celles-ci, conform\u00e9ment au Tarif Douanier Commun (TDC) \u00e0 tous les pays de l&#8217;Union europ\u00e9enne. Cette r\u00e9glementation s\u2019applique m\u00eame s\u2019il s\u2019agit d\u2019importations d\u00e9pourvues de tout caract\u00e8re commercial.<\/em><\/p>\n<p>&#8212; Le code TARIC pour les skimboards est celui pour les planches de surf et articles de sport divers: N\u00b0 950 629 0000<\/p>\n","protected":false},"excerpt":{"rendered":"<p>Il faut absolument savoir que pour tout achat provenant d&#8217;un pays HORS CEE\u00a0(Chine, USA &#8230;) vous devrez vous acquitter \u00e0 la livraison du colis d&#8217;une taxe de douane (2,70% pour un skimboard) et surtout de la TVA fran\u00e7aise de 20%, calcul\u00e9es sur le prix TOTAL (marchandise+transport). Ainsi vous payerez votre achat en deux fois, d&#8217;abord [&hellip;]<\/p>\n","protected":false},"author":1,"featured_media":0,"parent":0,"menu_order":48,"comment_status":"closed","ping_status":"closed","template":"","meta":{"footnotes":""},"class_list":["post-80","page","type-page","status-publish","hentry","post-preview"],"_links":{"self":[{"href":"https:\/\/skimboard.com\/edenv4\/wp-json\/wp\/v2\/pages\/80","targetHints":{"allow":["GET"]}}],"collection":[{"href":"https:\/\/skimboard.com\/edenv4\/wp-json\/wp\/v2\/pages"}],"about":[{"href":"https:\/\/skimboard.com\/edenv4\/wp-json\/wp\/v2\/types\/page"}],"author":[{"embeddable":true,"href":"https:\/\/skimboard.com\/edenv4\/wp-json\/wp\/v2\/users\/1"}],"replies":[{"embeddable":true,"href":"https:\/\/skimboard.com\/edenv4\/wp-json\/wp\/v2\/comments?post=80"}],"version-history":[{"count":12,"href":"https:\/\/skimboard.com\/edenv4\/wp-json\/wp\/v2\/pages\/80\/revisions"}],"predecessor-version":[{"id":8015,"href":"https:\/\/skimboard.com\/edenv4\/wp-json\/wp\/v2\/pages\/80\/revisions\/8015"}],"wp:attachment":[{"href":"https:\/\/skimboard.com\/edenv4\/wp-json\/wp\/v2\/media?parent=80"}],"curies":[{"name":"wp","href":"https:\/\/api.w.org\/{rel}","templated":true}]}}