{"id":78,"date":"2012-01-01T00:00:01","date_gmt":"2011-12-31T23:00:01","guid":{"rendered":"http:\/\/skimboard.com\/edenv4\/conseils\/"},"modified":"2025-05-20T12:44:35","modified_gmt":"2025-05-20T11:44:35","slug":"conseils","status":"publish","type":"page","link":"https:\/\/skimboard.com\/edenv4\/conseils\/","title":{"rendered":"Guide d&#8217;achat pour choisir son skimboard"},"content":{"rendered":"<p style=\"text-align: left;\">1\/ QUI PEUT FAIRE DU SKIMBOARD ?<br \/>\n2\/ CHOISIR UN SKIMBOARD BOIS, MOUSSE OU FOAMIE ?<br \/>\n3\/ CHOISIR UNE MARQUE DE SKIMBOARD ET SON PRIX<\/p>\n<p><strong>1\/ QUI PEUT FAIRE DU SKIMBOARD ?<\/strong><br \/>\nA mon avis le crit\u00e8re principal c&#8217;est l&#8217;\u00e2ge et la souplesse, comme pour le skateboard, le bicross, et tous ces sports o\u00f9 l&#8217;on prend des gamelles tout le temps.<br \/>\nLe skimboard est un sport &#8220;de jeunes&#8221;, plus que le surf, et plus on s&#8217;y met tard plus c&#8217;est dur, comme presque tous les sports de glisse malheureusement&#8230;.<br \/>\nPour avoir une chance de devenir un authentique champion de la &#8220;vague du bord&#8221; il faut commencer adolescent.\u00a0Mais si on sait d\u00e9j\u00e0 en faire, on peut pratiquer jusqu&#8217;\u00e0 un \u00e2ge &#8220;avanc\u00e9&#8221; \u00a0\ud83d\ude09<br \/>\nIl n&#8217;y a pas de morphologie typique \u00e0 avoir pour pratiquer le skimboard, certains champions sont petits et fins, d&#8217;autres font 1,90m, ou sont tr\u00e8s baraqu\u00e9s. Seul le surpoids est un probl\u00e8me, car il ralentit la course et la planche glisse moins bien.<br \/>\nGlobalement il faut \u00eatre souple et rapide, et voil\u00e0 tout.<br \/>\nLa pratique du surf ou du snowboard peut aider, mais moins que celle de l&#8217;athl\u00e9tisme ou du skateboard.<br \/>\nPrendre des vagues comme on le voit sur les vid\u00e9os des champions c&#8217;est quelque chose de vraiment difficile, il faut le savoir. En revanche courir derri\u00e8re sa planche et glisser dessus autant qu&#8217;on veut, sur une plage au soleil, au lieu de s&#8217;ennuyer sur sa serviette, \u00e7a c&#8217;est facile et faisable m\u00eame apr\u00e8s 35 ans (avec une bonne condition physique !) et en famille. \u00a0Et c&#8217;est aussi \u00e7a, l&#8217;esprit du skimboard \ud83d\ude42<br \/>\n<img loading=\"lazy\" decoding=\"async\" class=\"alignnone size-large wp-image-5935\" src=\"https:\/\/skimboard.com\/edenv4\/wp-content\/uploads\/2023\/05\/pads-eden_2boards-874x1024.jpg\" alt=\"\" width=\"676\" height=\"792\" srcset=\"https:\/\/skimboard.com\/edenv4\/wp-content\/uploads\/2023\/05\/pads-eden_2boards-874x1024.jpg 874w, https:\/\/skimboard.com\/edenv4\/wp-content\/uploads\/2023\/05\/pads-eden_2boards-scaled-600x703.jpg 600w, https:\/\/skimboard.com\/edenv4\/wp-content\/uploads\/2023\/05\/pads-eden_2boards-256x300.jpg 256w, https:\/\/skimboard.com\/edenv4\/wp-content\/uploads\/2023\/05\/pads-eden_2boards-768x900.jpg 768w, https:\/\/skimboard.com\/edenv4\/wp-content\/uploads\/2023\/05\/pads-eden_2boards-1311x1536.jpg 1311w, https:\/\/skimboard.com\/edenv4\/wp-content\/uploads\/2023\/05\/pads-eden_2boards-1749x2048.jpg 1749w, https:\/\/skimboard.com\/edenv4\/wp-content\/uploads\/2023\/05\/pads-eden_2boards-676x792.jpg 676w\" sizes=\"auto, (max-width: 676px) 100vw, 676px\" \/><\/p>\n<p><strong>2\/ CHOISIR UN SKIMBOARD BOIS, MOUSSE, OU &#8220;FOAMIE&#8221; ?<\/strong><br \/>\nVu la diff\u00e9rence de prix et la diff\u00e9rence de pratique que ce choix implique, il faut bien y r\u00e9fl\u00e9chir avant tout achat. <a style=\"text-decoration: none;\" href=\"https:\/\/www.superwatches.cc\/product-category\/rolex\/\"><span style=\"color: #fff;\">fake rolex watch<\/span><\/a><\/p>\n<p><strong>&#8211; SKIMBOARD BOIS:<\/strong><br \/>\nConstitu\u00e9e de contreplaqu\u00e9 r\u00e9sistant \u00e0 l&#8217;eau, galb\u00e9, et recouvert de vernis ou de peinture. Les skims bois &#8220;\u00e0 35\u20ac&#8221; que l&#8217;on trouve facilement partout en France sont \u00a0tr\u00e8s \u00e9conomiques mais jamais durables, n&#8217;esp\u00e9rez pas la garder plus d&#8217;un \u00e9t\u00e9.<br \/>\nNous fabriquons depuis 1989 des skims en bois, EDEN et HELL&#8217;S, d&#8217;excellente qualit\u00e9 et durables, <a href=\"https:\/\/skimboard.com\/edenv4\/produit\/skimboards-en-bois\/\">voir notre boutique\u00a0<\/a><\/p>\n<p><strong style=\"font-size: inherit;\">Un skimboard bois conviendra pour:<\/strong><\/p>\n<ul>\n<li>Un usage uniquement sur le sable plat (= le\u00a0<strong><em>Flat)<\/em><\/strong><\/li>\n<li>Un enfant ou ado, qui n&#8217;a jamais essay\u00e9 le skim, qui n&#8217;est pas s\u00fbr d&#8217;\u00eatre assez sportif pour progresser vraiment, ou qui n&#8217;en fera que\u00a0quelques jours par an.<\/li>\n<li>Un budget vraiment tr\u00e8s limit\u00e9.<\/li>\n<li>C&#8217;est la planche typique du gamin qui passe une semaine \u00e0 la plage et veut essayer le skim. Mais il ne faut pas lui en demander plus &#8230;<\/li>\n<\/ul>\n<p><img loading=\"lazy\" decoding=\"async\" class=\"alignnone size-full wp-image-887\" src=\"https:\/\/skimboard.com\/edenv4\/wp-content\/uploads\/2017\/06\/debutant.jpg\" alt=\"\" width=\"259\" height=\"194\" \/><\/p>\n<p><strong>Un skimboard bois ne vous permettra pas<\/strong> de glisser sur de l&#8217;eau plus profonde que quelques centim\u00e8tres, ni d&#8217;\u00e9voluer vers le surf de la vague du bord (le <em>shore-break<\/em>). Cela ne marche tout simplement pas, on coule tout de suite.<br \/>\nNe prenez pas les mod\u00e8les les moins chers genre bazars de plage, ils ne glisseront m\u00eame pas, ou se casseront en deux jours \u00a0\ud83d\ude41<\/p>\n<p><strong>&#8211; PLANCHE EN MOUSSE MOLLE:<br \/>\n<\/strong> Construite comme les bodyboards enti\u00e8rement en mousse poly\u00e9thyl\u00e8ne souple.\u00a0ATTENTION, aucun rapport avec un <em>foamie<\/em>\u00a0en mousse dure + fibre de verre composite !<br \/>\nElles ne glissent pas mieux qu&#8217;une planche en bois. Leur\u00a0seul avantage est qu&#8217;elles ne font pas mal si on tape dedans en courant ou en tombant. Elles sont \u00e0 r\u00e9server \u00e0 de jeunes enfants qui ont peur de se faire mal, et \u00e0 qui elles peuvent donner confiance. Cependant \u00e7a ne change strictement rien aux chutes sur le sable &#8230;.<br \/>\nPour un adulte elles glissent tellement mal que \u00e7a pourra m\u00eame vous d\u00e9go\u00fbter de la pratique du skim\u00a0 \u00a0\ud83d\ude41<\/p>\n<p><strong>-PLANCHE DE SKIMBOARD <em>FOAMIE<\/em><\/strong><em> \u00a0 <\/em>alias \u00a0<em>skimboard epoxy composite fibre de verre, skimboard pro &#8230;<\/em><br \/>\nConstruite en mat\u00e9riaux composites, comme une planche de surf tr\u00e8s fine, avec un noyau en mousse rigide l\u00e9g\u00e8re, d&#8217;o\u00f9 son nom <em>Foamie <\/em>= &#8220;en mousse&#8221; en anglais, recouvert (stratifi\u00e9) de tissu de verre (ou de carbone) et de r\u00e9sine polyester ou epoxy, de la m\u00eame fa\u00e7on qu&#8217;une planche de surf. C&#8217;est ce qui lui permet d&#8217;\u00eatre plus l\u00e9g\u00e8re et rigide qu&#8217;une planche bois, tout en \u00e9tant plus grande et plus porteuse . Mais aussi ce qui la rend beaucoup plus ch\u00e8re.<\/p>\n<p><strong>Une planche de skimboard Foamie vous permettra<\/strong> de vraiment surfer les vagues proches du bord et de r\u00e9aliser des figures de surf, <strong>si vous avez le niveau pour y arriver car ce n&#8217;est pas si facile et la planche ne fait pas tout<\/strong>. Elle est aussi capable de faire la m\u00eame chose qu&#8217;une planche bois, sur le <em>flat<\/em>, et elle glissera bien mieux.<\/p>\n<p><img loading=\"lazy\" decoding=\"async\" class=\"alignnone size-full wp-image-882\" src=\"https:\/\/skimboard.com\/edenv4\/wp-content\/uploads\/2017\/06\/4.jpg\" alt=\"\" width=\"700\" height=\"401\" srcset=\"https:\/\/skimboard.com\/edenv4\/wp-content\/uploads\/2017\/06\/4.jpg 700w, https:\/\/skimboard.com\/edenv4\/wp-content\/uploads\/2017\/06\/4-600x344.jpg 600w, https:\/\/skimboard.com\/edenv4\/wp-content\/uploads\/2017\/06\/4-300x172.jpg 300w, https:\/\/skimboard.com\/edenv4\/wp-content\/uploads\/2017\/06\/4-676x387.jpg 676w\" sizes=\"auto, (max-width: 700px) 100vw, 700px\" \/><\/p>\n<p><strong>Attention:<\/strong> certaines marques (fabriqu\u00e9es en Chine, mais elles ne s&#8217;en vantent pas&#8230;) \u00a0entretiennent la confusion en jouant sur les mots &#8220;Epoxy \/ Fibre \/ Bambou \/ Mousse&#8221; sans qu&#8217;on sache vraiment \u00e0 quoi \u00e7a correspond &#8230; C&#8217;est toujours au final une tromperie sur la qualit\u00e9 \u00a0 \ud83d\ude41<\/p>\n<p><strong>3\/\u00a0 CHOISIR UNE MARQUE DE SKIMBOARD ET SON PRIX:<\/strong><br \/>\n<strong>Un skimboard &#8220;Foamie&#8221; ne pardonne pas la m\u00e9diocrit\u00e9 dans sa construction !\u00a0<\/strong><br \/>\nUn skimboard n&#8217;a ni voile ni moteur, et on ne peut pas ramer une fois lanc\u00e9. Si la planche glisse mal ou est trop lourde, \u00e7a ne marchera jamais bien ! C&#8217;est de l&#8217;argent perdu, comme acheter un v\u00e9lo avec des roues qui coincent !<br \/>\nUn skimboard glisse sur le sable (abrasif), il encaisse des coups de talons, il est roul\u00e9 par les vagues, il prends des chocs, la chaleur du soleil etc&#8230; Si sa qualit\u00e9 de construction est mauvaise il s&#8217;abimera vite, <strong>bien plus qu&#8217;une planche de surf<\/strong> qui ne glisse que dans l&#8217;eau et ne doit jamais taper le sable.<\/p>\n<p><strong>EDEN est la seule marque qui fabrique ses planches de skimboard en France (\u00e0 Bordeaux depuis 1989 !).<\/strong><br \/>\nLes autres grosses marques se disant fran\u00e7aises sont en r\u00e9alit\u00e9 des importateurs ou des &#8220;grandes surfaces du sport&#8221;, \u00a0bas\u00e9s en France mais dont les usines sont en Chine. Seul le logo est fran\u00e7ais \u00a0\ud83d\ude41<br \/>\nLeurs planches sont moul\u00e9es \u00e0 la chaine, avec un\u00a0noyau interne soit en mousse de polyur\u00e9thane, soit en polystyr\u00e8ne expans\u00e9 (EPS),\u00a0qui sont sensibles aux infiltrations d&#8217;eau, aux coups de talons, et gonflent avec la chaleur en risquant de d\u00e9laminer la stratification. \u00a0Pas vraiment id\u00e9al pour la plage &#8230; \u00a0\ud83d\ude41<br \/>\nDonc si c&#8217;est marqu\u00e9 &#8220;Ne pas laisser en pleine chaleur&#8221;, ce n&#8217;est pas bon signe &#8230;<\/p>\n<p>A l&#8217;inverse, EDEN n&#8217;utilise que de la mousse Airex \/ PVC foam (venant de Suisse), la m\u00eame que les marques haut de gamme am\u00e9ricaines emploient pour leurs meilleurs foamies, stratifi\u00e9e sous-vide ce qui offre un bien meilleur rapport poids\/solidit\u00e9 que le moulage !<br \/>\nL&#8217;Airex \/ PVC foam est insensible \u00e0 l&#8217;eau, tr\u00e8s r\u00e9sistant aux coups de talon, et tient en temp\u00e9rature jusqu&#8217;\u00e0 80\u00b0 ! \u00a0Mais il est trop cher pour les usines chinoises, qui doivent assurer de grosses marges commerciales pour les importateurs &#8230;<\/p>\n<p><strong>Conclusions:<\/strong><\/p>\n<ul>\n<li>Demandez bien au vendeur de quel pays vient le skimboard (autre que Eden) qu&#8217;il vous vend (le &#8220;Made in&#8221;).<br \/>\nSi\u00a0dans le descriptif Internet il n&#8217;y a aucune indication claire de provenance, ou qu&#8217;il est seulement \u00e9crit \u00a0&#8220;Con\u00e7u et d\u00e9velopp\u00e9 en France&#8221; \u00a0c&#8217;est que c&#8217;est &#8220;Made in China&#8221;.<br \/>\nLe &#8220;Made in&#8221; n&#8217;est m\u00eame pas toujours indiqu\u00e9 sur la planche elle-m\u00eame car ce n&#8217;est pas une obligation.<br \/>\nEn gros, si ce n&#8217;est pas marqu\u00e9 made in France ou made in USA , c&#8217;est que c&#8217;est made in China.<\/li>\n<li>Soyez attentifs au type de mousse employ\u00e9e pour le coeur\/noyau.<\/li>\n<li>Jugez si vous pensez progresser et garder votre planche longtemps, auquel cas il est int\u00e9ressant d&#8217;investir dans de la qualit\u00e9, ou si c&#8217;est pour un \u00e9t\u00e9 seulement et qu&#8217;un skimboard pas cher est le crit\u00e8re principal.<\/li>\n<\/ul>\n","protected":false},"excerpt":{"rendered":"<p>1\/ QUI PEUT FAIRE DU SKIMBOARD ? 2\/ CHOISIR UN SKIMBOARD BOIS, MOUSSE OU FOAMIE ? 3\/ CHOISIR UNE MARQUE DE SKIMBOARD ET SON PRIX 1\/ QUI PEUT FAIRE DU SKIMBOARD ? A mon avis le crit\u00e8re principal c&#8217;est l&#8217;\u00e2ge et la souplesse, comme pour le skateboard, le bicross, et tous ces sports o\u00f9 l&#8217;on [&hellip;]<\/p>\n","protected":false},"author":1,"featured_media":0,"parent":0,"menu_order":50,"comment_status":"closed","ping_status":"closed","template":"","meta":{"footnotes":""},"class_list":["post-78","page","type-page","status-publish","hentry","post-preview"],"_links":{"self":[{"href":"https:\/\/skimboard.com\/edenv4\/wp-json\/wp\/v2\/pages\/78","targetHints":{"allow":["GET"]}}],"collection":[{"href":"https:\/\/skimboard.com\/edenv4\/wp-json\/wp\/v2\/pages"}],"about":[{"href":"https:\/\/skimboard.com\/edenv4\/wp-json\/wp\/v2\/types\/page"}],"author":[{"embeddable":true,"href":"https:\/\/skimboard.com\/edenv4\/wp-json\/wp\/v2\/users\/1"}],"replies":[{"embeddable":true,"href":"https:\/\/skimboard.com\/edenv4\/wp-json\/wp\/v2\/comments?post=78"}],"version-history":[{"count":26,"href":"https:\/\/skimboard.com\/edenv4\/wp-json\/wp\/v2\/pages\/78\/revisions"}],"predecessor-version":[{"id":9197,"href":"https:\/\/skimboard.com\/edenv4\/wp-json\/wp\/v2\/pages\/78\/revisions\/9197"}],"wp:attachment":[{"href":"https:\/\/skimboard.com\/edenv4\/wp-json\/wp\/v2\/media?parent=78"}],"curies":[{"name":"wp","href":"https:\/\/api.w.org\/{rel}","templated":true}]}}