{"id":76,"date":"2012-01-01T00:00:01","date_gmt":"2011-12-31T23:00:01","guid":{"rendered":"http:\/\/skimboard.com\/edenv4\/diamond\/"},"modified":"2023-05-22T17:09:21","modified_gmt":"2023-05-22T16:09:21","slug":"diamond","status":"publish","type":"page","link":"https:\/\/skimboard.com\/edenv4\/diamond\/","title":{"rendered":"Skimboards\/ La gamme DIAMOND PRO"},"content":{"rendered":"\n<figure class=\"wp-block-gallery has-nested-images columns-4 wp-block-gallery-1 is-layout-flex wp-block-gallery-is-layout-flex\">\n<figure class=\"wp-block-image size-large\"><a href=\"https:\/\/skimboard.com\/edenv4\/acheter\/\"><img loading=\"lazy\" decoding=\"async\" width=\"445\" height=\"1024\" data-id=\"5713\" src=\"https:\/\/skimboard.com\/edenv4\/wp-content\/uploads\/2023\/05\/compact-carbone-445x1024.jpg\" alt=\"\" class=\"wp-image-5713\" srcset=\"https:\/\/skimboard.com\/edenv4\/wp-content\/uploads\/2023\/05\/compact-carbone-445x1024.jpg 445w, https:\/\/skimboard.com\/edenv4\/wp-content\/uploads\/2023\/05\/compact-carbone-scaled-600x1381.jpg 600w, https:\/\/skimboard.com\/edenv4\/wp-content\/uploads\/2023\/05\/compact-carbone-130x300.jpg 130w, https:\/\/skimboard.com\/edenv4\/wp-content\/uploads\/2023\/05\/compact-carbone-768x1768.jpg 768w, https:\/\/skimboard.com\/edenv4\/wp-content\/uploads\/2023\/05\/compact-carbone-667x1536.jpg 667w, https:\/\/skimboard.com\/edenv4\/wp-content\/uploads\/2023\/05\/compact-carbone-889x2048.jpg 889w, https:\/\/skimboard.com\/edenv4\/wp-content\/uploads\/2023\/05\/compact-carbone-676x1557.jpg 676w, https:\/\/skimboard.com\/edenv4\/wp-content\/uploads\/2023\/05\/compact-carbone-scaled.jpg 1112w\" sizes=\"auto, (max-width: 445px) 100vw, 445px\" \/><\/a><figcaption class=\"wp-element-caption\">Shape Classic<\/figcaption><\/figure>\n\n\n\n<figure class=\"wp-block-image size-large\"><a href=\"https:\/\/skimboard.com\/edenv4\/acheter\/\"><img loading=\"lazy\" decoding=\"async\" width=\"481\" height=\"1024\" data-id=\"5701\" src=\"https:\/\/skimboard.com\/edenv4\/wp-content\/uploads\/2023\/05\/big-fish-carbone-481x1024.jpg\" alt=\"\" class=\"wp-image-5701\" srcset=\"https:\/\/skimboard.com\/edenv4\/wp-content\/uploads\/2023\/05\/big-fish-carbone-481x1024.jpg 481w, https:\/\/skimboard.com\/edenv4\/wp-content\/uploads\/2023\/05\/big-fish-carbone-scaled-600x1277.jpg 600w, https:\/\/skimboard.com\/edenv4\/wp-content\/uploads\/2023\/05\/big-fish-carbone-141x300.jpg 141w, https:\/\/skimboard.com\/edenv4\/wp-content\/uploads\/2023\/05\/big-fish-carbone-768x1634.jpg 768w, https:\/\/skimboard.com\/edenv4\/wp-content\/uploads\/2023\/05\/big-fish-carbone-722x1536.jpg 722w, https:\/\/skimboard.com\/edenv4\/wp-content\/uploads\/2023\/05\/big-fish-carbone-963x2048.jpg 963w, https:\/\/skimboard.com\/edenv4\/wp-content\/uploads\/2023\/05\/big-fish-carbone-676x1438.jpg 676w, https:\/\/skimboard.com\/edenv4\/wp-content\/uploads\/2023\/05\/big-fish-carbone-scaled.jpg 1203w\" sizes=\"auto, (max-width: 481px) 100vw, 481px\" \/><\/a><figcaption class=\"wp-element-caption\">Big Fish<\/figcaption><\/figure>\n\n\n\n<figure class=\"wp-block-image size-large\"><a href=\"https:\/\/skimboard.com\/edenv4\/acheter\/\"><img loading=\"lazy\" decoding=\"async\" width=\"344\" height=\"622\" data-id=\"5710\" src=\"https:\/\/skimboard.com\/edenv4\/wp-content\/uploads\/2023\/05\/carbone-rouge.jpg\" alt=\"\" class=\"wp-image-5710\" srcset=\"https:\/\/skimboard.com\/edenv4\/wp-content\/uploads\/2023\/05\/carbone-rouge.jpg 344w, https:\/\/skimboard.com\/edenv4\/wp-content\/uploads\/2023\/05\/carbone-rouge-166x300.jpg 166w\" sizes=\"auto, (max-width: 344px) 100vw, 344px\" \/><\/a><figcaption class=\"wp-element-caption\">Carbone Comp Tie Dye Rouge<\/figcaption><\/figure>\n<\/figure>\n\n\n<p><strong>Prix: 395\u20ac \u00a0 <\/strong>tous mod\u00e8les, toutes tailles. Livraison gratuite France m\u00e9tro, hors Corse.\u00a0<br \/><strong><a href=\"https:\/\/skimboard.com\/edenv4\/acheter\/\"><img loading=\"lazy\" decoding=\"async\" class=\"alignright size-full wp-image-908\" src=\"https:\/\/skimboard.com\/edenv4\/wp-content\/uploads\/2017\/06\/bouton_comment_acheter.jpg\" alt=\"\" width=\"240\" height=\"76\" \/><\/a><\/strong><\/p>\n<p>C&#8217;est une technique de stratification (= construction d&#8217;un composite), ce n&#8217;est pas <strong>une<\/strong> planche mais une <strong>mani\u00e8re<\/strong> de la construire. <br \/>Nos trois shapes (formes de planches) <strong><em><a href=\"https:\/\/skimboard.com\/edenv4\/skimboards-shape-classic\/\" data-type=\"page\" data-id=\"6383\">Classic<\/a> \/ <a href=\"https:\/\/skimboard.com\/edenv4\/skimboard-foamie-big-fish\/\" data-type=\"page\" data-id=\"5980\">Big Fish<\/a> \/ <a href=\"https:\/\/skimboard.com\/edenv4\/skimboards-foamies-dream-liner\/\" data-type=\"page\" data-id=\"2592\">Dream Liner<\/a><\/em><\/strong> sont r\u00e9alisables avec cette stratification <b><i>Diamond PRO<\/i><\/b><br \/>Voir: <a href=\"https:\/\/skimboard.com\/edenv4\/choisirtaille\/\" data-type=\"page\" data-id=\"98\"><strong><em>Choisir le Shape et la taille<\/em><\/strong><\/a> et <a href=\"https:\/\/skimboard.com\/edenv4\/choisirlagamme\/\" data-type=\"page\" data-id=\"145\"><em><strong>Choisir la gamme de stratification<\/strong><\/em><\/a> , de votre planche.<\/p>\n<p>Pour commander une de ces planches, allez sur <a href=\"https:\/\/skimboard.com\/edenv4\/planches-de-skimboard-sur-mesure-et-gammes-comp\/\"><em>Planches sur mesure et gammes Pro<\/em><\/a><\/p>\n<p>Voir notre <a href=\"https:\/\/skimboard.com\/edenv4\/bien-equiper-votre-skimboard\/\">Offre PACK<\/a>: \u00a0pour bien \u00e9quiper votre skimboard avec ses grips et une housse.<\/p>\n<p>Le carbone est tr\u00e8s &#8220;dynamique&#8221; et l\u00e9ger mais relativement sensible aux chocs et \u00e0 la rupture, le S-Glass est un peu moins &#8220;nerveux&#8221;, mais tr\u00e8s r\u00e9sistant. Ils \u00e9taient faits pour s&#8217;entendre !<br \/>Cette gamme \u00a0de stratification est donc constitu\u00e9e d&#8217;un cocktail de tissus de carbone + S-Glass + E-Glass pour la plus grande r\u00e9sistance et r\u00e9activit\u00e9 possible, avec\u00a0une finition carbone!\u00a0<\/p>\n<p>Int\u00e9gralement fabriqu\u00e9es \u00e0 la main en France, dans notre atelier de Bordeaux, c\u0153ur en mousse de PVC Airex 100% waterproof, stratifi\u00e9 sous-vide avec de la r\u00e9sine polyester.<\/p>\n<p><strong>Option <a href=\"https:\/\/skimboard.com\/edenv4\/option-ultra-light\/\">Ultra Light<\/a><\/strong>: Gratuit !! Une couche de E-glass en moins sur le dessus donne une planche plus l\u00e9g\u00e8re et plus nerveuse, mais bien s\u00fbr moins costaud.\u00a0<\/p>\n<p><strong>Options <a href=\"https:\/\/skimboard.com\/edenv4\/renforts-cibles\/\">Renforts cibl\u00e9s<\/a>:<\/strong><strong>\u00a0<\/strong>+<strong>10\u20ac<\/strong>\u00a0 Nous pouvons rajouter des renforts aux endroits &#8220;strat\u00e9giques&#8221;.\u00a0 Recommand\u00e9 seulement pour les riders lourds, ou d\u00e9j\u00e0 exp\u00e9riment\u00e9s et qui savent comment leurs anciennes planches se sont cass\u00e9es.<\/p>\n<p><strong>Coloris:<\/strong><br \/>Dessous blanc pour une meilleure r\u00e9sistance aux rayures.<br \/>Dessus carbone apparent.<br \/>Option carbone color\u00e9\u00a0<strong><a href=\"https:\/\/skimboard.com\/edenv4\/couleurs-disponibles\/\">TIE DYE<\/a>: \u00a0+ 20\u20ac \u00a0<\/strong>Nous proposons une version color\u00e9 du carbone, avec un rendu &#8220;Tie Dye&#8221; qui joue avec la trame noire du carbone.<br \/>Attention, le rendu est al\u00e9atoire, d&#8217;une planche \u00e0 l&#8217;autre c&#8217;est toujours diff\u00e9rent.<\/p>\n\n\n<figure class=\"wp-block-gallery has-nested-images columns-default is-cropped wp-block-gallery-2 is-layout-flex wp-block-gallery-is-layout-flex\">\n<figure class=\"wp-block-image size-large\"><img loading=\"lazy\" decoding=\"async\" width=\"1024\" height=\"678\" data-id=\"5707\" src=\"https:\/\/skimboard.com\/edenv4\/wp-content\/uploads\/2023\/05\/carbone-logo-blanc-1024x678.jpg\" alt=\"\" class=\"wp-image-5707\" srcset=\"https:\/\/skimboard.com\/edenv4\/wp-content\/uploads\/2023\/05\/carbone-logo-blanc-1024x678.jpg 1024w, https:\/\/skimboard.com\/edenv4\/wp-content\/uploads\/2023\/05\/carbone-logo-blanc-scaled-600x398.jpg 600w, https:\/\/skimboard.com\/edenv4\/wp-content\/uploads\/2023\/05\/carbone-logo-blanc-300x199.jpg 300w, https:\/\/skimboard.com\/edenv4\/wp-content\/uploads\/2023\/05\/carbone-logo-blanc-768x509.jpg 768w, https:\/\/skimboard.com\/edenv4\/wp-content\/uploads\/2023\/05\/carbone-logo-blanc-1536x1017.jpg 1536w, https:\/\/skimboard.com\/edenv4\/wp-content\/uploads\/2023\/05\/carbone-logo-blanc-2048x1356.jpg 2048w, https:\/\/skimboard.com\/edenv4\/wp-content\/uploads\/2023\/05\/carbone-logo-blanc-676x448.jpg 676w\" sizes=\"auto, (max-width: 1024px) 100vw, 1024px\" \/><figcaption class=\"wp-element-caption\">Carbone apparent<\/figcaption><\/figure>\n\n\n\n<figure class=\"wp-block-image size-large\"><img loading=\"lazy\" decoding=\"async\" width=\"1024\" height=\"678\" data-id=\"5720\" src=\"https:\/\/skimboard.com\/edenv4\/wp-content\/uploads\/2023\/05\/flag-carbone-1024x678.jpg\" alt=\"\" class=\"wp-image-5720\" srcset=\"https:\/\/skimboard.com\/edenv4\/wp-content\/uploads\/2023\/05\/flag-carbone-1024x678.jpg 1024w, https:\/\/skimboard.com\/edenv4\/wp-content\/uploads\/2023\/05\/flag-carbone-scaled-600x398.jpg 600w, https:\/\/skimboard.com\/edenv4\/wp-content\/uploads\/2023\/05\/flag-carbone-300x199.jpg 300w, https:\/\/skimboard.com\/edenv4\/wp-content\/uploads\/2023\/05\/flag-carbone-768x509.jpg 768w, https:\/\/skimboard.com\/edenv4\/wp-content\/uploads\/2023\/05\/flag-carbone-1536x1017.jpg 1536w, https:\/\/skimboard.com\/edenv4\/wp-content\/uploads\/2023\/05\/flag-carbone-2048x1356.jpg 2048w, https:\/\/skimboard.com\/edenv4\/wp-content\/uploads\/2023\/05\/flag-carbone-676x448.jpg 676w\" sizes=\"auto, (max-width: 1024px) 100vw, 1024px\" \/><figcaption class=\"wp-element-caption\">Carbone Flag<\/figcaption><\/figure>\n\n\n\n<figure class=\"wp-block-image size-large\"><img loading=\"lazy\" decoding=\"async\" width=\"344\" height=\"622\" data-id=\"5710\" src=\"https:\/\/skimboard.com\/edenv4\/wp-content\/uploads\/2023\/05\/carbone-rouge.jpg\" alt=\"\" class=\"wp-image-5710\" srcset=\"https:\/\/skimboard.com\/edenv4\/wp-content\/uploads\/2023\/05\/carbone-rouge.jpg 344w, https:\/\/skimboard.com\/edenv4\/wp-content\/uploads\/2023\/05\/carbone-rouge-166x300.jpg 166w\" sizes=\"auto, (max-width: 344px) 100vw, 344px\" \/><figcaption class=\"wp-element-caption\">Carbone Tie Dye rouge<\/figcaption><\/figure>\n\n\n\n<figure class=\"wp-block-image size-large\"><img loading=\"lazy\" decoding=\"async\" width=\"480\" height=\"440\" data-id=\"5708\" src=\"https:\/\/skimboard.com\/edenv4\/wp-content\/uploads\/2023\/05\/carbone-rouge-flag.jpg\" alt=\"\" class=\"wp-image-5708\" srcset=\"https:\/\/skimboard.com\/edenv4\/wp-content\/uploads\/2023\/05\/carbone-rouge-flag.jpg 480w, https:\/\/skimboard.com\/edenv4\/wp-content\/uploads\/2023\/05\/carbone-rouge-flag-300x275.jpg 300w\" sizes=\"auto, (max-width: 480px) 100vw, 480px\" \/><figcaption class=\"wp-element-caption\">Carbone Tie Dye rouge Flag<\/figcaption><\/figure>\n\n\n\n<figure class=\"wp-block-image size-large\"><img loading=\"lazy\" decoding=\"async\" width=\"477\" height=\"573\" data-id=\"5709\" src=\"https:\/\/skimboard.com\/edenv4\/wp-content\/uploads\/2023\/05\/carbone-rouge-nose.jpg\" alt=\"\" class=\"wp-image-5709\" srcset=\"https:\/\/skimboard.com\/edenv4\/wp-content\/uploads\/2023\/05\/carbone-rouge-nose.jpg 477w, https:\/\/skimboard.com\/edenv4\/wp-content\/uploads\/2023\/05\/carbone-rouge-nose-250x300.jpg 250w\" sizes=\"auto, (max-width: 477px) 100vw, 477px\" \/><figcaption class=\"wp-element-caption\">Carbone Tie Dye Rouge<\/figcaption><\/figure>\n\n\n\n<figure class=\"wp-block-image size-large\"><img loading=\"lazy\" decoding=\"async\" width=\"1024\" height=\"678\" data-id=\"5797\" src=\"https:\/\/skimboard.com\/edenv4\/wp-content\/uploads\/2023\/05\/carbone-blanc-1024x678.jpg\" alt=\"\" class=\"wp-image-5797\" srcset=\"https:\/\/skimboard.com\/edenv4\/wp-content\/uploads\/2023\/05\/carbone-blanc-1024x678.jpg 1024w, https:\/\/skimboard.com\/edenv4\/wp-content\/uploads\/2023\/05\/carbone-blanc-scaled-600x398.jpg 600w, https:\/\/skimboard.com\/edenv4\/wp-content\/uploads\/2023\/05\/carbone-blanc-300x199.jpg 300w, https:\/\/skimboard.com\/edenv4\/wp-content\/uploads\/2023\/05\/carbone-blanc-768x509.jpg 768w, https:\/\/skimboard.com\/edenv4\/wp-content\/uploads\/2023\/05\/carbone-blanc-1536x1017.jpg 1536w, https:\/\/skimboard.com\/edenv4\/wp-content\/uploads\/2023\/05\/carbone-blanc-2048x1356.jpg 2048w, https:\/\/skimboard.com\/edenv4\/wp-content\/uploads\/2023\/05\/carbone-blanc-676x448.jpg 676w\" sizes=\"auto, (max-width: 1024px) 100vw, 1024px\" \/><figcaption class=\"wp-element-caption\">Carbone Tie Dye blanc<\/figcaption><\/figure>\n<\/figure>\n","protected":false},"excerpt":{"rendered":"<p>Prix: 395\u20ac \u00a0 tous mod\u00e8les, toutes tailles. Livraison gratuite France m\u00e9tro, hors Corse.\u00a0 C&#8217;est une technique de stratification (= construction d&#8217;un composite), ce n&#8217;est pas une planche mais une mani\u00e8re de la construire. Nos trois shapes (formes de planches) Classic \/ Big Fish \/ Dream Liner sont r\u00e9alisables avec cette stratification Diamond PROVoir: Choisir le [&hellip;]<\/p>\n","protected":false},"author":1,"featured_media":0,"parent":0,"menu_order":79,"comment_status":"closed","ping_status":"closed","template":"","meta":{"footnotes":""},"class_list":["post-76","page","type-page","status-publish","hentry","post-preview"],"_links":{"self":[{"href":"https:\/\/skimboard.com\/edenv4\/wp-json\/wp\/v2\/pages\/76","targetHints":{"allow":["GET"]}}],"collection":[{"href":"https:\/\/skimboard.com\/edenv4\/wp-json\/wp\/v2\/pages"}],"about":[{"href":"https:\/\/skimboard.com\/edenv4\/wp-json\/wp\/v2\/types\/page"}],"author":[{"embeddable":true,"href":"https:\/\/skimboard.com\/edenv4\/wp-json\/wp\/v2\/users\/1"}],"replies":[{"embeddable":true,"href":"https:\/\/skimboard.com\/edenv4\/wp-json\/wp\/v2\/comments?post=76"}],"version-history":[{"count":19,"href":"https:\/\/skimboard.com\/edenv4\/wp-json\/wp\/v2\/pages\/76\/revisions"}],"predecessor-version":[{"id":6683,"href":"https:\/\/skimboard.com\/edenv4\/wp-json\/wp\/v2\/pages\/76\/revisions\/6683"}],"wp:attachment":[{"href":"https:\/\/skimboard.com\/edenv4\/wp-json\/wp\/v2\/media?parent=76"}],"curies":[{"name":"wp","href":"https:\/\/api.w.org\/{rel}","templated":true}]}}