{"id":6402,"date":"2023-05-20T13:04:56","date_gmt":"2023-05-20T12:04:56","guid":{"rendered":"https:\/\/skimboard.com\/edenv4\/?page_id=6402"},"modified":"2023-06-13T15:57:34","modified_gmt":"2023-06-13T14:57:34","slug":"bien-equiper-votre-skimboard","status":"publish","type":"page","link":"https:\/\/skimboard.com\/edenv4\/bien-equiper-votre-skimboard\/","title":{"rendered":"Bien \u00e9quiper votre skimboard \/ Offre PACK"},"content":{"rendered":"\n<p><\/p>\n\n\n\n<p><strong>Offre PACK:  <\/strong>Pour l&#8217;achat d&#8217;un skimboard + des grips (Grip arri\u00e8re + barre avant) + une housse, vous b\u00e9n\u00e9ficiez d&#8217;une r\u00e9duction de 20% sur la housse choisie  \ud83d\ude42<\/p>\n\n\n\n<p>Il vous suffira de taper au clavier (ou copier\/coller)  le code promo  [<strong>P A  C K<\/strong>]   dans l&#8217;onglet [<strong>code promo<\/strong>] de votre<em><strong> Panier <\/strong><\/em>au moment de finaliser votre commande. Les 20% de r\u00e9duction sur le prix de la housse pr\u00e9sente dans votre panier seront d\u00e9duit du total. <\/p>\n\n\n\n<figure class=\"wp-block-image size-large is-resized\"><a href=\"https:\/\/skimboard.com\/edenv4\/categorie-produit\/grips-de-skimboard\/\"><img loading=\"lazy\" decoding=\"async\" src=\"https:\/\/skimboard.com\/edenv4\/wp-content\/uploads\/2012\/01\/pads-eden-board-bleu-profil-1024x285.jpg\" alt=\"\" class=\"wp-image-1505\" width=\"676\" height=\"188\" srcset=\"https:\/\/skimboard.com\/edenv4\/wp-content\/uploads\/2012\/01\/pads-eden-board-bleu-profil-1024x285.jpg 1024w, https:\/\/skimboard.com\/edenv4\/wp-content\/uploads\/2012\/01\/pads-eden-board-bleu-profil-scaled-600x167.jpg 600w, https:\/\/skimboard.com\/edenv4\/wp-content\/uploads\/2012\/01\/pads-eden-board-bleu-profil-300x83.jpg 300w, https:\/\/skimboard.com\/edenv4\/wp-content\/uploads\/2012\/01\/pads-eden-board-bleu-profil-768x214.jpg 768w, https:\/\/skimboard.com\/edenv4\/wp-content\/uploads\/2012\/01\/pads-eden-board-bleu-profil-676x188.jpg 676w\" sizes=\"auto, (max-width: 676px) 100vw, 676px\" \/><\/a><\/figure>\n\n\n\n<p><br>Voici pourquoi nous vous conseillons absolument d&#8217;\u00e9quiper votre skimboard neuf avec des grips antid\u00e9rapants, et \u00e9ventuellement une housse:<br>Le dessus\u00a0 d&#8217;un skimboard est lisse et glissant, comme celui d&#8217;une planche de surf, il faudra donc OBLIGATOIREMENT le recouvrir d&#8217;un antid\u00e9rapant.<br>Utiliser de la <a href=\"https:\/\/skimboard.com\/edenv4\/produit\/wax-antiderapante\/\">wax \u00e0 surf<\/a> est un minimum, mais il est fortement conseill\u00e9 de mettre des<a href=\"https:\/\/skimboard.com\/edenv4\/categorie-produit\/grips-de-skimboard\/\"> <strong><em>Grips antid\u00e9rapants \/ Traction pads<\/em><\/strong><\/a> pour de meilleures performances !<\/p>\n\n\n\n<p><br>Vous pouvez penser qu&#8217;il s&#8217;agit seulement d&#8217;un &#8220;superflu&#8221; et que nous insistons pour vous en vendre uniquement dans un but commercial, mais c&#8217;est faux, ils sont presque aussi indispensables que les fixations sur des skis !<br>Non seulement ils sont plus antid\u00e9rapants et confortables que la wax, mais surtout leur relief&nbsp; vous aide \u00e0 avoir un placement optimal en faisant &#8220;sentir&#8221; l&#8217;axe de la planche sous les pieds et en permettant une &#8220;m\u00e9moire sensitive&#8221; \u00e0 chaque mont\u00e9e.<br>En effet, d\u00e8s que vous montez sur votre planche le moindre d\u00e9centrage vous d\u00e9stabilise et vous fait perdre votre vitesse. Avec seulement de la wax vous ne pouvez pas&#8221;sentir&#8221; la position de vos pieds, surtout le pied arri\u00e8re, que l&#8217;on ne voit pas.<br>De plus, le pied arri\u00e8re doit parfois se placer \u00e0 l&#8217;extr\u00e9mit\u00e9 de la planche, et le <strong><em>Tail Block \/Talon relev\u00e9<\/em><\/strong> du grip arri\u00e8re calera votre pied et vous \u00e9vitera de d\u00e9passer la planche, comme en skate.<\/p>\n\n\n\n<figure class=\"wp-block-image size-large\"><a href=\"https:\/\/skimboard.com\/edenv4\/produit\/grip-arriere-de-skimboard-pad\/\"><img loading=\"lazy\" decoding=\"async\" width=\"1024\" height=\"591\" src=\"https:\/\/skimboard.com\/edenv4\/wp-content\/uploads\/2023\/05\/tailpad-eden-blanc-board-bleu-1024x591.jpg\" alt=\"\" class=\"wp-image-5942\" srcset=\"https:\/\/skimboard.com\/edenv4\/wp-content\/uploads\/2023\/05\/tailpad-eden-blanc-board-bleu-1024x591.jpg 1024w, https:\/\/skimboard.com\/edenv4\/wp-content\/uploads\/2023\/05\/tailpad-eden-blanc-board-bleu-scaled-600x346.jpg 600w, https:\/\/skimboard.com\/edenv4\/wp-content\/uploads\/2023\/05\/tailpad-eden-blanc-board-bleu-300x173.jpg 300w, https:\/\/skimboard.com\/edenv4\/wp-content\/uploads\/2023\/05\/tailpad-eden-blanc-board-bleu-768x443.jpg 768w, https:\/\/skimboard.com\/edenv4\/wp-content\/uploads\/2023\/05\/tailpad-eden-blanc-board-bleu-1536x887.jpg 1536w, https:\/\/skimboard.com\/edenv4\/wp-content\/uploads\/2023\/05\/tailpad-eden-blanc-board-bleu-2048x1182.jpg 2048w, https:\/\/skimboard.com\/edenv4\/wp-content\/uploads\/2023\/05\/tailpad-eden-blanc-board-bleu-676x390.jpg 676w\" sizes=\"auto, (max-width: 1024px) 100vw, 1024px\" \/><\/a><\/figure>\n\n\n\n<p><strong>&nbsp;100% des skimboardeurs de bon niveau mettent un <em><a href=\"https:\/\/skimboard.com\/edenv4\/produit\/grip-arriere-de-skimboard-pad\/\">Pad arri\u00e8re <\/a><\/em>et une <em><a href=\"https:\/\/skimboard.com\/edenv4\/produit\/barre-avant-arch-bar-pour-skimboard\/\">Barre avant<\/a><\/em>, accompagn\u00e9s parfois d&#8217;un <a href=\"https:\/\/skimboard.com\/edenv4\/produit\/set-full-deck\/\" data-type=\"product\" data-id=\"6901\"><em>Set de grips lat\u00e9raux<\/em><\/a>, ce n&#8217;est pas pour rien&nbsp; !<\/strong> <\/p>\n\n\n\n<figure class=\"wp-block-image size-large\"><img loading=\"lazy\" decoding=\"async\" width=\"1024\" height=\"805\" src=\"https:\/\/skimboard.com\/edenv4\/wp-content\/uploads\/2020\/04\/anton3-1024x805.jpg\" alt=\"\" class=\"wp-image-2658\" srcset=\"https:\/\/skimboard.com\/edenv4\/wp-content\/uploads\/2020\/04\/anton3-1024x805.jpg 1024w, https:\/\/skimboard.com\/edenv4\/wp-content\/uploads\/2020\/04\/anton3-600x472.jpg 600w, https:\/\/skimboard.com\/edenv4\/wp-content\/uploads\/2020\/04\/anton3-300x236.jpg 300w, https:\/\/skimboard.com\/edenv4\/wp-content\/uploads\/2020\/04\/anton3-768x604.jpg 768w, https:\/\/skimboard.com\/edenv4\/wp-content\/uploads\/2020\/04\/anton3-1536x1208.jpg 1536w, https:\/\/skimboard.com\/edenv4\/wp-content\/uploads\/2020\/04\/anton3-676x531.jpg 676w, https:\/\/skimboard.com\/edenv4\/wp-content\/uploads\/2020\/04\/anton3.jpg 2048w\" sizes=\"auto, (max-width: 1024px) 100vw, 1024px\" \/><\/figure>\n\n\n\n<p>Il faudra quand m\u00eame mettre de la wax pour compl\u00e9ter la barre avant, de chaque cot\u00e9, pour bien couvrir toute la planche, sauf si vous optez pour un <strong><em>Set de grips lat\u00e9raux <\/em><\/strong>(photo<strong><em> <\/em><\/strong>ci-dessus et ci-dessous).<\/p>\n\n\n\n<figure class=\"wp-block-gallery has-nested-images columns-default is-cropped wp-block-gallery-1 is-layout-flex wp-block-gallery-is-layout-flex\">\n<figure class=\"wp-block-image size-large\"><img loading=\"lazy\" decoding=\"async\" width=\"431\" height=\"1024\" data-id=\"7183\" src=\"https:\/\/skimboard.com\/edenv4\/wp-content\/uploads\/2023\/06\/134-bleu-set-lateraux-431x1024.jpg\" alt=\"\" class=\"wp-image-7183\" srcset=\"https:\/\/skimboard.com\/edenv4\/wp-content\/uploads\/2023\/06\/134-bleu-set-lateraux-431x1024.jpg 431w, https:\/\/skimboard.com\/edenv4\/wp-content\/uploads\/2023\/06\/134-bleu-set-lateraux-scaled-600x1425.jpg 600w, https:\/\/skimboard.com\/edenv4\/wp-content\/uploads\/2023\/06\/134-bleu-set-lateraux-126x300.jpg 126w, https:\/\/skimboard.com\/edenv4\/wp-content\/uploads\/2023\/06\/134-bleu-set-lateraux-768x1824.jpg 768w, https:\/\/skimboard.com\/edenv4\/wp-content\/uploads\/2023\/06\/134-bleu-set-lateraux-647x1536.jpg 647w, https:\/\/skimboard.com\/edenv4\/wp-content\/uploads\/2023\/06\/134-bleu-set-lateraux-862x2048.jpg 862w, https:\/\/skimboard.com\/edenv4\/wp-content\/uploads\/2023\/06\/134-bleu-set-lateraux-676x1605.jpg 676w, https:\/\/skimboard.com\/edenv4\/wp-content\/uploads\/2023\/06\/134-bleu-set-lateraux-scaled.jpg 1078w\" sizes=\"auto, (max-width: 431px) 100vw, 431px\" \/><figcaption class=\"wp-element-caption\">Barre avant + set full deck<\/figcaption><\/figure>\n\n\n\n<figure class=\"wp-block-image size-large\"><img loading=\"lazy\" decoding=\"async\" width=\"432\" height=\"1024\" data-id=\"7151\" src=\"https:\/\/skimboard.com\/edenv4\/wp-content\/uploads\/2023\/06\/134-bleu-grips-432x1024.jpg\" alt=\"\" class=\"wp-image-7151\" srcset=\"https:\/\/skimboard.com\/edenv4\/wp-content\/uploads\/2023\/06\/134-bleu-grips-432x1024.jpg 432w, https:\/\/skimboard.com\/edenv4\/wp-content\/uploads\/2023\/06\/134-bleu-grips-scaled-600x1421.jpg 600w, https:\/\/skimboard.com\/edenv4\/wp-content\/uploads\/2023\/06\/134-bleu-grips-127x300.jpg 127w, https:\/\/skimboard.com\/edenv4\/wp-content\/uploads\/2023\/06\/134-bleu-grips-768x1819.jpg 768w, https:\/\/skimboard.com\/edenv4\/wp-content\/uploads\/2023\/06\/134-bleu-grips-648x1536.jpg 648w, https:\/\/skimboard.com\/edenv4\/wp-content\/uploads\/2023\/06\/134-bleu-grips-865x2048.jpg 865w, https:\/\/skimboard.com\/edenv4\/wp-content\/uploads\/2023\/06\/134-bleu-grips-676x1601.jpg 676w, https:\/\/skimboard.com\/edenv4\/wp-content\/uploads\/2023\/06\/134-bleu-grips-scaled.jpg 1081w\" sizes=\"auto, (max-width: 432px) 100vw, 432px\" \/><figcaption class=\"wp-element-caption\"> Barre avant + Wax<\/figcaption><\/figure>\n<\/figure>\n\n\n\n<p>Le <em>Set de grips lat\u00e9raux<\/em> n&#8217;est pas indispensable, mais il permet de ne pas mettre du tout de wax et de garder la planche propre et constamment &#8220;confortable&#8221;.&nbsp; <\/p>\n\n\n\n<p>Les Grips sont autocollants,<strong> nous les collerons gratuitement sur votre planche neuve avant la livraison, sauf indication expresse contraire de votre part.<\/strong><br>A noter que si vous achetez une planche neuve sans grips, vous devrez la waxer enti\u00e8rement pour l&#8217;utiliser, puis si vous d\u00e9cidez finalement d&#8217;y coller des grips vous devrez la nettoyer et la d\u00e9graisser enti\u00e8rement sinon la colle ne tiendra pas.&nbsp;D&#8217;ailleurs la colle tient toujours mieux sur une planche neuve.<br> Donc autant prendre les grips d\u00e8s le d\u00e9part \ud83d\ude09&nbsp;<br><br><strong>Concernant les housses: <\/strong><\/p>\n\n\n\n<figure class=\"wp-block-image size-large\"><a href=\"https:\/\/skimboard.com\/edenv4\/categorie-produit\/housse-de-skimboard\/\"><img loading=\"lazy\" decoding=\"async\" width=\"1024\" height=\"564\" src=\"https:\/\/skimboard.com\/edenv4\/wp-content\/uploads\/2023\/05\/housse_adulte_camo-1024x564.jpg\" alt=\"\" class=\"wp-image-5926\" srcset=\"https:\/\/skimboard.com\/edenv4\/wp-content\/uploads\/2023\/05\/housse_adulte_camo-1024x564.jpg 1024w, https:\/\/skimboard.com\/edenv4\/wp-content\/uploads\/2023\/05\/housse_adulte_camo-scaled-600x330.jpg 600w, https:\/\/skimboard.com\/edenv4\/wp-content\/uploads\/2023\/05\/housse_adulte_camo-300x165.jpg 300w, https:\/\/skimboard.com\/edenv4\/wp-content\/uploads\/2023\/05\/housse_adulte_camo-768x423.jpg 768w, https:\/\/skimboard.com\/edenv4\/wp-content\/uploads\/2023\/05\/housse_adulte_camo-1536x846.jpg 1536w, https:\/\/skimboard.com\/edenv4\/wp-content\/uploads\/2023\/05\/housse_adulte_camo-2048x1128.jpg 2048w, https:\/\/skimboard.com\/edenv4\/wp-content\/uploads\/2023\/05\/housse_adulte_camo-676x372.jpg 676w\" sizes=\"auto, (max-width: 1024px) 100vw, 1024px\" \/><\/a><figcaption class=\"wp-element-caption\">Housse matelass\u00e9e<\/figcaption><\/figure>\n\n\n\n<p>Une housse est moins indispensable que les grips, c&#8217;est certain, mais elle est quand m\u00eame tr\u00e8s utile pour prot\u00e9ger la planche, pendant le transport ou stock\u00e9e chez vous, et aussi pour prot\u00e9ger votre voiture de la wax fondue (terrible pour les si\u00e8ges &#8230;) et du sable coll\u00e9 dessus. <br>Elle sert aussi de sac de plage, et est assez grande pour y mettre, en plus de la planche, votre serviette, la bouteille d&#8217;eau etc&#8230; <br>Si vous allez \u00e0 la plage avec un deux-roues, v\u00e9lo ou scooter, le <strong><em>mod\u00e8le sac \u00e0 dos <\/em><\/strong>vous permettra de porter votre planche et toutes vos affaires confortablement, ainsi qu&#8217;en voyage (train, avion). <br>Nos housses sont d&#8217;excellentes qualit\u00e9, fabriqu\u00e9es \u00e0 Bali (le Hawa\u00ef d&#8217;Indon\u00e9sie), et sont tr\u00e8s durables. <\/p>\n\n\n\n<figure class=\"wp-block-image size-large is-resized\"><a href=\"https:\/\/skimboard.com\/edenv4\/produit\/housse-sac-a-dos-pour-skimboard\/\"><img loading=\"lazy\" decoding=\"async\" src=\"https:\/\/skimboard.com\/edenv4\/wp-content\/uploads\/2012\/01\/housse_sacados_velo_manu-707x1024.jpg\" alt=\"\" class=\"wp-image-1518\" width=\"234\" height=\"339\" srcset=\"https:\/\/skimboard.com\/edenv4\/wp-content\/uploads\/2012\/01\/housse_sacados_velo_manu-707x1024.jpg 707w, https:\/\/skimboard.com\/edenv4\/wp-content\/uploads\/2012\/01\/housse_sacados_velo_manu-207x300.jpg 207w, https:\/\/skimboard.com\/edenv4\/wp-content\/uploads\/2012\/01\/housse_sacados_velo_manu-768x1113.jpg 768w, https:\/\/skimboard.com\/edenv4\/wp-content\/uploads\/2012\/01\/housse_sacados_velo_manu-676x980.jpg 676w\" sizes=\"auto, (max-width: 234px) 100vw, 234px\" \/><\/a><figcaption class=\"wp-element-caption\">Housse sac \u00e0 dos<\/figcaption><\/figure>\n","protected":false},"excerpt":{"rendered":"<p>Offre PACK: Pour l&#8217;achat d&#8217;un skimboard + des grips (Grip arri\u00e8re + barre avant) + une housse, vous b\u00e9n\u00e9ficiez d&#8217;une r\u00e9duction de 20% sur la housse choisie \ud83d\ude42 Il vous suffira de taper au clavier (ou copier\/coller) le code promo [P A C K] dans l&#8217;onglet [code promo] de votre Panier au moment de finaliser [&hellip;]<\/p>\n","protected":false},"author":2,"featured_media":0,"parent":0,"menu_order":0,"comment_status":"closed","ping_status":"closed","template":"","meta":{"footnotes":""},"class_list":["post-6402","page","type-page","status-publish","hentry","post-preview"],"_links":{"self":[{"href":"https:\/\/skimboard.com\/edenv4\/wp-json\/wp\/v2\/pages\/6402","targetHints":{"allow":["GET"]}}],"collection":[{"href":"https:\/\/skimboard.com\/edenv4\/wp-json\/wp\/v2\/pages"}],"about":[{"href":"https:\/\/skimboard.com\/edenv4\/wp-json\/wp\/v2\/types\/page"}],"author":[{"embeddable":true,"href":"https:\/\/skimboard.com\/edenv4\/wp-json\/wp\/v2\/users\/2"}],"replies":[{"embeddable":true,"href":"https:\/\/skimboard.com\/edenv4\/wp-json\/wp\/v2\/comments?post=6402"}],"version-history":[{"count":10,"href":"https:\/\/skimboard.com\/edenv4\/wp-json\/wp\/v2\/pages\/6402\/revisions"}],"predecessor-version":[{"id":7191,"href":"https:\/\/skimboard.com\/edenv4\/wp-json\/wp\/v2\/pages\/6402\/revisions\/7191"}],"wp:attachment":[{"href":"https:\/\/skimboard.com\/edenv4\/wp-json\/wp\/v2\/media?parent=6402"}],"curies":[{"name":"wp","href":"https:\/\/api.w.org\/{rel}","templated":true}]}}