{"id":6369,"date":"2023-05-19T22:16:28","date_gmt":"2023-05-19T21:16:28","guid":{"rendered":"https:\/\/skimboard.com\/edenv4\/?page_id=6369"},"modified":"2026-04-13T14:08:25","modified_gmt":"2026-04-13T13:08:25","slug":"planches-de-skimboard-sur-mesure-et-gammes-comp","status":"publish","type":"page","link":"https:\/\/skimboard.com\/edenv4\/planches-de-skimboard-sur-mesure-et-gammes-comp\/","title":{"rendered":"Planches de skimboard sur-mesure et Gammes PRO"},"content":{"rendered":"<div class=\"wp-block-image\">\n<figure class=\"alignright size-full\"><a href=\"https:\/\/skimboard.com\/edenv4\/acheter\/\"><img loading=\"lazy\" decoding=\"async\" width=\"240\" height=\"76\" src=\"https:\/\/skimboard.com\/edenv4\/wp-content\/uploads\/2017\/06\/bouton_comment_acheter.jpg\" alt=\"\" class=\"wp-image-908\"\/><\/a><\/figure>\n<\/div>\n\n\n<p>Si vous avez un gabarit hors norme, ou que vous avez un tr\u00e8s bon niveau et des id\u00e9es pr\u00e9cises sur la planche qu&#8217;il vous faut pour progresser, vous aurez sans doute besoin d&#8217;une planche de skimboard sur-mesure qu&#8217;il vous faudra d\u00e9finir puis commander, et nous la fabriquerons sp\u00e9cialement pour vous.<\/p>\n\n\n\n<p>Quand vous achetez un v\u00e9lo haut de gamme, vous discutez avec le vendeur, vous choisissez le mod\u00e8le ( Course, VTT &#8230;), la mati\u00e8re du cadre (acier, aluminium &#8230;) les options, la couleur, puis vous payez un acompte et vous attendez qu&#8217;on vous le fasse venir de l&#8217;usine car il y trop de possibilit\u00e9s diff\u00e9rentes pour que ce v\u00e9lo tr\u00e8s particulier soit en stock au magasin. <\/p>\n\n\n\n<p><strong>Pour un skimboard sur-mesure c&#8217;est la m\u00eame chose:<\/strong><br>Vous choisissez le <em><strong>Shape<\/strong><\/em> (la <em>forme<\/em>, en anglais), puis la <em><strong>Gamme de Stratification<\/strong><\/em>, puis les <strong><em>Options<\/em><\/strong>, et enfin la <strong><em>Couleur<\/em><\/strong>. Vous en discutez avec nous via le <em><strong><a href=\"https:\/\/skimboard.com\/edenv4\/contact\/\" data-type=\"page\" data-id=\"120\">formulaire de contact<\/a><\/strong><\/em> puis par email et t\u00e9l\u00e9phone pour que tout soit bien clair, vous confirmez la commande et vous la payez  (ou seulement un acompte de 50% si vous pr\u00e9f\u00e9rez), nous fabriquons la planche en environ 2 ou 3 semaines et nous vous la livrons. <br><\/p>\n\n\n\n<p><strong>1\/ <\/strong>Le <strong><em>Shape<\/em><\/strong> et la <strong><em>Taille<\/em><\/strong> de la planche sont \u00e9videmment les points les plus importants, comme de choisir un VTT plut\u00f4t qu&#8217;un v\u00e9lo de course, et bien \u00e0 votre taille. <br>Le choix du Shape n&#8217;a que peu d&#8217;influence sur le prix de votre planche. <br>Pour vous aidez \u00e0 choisir, consultez: <a href=\"https:\/\/skimboard.com\/edenv4\/choisirtaille\/\" data-type=\"page\" data-id=\"98\">Choisir le shape et la taille de votre skimboard<\/a> <br>Vous avez le choix entre ces trois Shapes:<\/p>\n\n\n\n<div class=\"wp-block-group\"><div class=\"wp-block-group__inner-container is-layout-constrained wp-block-group-is-layout-constrained\">\n<div class=\"wp-block-columns is-layout-flex wp-container-core-columns-is-layout-9d6595d7 wp-block-columns-is-layout-flex\">\n<div class=\"wp-block-column is-layout-flow wp-block-column-is-layout-flow\">\n<figure class=\"wp-block-image size-large is-resized\"><a href=\"https:\/\/skimboard.com\/edenv4\/skimboards-shape-classic\/\"><img loading=\"lazy\" decoding=\"async\" width=\"445\" height=\"1024\" src=\"https:\/\/skimboard.com\/edenv4\/wp-content\/uploads\/2023\/05\/compact-carbone-445x1024.jpg\" alt=\"\" class=\"wp-image-5713\" style=\"width:111px;height:255px\" srcset=\"https:\/\/skimboard.com\/edenv4\/wp-content\/uploads\/2023\/05\/compact-carbone-445x1024.jpg 445w, https:\/\/skimboard.com\/edenv4\/wp-content\/uploads\/2023\/05\/compact-carbone-scaled-600x1381.jpg 600w, https:\/\/skimboard.com\/edenv4\/wp-content\/uploads\/2023\/05\/compact-carbone-130x300.jpg 130w, https:\/\/skimboard.com\/edenv4\/wp-content\/uploads\/2023\/05\/compact-carbone-768x1768.jpg 768w, https:\/\/skimboard.com\/edenv4\/wp-content\/uploads\/2023\/05\/compact-carbone-667x1536.jpg 667w, https:\/\/skimboard.com\/edenv4\/wp-content\/uploads\/2023\/05\/compact-carbone-889x2048.jpg 889w, https:\/\/skimboard.com\/edenv4\/wp-content\/uploads\/2023\/05\/compact-carbone-676x1557.jpg 676w, https:\/\/skimboard.com\/edenv4\/wp-content\/uploads\/2023\/05\/compact-carbone-scaled.jpg 1112w\" sizes=\"auto, (max-width: 445px) 100vw, 445px\" \/><\/a><figcaption class=\"wp-element-caption\">Shape Classic<\/figcaption><\/figure>\n<\/div>\n\n\n\n<div class=\"wp-block-column is-layout-flow wp-block-column-is-layout-flow\">\n<figure class=\"wp-block-image size-large is-resized\"><a href=\"https:\/\/skimboard.com\/edenv4\/skimboard-foamie-big-fish\/\"><img loading=\"lazy\" decoding=\"async\" width=\"481\" height=\"1024\" src=\"https:\/\/skimboard.com\/edenv4\/wp-content\/uploads\/2023\/05\/big-fish-carbone-481x1024.jpg\" alt=\"\" class=\"wp-image-5701\" style=\"width:122px;height:259px\" srcset=\"https:\/\/skimboard.com\/edenv4\/wp-content\/uploads\/2023\/05\/big-fish-carbone-481x1024.jpg 481w, https:\/\/skimboard.com\/edenv4\/wp-content\/uploads\/2023\/05\/big-fish-carbone-scaled-600x1277.jpg 600w, https:\/\/skimboard.com\/edenv4\/wp-content\/uploads\/2023\/05\/big-fish-carbone-141x300.jpg 141w, https:\/\/skimboard.com\/edenv4\/wp-content\/uploads\/2023\/05\/big-fish-carbone-768x1634.jpg 768w, https:\/\/skimboard.com\/edenv4\/wp-content\/uploads\/2023\/05\/big-fish-carbone-722x1536.jpg 722w, https:\/\/skimboard.com\/edenv4\/wp-content\/uploads\/2023\/05\/big-fish-carbone-963x2048.jpg 963w, https:\/\/skimboard.com\/edenv4\/wp-content\/uploads\/2023\/05\/big-fish-carbone-676x1438.jpg 676w, https:\/\/skimboard.com\/edenv4\/wp-content\/uploads\/2023\/05\/big-fish-carbone-scaled.jpg 1203w\" sizes=\"auto, (max-width: 481px) 100vw, 481px\" \/><\/a><figcaption class=\"wp-element-caption\">Shape Big Fish<\/figcaption><\/figure>\n<\/div>\n\n\n\n<div class=\"wp-block-column is-layout-flow wp-block-column-is-layout-flow\">\n<figure class=\"wp-block-image size-large is-resized\"><a href=\"https:\/\/skimboard.com\/edenv4\/skimboards-foamies-dream-liner\/\"><img loading=\"lazy\" decoding=\"async\" width=\"502\" height=\"1024\" src=\"https:\/\/skimboard.com\/edenv4\/wp-content\/uploads\/2023\/05\/foamie-DL2-bleu-502x1024.jpg\" alt=\"\" class=\"wp-image-5813\" style=\"width:137px;height:278px\" srcset=\"https:\/\/skimboard.com\/edenv4\/wp-content\/uploads\/2023\/05\/foamie-DL2-bleu-502x1024.jpg 502w, https:\/\/skimboard.com\/edenv4\/wp-content\/uploads\/2023\/05\/foamie-DL2-bleu-scaled-600x1225.jpg 600w, https:\/\/skimboard.com\/edenv4\/wp-content\/uploads\/2023\/05\/foamie-DL2-bleu-147x300.jpg 147w, https:\/\/skimboard.com\/edenv4\/wp-content\/uploads\/2023\/05\/foamie-DL2-bleu-768x1568.jpg 768w, https:\/\/skimboard.com\/edenv4\/wp-content\/uploads\/2023\/05\/foamie-DL2-bleu-752x1536.jpg 752w, https:\/\/skimboard.com\/edenv4\/wp-content\/uploads\/2023\/05\/foamie-DL2-bleu-1003x2048.jpg 1003w, https:\/\/skimboard.com\/edenv4\/wp-content\/uploads\/2023\/05\/foamie-DL2-bleu-676x1380.jpg 676w, https:\/\/skimboard.com\/edenv4\/wp-content\/uploads\/2023\/05\/foamie-DL2-bleu-scaled.jpg 1254w\" sizes=\"auto, (max-width: 502px) 100vw, 502px\" \/><\/a><figcaption class=\"wp-element-caption\">Shape Dream Liner<\/figcaption><\/figure>\n<\/div>\n<\/div>\n\n\n\n<p><strong>2\/<\/strong> La <strong><em>Gamme de stratification<\/em><\/strong> d\u00e9finira la construction de la planche, ses mat\u00e9riaux, en fonction surtout de votre niveau de performance. Un champion cycliste n&#8217;a pas un v\u00e9lo en acier ordinaire. <br>C&#8217;est principalement ce choix qui d\u00e9finira le prix de votre planche. <br>Pour vous aidez \u00e0 choisir, consultez: <a href=\"https:\/\/skimboard.com\/edenv4\/choisirlagamme\/\">Choisir la gamme de stratification de votre skimboard<\/a><br>Vous avez le choix entre ces 5 Gammes:<\/p>\n\n\n\n<ul class=\"wp-block-list\">\n<li><a href=\"https:\/\/skimboard.com\/edenv4\/skimboards-foamie-zt-standard\/\" data-type=\"page\" data-id=\"6373\">Gamme ZT <\/a>en fibre de verre E-Glass standard, comme nos planches ZT-Classic en Boutique, mais pour des mod\u00e8les sur-mesure non stock\u00e9s.<br><strong>Prix de base  325\u20ac<\/strong><br><\/li>\n\n\n\n<li><a href=\"https:\/\/skimboard.com\/edenv4\/carboncomp\/\" data-type=\"page\" data-id=\"110\">Gamme Carbone PRO<\/a>  Pour les planches carbone non stock\u00e9es en Boutique, ou sp\u00e9ciales.<br><strong>Prix de base 374\u20ac<\/strong> <br><\/li>\n\n\n\n<li><a href=\"https:\/\/skimboard.com\/edenv4\/sglass\/\" data-type=\"page\" data-id=\"46\">Gamme S-Glass PRO<\/a> Avec du tissu de verre S-Glass hautes performances.<br><strong>Prix de base 3<\/strong>75\u20ac<br><\/li>\n\n\n\n<li><a href=\"https:\/\/skimboard.com\/edenv4\/crystal\/\" data-type=\"page\" data-id=\"132\">Gamme Crystal PRO<\/a> Enti\u00e8rement en S-Glass.<br><strong>Prix de base 389\u20ac<br><\/strong><\/li>\n\n\n\n<li><a href=\"https:\/\/skimboard.com\/edenv4\/diamond\/\" data-type=\"page\" data-id=\"76\">Gamme Diamond PRO <\/a> Avec un mix Carbone + S-Glass<br><strong>Prix de base 395\u20ac<\/strong><\/li>\n<\/ul>\n<\/div><\/div>\n\n\n\n<p><strong>3\/ <\/strong>Les <strong><em>Options<\/em><\/strong>: <em><a href=\"https:\/\/skimboard.com\/edenv4\/renforts-cibles\/\" data-type=\"page\" data-id=\"6026\">Renforts cibl\u00e9s<\/a>,  <a href=\"https:\/\/skimboard.com\/edenv4\/option-ultra-light\/\" data-type=\"page\" data-id=\"6209\">Ultra Light <\/a><\/em> vous apporteront un plus. Plus solide, ou plus l\u00e9ger. <br><\/p>\n\n\n\n<p><strong>4\/ <\/strong><a href=\"https:\/\/skimboard.com\/edenv4\/couleurs-disponibles\/\" data-type=\"page\" data-id=\"6077\">La <strong>couleur<\/strong><\/a>. Attention, les couleurs possibles d\u00e9pendent de la gamme de stratification. Par exemple le carbone est particulier. <br><\/p>\n\n\n\n<p><strong>5\/ <\/strong>La <strong><em>D\u00e9dicace<\/em><\/strong> pour la touche finale. Comme pour un surf sur-mesure, ce sont quelques mots \u00e9crits \u00e0 la main au Posca fin, \u00e0 cot\u00e9 du logo, sous la finition (donc ineffa\u00e7able). La planche sera fabriqu\u00e9e sp\u00e9cialement pour vous, autant le montrer. <br>Classiquement:  &#8220;Fabriqu\u00e9 pour Thomas&#8221; \/ &#8220;Hand made for Lucas&#8221; \/ &#8220;Theo special shape&#8221; etc&#8230;   ou pour des occasions &#8220;Joyeux No\u00ebl Nathan&#8221; etc&#8230; <\/p>\n\n\n\n<figure class=\"wp-block-image size-full\"><img loading=\"lazy\" decoding=\"async\" width=\"477\" height=\"573\" src=\"https:\/\/skimboard.com\/edenv4\/wp-content\/uploads\/2023\/05\/carbone-rouge-nose.jpg\" alt=\"\" class=\"wp-image-5709\" srcset=\"https:\/\/skimboard.com\/edenv4\/wp-content\/uploads\/2023\/05\/carbone-rouge-nose.jpg 477w, https:\/\/skimboard.com\/edenv4\/wp-content\/uploads\/2023\/05\/carbone-rouge-nose-250x300.jpg 250w\" sizes=\"auto, (max-width: 477px) 100vw, 477px\" \/><figcaption class=\"wp-element-caption\">Carbone Tie Dye Rouge<\/figcaption><\/figure>\n\n\n\n<p><\/p>\n","protected":false},"excerpt":{"rendered":"<p>Si vous avez un gabarit hors norme, ou que vous avez un tr\u00e8s bon niveau et des id\u00e9es pr\u00e9cises sur la planche qu&#8217;il vous faut pour progresser, vous aurez sans doute besoin d&#8217;une planche de skimboard sur-mesure qu&#8217;il vous faudra d\u00e9finir puis commander, et nous la fabriquerons sp\u00e9cialement pour vous. Quand vous achetez un v\u00e9lo [&hellip;]<\/p>\n","protected":false},"author":2,"featured_media":0,"parent":0,"menu_order":0,"comment_status":"closed","ping_status":"closed","template":"","meta":{"footnotes":""},"class_list":["post-6369","page","type-page","status-publish","hentry","post-preview"],"_links":{"self":[{"href":"https:\/\/skimboard.com\/edenv4\/wp-json\/wp\/v2\/pages\/6369","targetHints":{"allow":["GET"]}}],"collection":[{"href":"https:\/\/skimboard.com\/edenv4\/wp-json\/wp\/v2\/pages"}],"about":[{"href":"https:\/\/skimboard.com\/edenv4\/wp-json\/wp\/v2\/types\/page"}],"author":[{"embeddable":true,"href":"https:\/\/skimboard.com\/edenv4\/wp-json\/wp\/v2\/users\/2"}],"replies":[{"embeddable":true,"href":"https:\/\/skimboard.com\/edenv4\/wp-json\/wp\/v2\/comments?post=6369"}],"version-history":[{"count":19,"href":"https:\/\/skimboard.com\/edenv4\/wp-json\/wp\/v2\/pages\/6369\/revisions"}],"predecessor-version":[{"id":9818,"href":"https:\/\/skimboard.com\/edenv4\/wp-json\/wp\/v2\/pages\/6369\/revisions\/9818"}],"wp:attachment":[{"href":"https:\/\/skimboard.com\/edenv4\/wp-json\/wp\/v2\/media?parent=6369"}],"curies":[{"name":"wp","href":"https:\/\/api.w.org\/{rel}","templated":true}]}}