{"id":6209,"date":"2023-05-18T15:38:54","date_gmt":"2023-05-18T14:38:54","guid":{"rendered":"https:\/\/skimboard.com\/edenv4\/?page_id=6209"},"modified":"2023-05-20T16:09:15","modified_gmt":"2023-05-20T15:09:15","slug":"option-ultra-light","status":"publish","type":"page","link":"https:\/\/skimboard.com\/edenv4\/option-ultra-light\/","title":{"rendered":"Option Ultra Light"},"content":{"rendered":"\n<p>Comme son nom l&#8217;indique, c&#8217;est une version all\u00e9g\u00e9e de la planche de skimboard. <br>Une couche de E-glass en moins sur le dessus donne une planche plus l\u00e9g\u00e8re et plus nerveuse, mais bien s\u00fbr plus fragile. <br>Cette option est donc \u00e0 r\u00e9server aux riders l\u00e9gers, qui prennent soin de leur planche, ne tapent pas du talon comme des bourrins, ne surfent pas de grosses vagues et souhaitent un maximum de r\u00e9activit\u00e9 (le Pop).<br>Pour des vagues techniques et rapides, mais pas trop grosses, la l\u00e9g\u00e8ret\u00e9 et la relance apportent un plus, mais il ne faut pas avoir peur de casser son matos &#8230;<\/p>\n\n\n\n<p>En g\u00e9n\u00e9ral on compense le d\u00e9ficit de r\u00e9sistance en ajoutant des <strong><em><a href=\"https:\/\/skimboard.com\/edenv4\/renforts-cibles\/\" data-type=\"page\" data-id=\"6026\">Renforts cibl\u00e9s<\/a><\/em><\/strong>, ce qui semble contradictoire (on retire de la fibre quelque part et on en rajoute ailleurs), mais qui conduit en fait \u00e0 mieux r\u00e9partir la fibre sur des endroits sp\u00e9cifiques. La planche devient \u00e0 peine plus l\u00e9g\u00e8re, mais son flex et son inertie sont mieux r\u00e9partis.<br>Tout \u00e7a pour dire que c&#8217;est quand m\u00eame une option \u00e0 r\u00e9server aux pros qui savent ce qu&#8217;ils font  \ud83d\ude09 <br><br>L&#8217;option Ultra Light est disponible pour les <em><strong><a href=\"https:\/\/skimboard.com\/edenv4\/choisirlagamme\/\" data-type=\"page\" data-id=\"145\">Gammes de stratification<\/a><\/strong><\/em> suivantes:<br><em><strong><a href=\"https:\/\/skimboard.com\/edenv4\/sglass\/\" data-type=\"page\" data-id=\"46\">S-Glass PRO<\/a><\/strong><\/em><br><strong><em><a href=\"https:\/\/skimboard.com\/edenv4\/carboncomp\/\" data-type=\"page\" data-id=\"110\">Carbone PRO<\/a><\/em><\/strong> (l\u00e0 c&#8217;est du l\u00e9ger l\u00e9ger, c&#8217;est risqu\u00e9 &#8230;)<br><strong><em><a href=\"https:\/\/skimboard.com\/edenv4\/diamond\/\" data-type=\"page\" data-id=\"76\">Diamond PRO<\/a><\/em><\/strong><br><br><\/p>\n","protected":false},"excerpt":{"rendered":"<p>Comme son nom l&#8217;indique, c&#8217;est une version all\u00e9g\u00e9e de la planche de skimboard. Une couche de E-glass en moins sur le dessus donne une planche plus l\u00e9g\u00e8re et plus nerveuse, mais bien s\u00fbr plus fragile. Cette option est donc \u00e0 r\u00e9server aux riders l\u00e9gers, qui prennent soin de leur planche, ne tapent pas du talon [&hellip;]<\/p>\n","protected":false},"author":2,"featured_media":0,"parent":0,"menu_order":0,"comment_status":"closed","ping_status":"closed","template":"","meta":{"footnotes":""},"class_list":["post-6209","page","type-page","status-publish","hentry","post-preview"],"_links":{"self":[{"href":"https:\/\/skimboard.com\/edenv4\/wp-json\/wp\/v2\/pages\/6209","targetHints":{"allow":["GET"]}}],"collection":[{"href":"https:\/\/skimboard.com\/edenv4\/wp-json\/wp\/v2\/pages"}],"about":[{"href":"https:\/\/skimboard.com\/edenv4\/wp-json\/wp\/v2\/types\/page"}],"author":[{"embeddable":true,"href":"https:\/\/skimboard.com\/edenv4\/wp-json\/wp\/v2\/users\/2"}],"replies":[{"embeddable":true,"href":"https:\/\/skimboard.com\/edenv4\/wp-json\/wp\/v2\/comments?post=6209"}],"version-history":[{"count":2,"href":"https:\/\/skimboard.com\/edenv4\/wp-json\/wp\/v2\/pages\/6209\/revisions"}],"predecessor-version":[{"id":6421,"href":"https:\/\/skimboard.com\/edenv4\/wp-json\/wp\/v2\/pages\/6209\/revisions\/6421"}],"wp:attachment":[{"href":"https:\/\/skimboard.com\/edenv4\/wp-json\/wp\/v2\/media?parent=6209"}],"curies":[{"name":"wp","href":"https:\/\/api.w.org\/{rel}","templated":true}]}}