{"id":6077,"date":"2023-05-17T12:02:52","date_gmt":"2023-05-17T11:02:52","guid":{"rendered":"https:\/\/skimboard.com\/edenv4\/?page_id=6077"},"modified":"2023-05-22T21:10:12","modified_gmt":"2023-05-22T20:10:12","slug":"couleurs-disponibles","status":"publish","type":"page","link":"https:\/\/skimboard.com\/edenv4\/couleurs-disponibles\/","title":{"rendered":"Couleurs disponibles"},"content":{"rendered":"\n<p><strong>Le dessous de nos skimboards est toujours blanc<\/strong>, pour une meilleure r\u00e9sistance aux rayures. Le colorant blanc ajout\u00e9 \u00e0 la r\u00e9sine est du &#8220;blanc de titane&#8221; (=dioxyde de titane) qui lui conf\u00e8re une bien meilleure r\u00e9sistance au frottement que les autres couleurs.<br>De plus, les in\u00e9vitables rayures se verront bien moins sur du blanc. <br>En revanche pour les wakesurfs le choix de couleurs pour le dessous est plus large, m\u00eame le carbone.  <\/p>\n\n\n\n<p><\/p>\n\n\n\n<p><strong>Choix de couleurs standards pour les planches disponibles sur stock:<\/strong><br>Blanc, Rouge, Noir, Bleu, plus parfois du Vert (plus rare &#8230;)<br>Le Flag (drapeau) en composite est int\u00e9gr\u00e9 dans la masse de la stratification.<\/p>\n\n\n\n<figure class=\"wp-block-gallery has-nested-images columns-default is-cropped wp-block-gallery-1 is-layout-flex wp-block-gallery-is-layout-flex\">\n<figure class=\"wp-block-image size-large\"><img loading=\"lazy\" decoding=\"async\" width=\"458\" height=\"1024\" data-id=\"5714\" src=\"https:\/\/skimboard.com\/edenv4\/wp-content\/uploads\/2023\/05\/compacte-blanc-2023-458x1024.jpg\" alt=\"\" class=\"wp-image-5714\" srcset=\"https:\/\/skimboard.com\/edenv4\/wp-content\/uploads\/2023\/05\/compacte-blanc-2023-458x1024.jpg 458w, https:\/\/skimboard.com\/edenv4\/wp-content\/uploads\/2023\/05\/compacte-blanc-2023-scaled-600x1340.jpg 600w, https:\/\/skimboard.com\/edenv4\/wp-content\/uploads\/2023\/05\/compacte-blanc-2023-134x300.jpg 134w, https:\/\/skimboard.com\/edenv4\/wp-content\/uploads\/2023\/05\/compacte-blanc-2023-768x1715.jpg 768w, https:\/\/skimboard.com\/edenv4\/wp-content\/uploads\/2023\/05\/compacte-blanc-2023-688x1536.jpg 688w, https:\/\/skimboard.com\/edenv4\/wp-content\/uploads\/2023\/05\/compacte-blanc-2023-917x2048.jpg 917w, https:\/\/skimboard.com\/edenv4\/wp-content\/uploads\/2023\/05\/compacte-blanc-2023-676x1510.jpg 676w, https:\/\/skimboard.com\/edenv4\/wp-content\/uploads\/2023\/05\/compacte-blanc-2023-scaled.jpg 1146w\" sizes=\"auto, (max-width: 458px) 100vw, 458px\" \/><figcaption class=\"wp-element-caption\">Blanc<\/figcaption><\/figure>\n\n\n\n<figure class=\"wp-block-image size-large\"><img loading=\"lazy\" decoding=\"async\" width=\"455\" height=\"1024\" data-id=\"5715\" src=\"https:\/\/skimboard.com\/edenv4\/wp-content\/uploads\/2023\/05\/compacte-rouge-2023-455x1024.jpg\" alt=\"\" class=\"wp-image-5715\" srcset=\"https:\/\/skimboard.com\/edenv4\/wp-content\/uploads\/2023\/05\/compacte-rouge-2023-455x1024.jpg 455w, https:\/\/skimboard.com\/edenv4\/wp-content\/uploads\/2023\/05\/compacte-rouge-2023-scaled-600x1352.jpg 600w, https:\/\/skimboard.com\/edenv4\/wp-content\/uploads\/2023\/05\/compacte-rouge-2023-133x300.jpg 133w, https:\/\/skimboard.com\/edenv4\/wp-content\/uploads\/2023\/05\/compacte-rouge-2023-768x1730.jpg 768w, https:\/\/skimboard.com\/edenv4\/wp-content\/uploads\/2023\/05\/compacte-rouge-2023-682x1536.jpg 682w, https:\/\/skimboard.com\/edenv4\/wp-content\/uploads\/2023\/05\/compacte-rouge-2023-909x2048.jpg 909w, https:\/\/skimboard.com\/edenv4\/wp-content\/uploads\/2023\/05\/compacte-rouge-2023-676x1523.jpg 676w, https:\/\/skimboard.com\/edenv4\/wp-content\/uploads\/2023\/05\/compacte-rouge-2023-scaled.jpg 1136w\" sizes=\"auto, (max-width: 455px) 100vw, 455px\" \/><figcaption class=\"wp-element-caption\">Rouge<\/figcaption><\/figure>\n\n\n\n<figure class=\"wp-block-image size-large\"><img loading=\"lazy\" decoding=\"async\" width=\"424\" height=\"1024\" data-id=\"5700\" src=\"https:\/\/skimboard.com\/edenv4\/wp-content\/uploads\/2023\/05\/136-noir-424x1024.jpg\" alt=\"\" class=\"wp-image-5700\" srcset=\"https:\/\/skimboard.com\/edenv4\/wp-content\/uploads\/2023\/05\/136-noir-424x1024.jpg 424w, https:\/\/skimboard.com\/edenv4\/wp-content\/uploads\/2023\/05\/136-noir-scaled-600x1449.jpg 600w, https:\/\/skimboard.com\/edenv4\/wp-content\/uploads\/2023\/05\/136-noir-124x300.jpg 124w, https:\/\/skimboard.com\/edenv4\/wp-content\/uploads\/2023\/05\/136-noir-768x1855.jpg 768w, https:\/\/skimboard.com\/edenv4\/wp-content\/uploads\/2023\/05\/136-noir-636x1536.jpg 636w, https:\/\/skimboard.com\/edenv4\/wp-content\/uploads\/2023\/05\/136-noir-848x2048.jpg 848w, https:\/\/skimboard.com\/edenv4\/wp-content\/uploads\/2023\/05\/136-noir-676x1633.jpg 676w, https:\/\/skimboard.com\/edenv4\/wp-content\/uploads\/2023\/05\/136-noir-scaled.jpg 1060w\" sizes=\"auto, (max-width: 424px) 100vw, 424px\" \/><figcaption class=\"wp-element-caption\">Noir<\/figcaption><\/figure>\n\n\n\n<figure class=\"wp-block-image size-large\"><img loading=\"lazy\" decoding=\"async\" width=\"439\" height=\"1024\" data-id=\"5711\" src=\"https:\/\/skimboard.com\/edenv4\/wp-content\/uploads\/2023\/05\/classic-bleu-439x1024.jpg\" alt=\"\" class=\"wp-image-5711\" srcset=\"https:\/\/skimboard.com\/edenv4\/wp-content\/uploads\/2023\/05\/classic-bleu-439x1024.jpg 439w, https:\/\/skimboard.com\/edenv4\/wp-content\/uploads\/2023\/05\/classic-bleu-scaled-600x1400.jpg 600w, https:\/\/skimboard.com\/edenv4\/wp-content\/uploads\/2023\/05\/classic-bleu-129x300.jpg 129w, https:\/\/skimboard.com\/edenv4\/wp-content\/uploads\/2023\/05\/classic-bleu-768x1793.jpg 768w, https:\/\/skimboard.com\/edenv4\/wp-content\/uploads\/2023\/05\/classic-bleu-658x1536.jpg 658w, https:\/\/skimboard.com\/edenv4\/wp-content\/uploads\/2023\/05\/classic-bleu-877x2048.jpg 877w, https:\/\/skimboard.com\/edenv4\/wp-content\/uploads\/2023\/05\/classic-bleu-676x1578.jpg 676w, https:\/\/skimboard.com\/edenv4\/wp-content\/uploads\/2023\/05\/classic-bleu-scaled.jpg 1097w\" sizes=\"auto, (max-width: 439px) 100vw, 439px\" \/><figcaption class=\"wp-element-caption\">Bleu<\/figcaption><\/figure>\n\n\n\n<figure class=\"wp-block-image size-large\"><img loading=\"lazy\" decoding=\"async\" width=\"427\" height=\"1024\" data-id=\"5712\" src=\"https:\/\/skimboard.com\/edenv4\/wp-content\/uploads\/2023\/05\/classic-vert-427x1024.jpg\" alt=\"\" class=\"wp-image-5712\" srcset=\"https:\/\/skimboard.com\/edenv4\/wp-content\/uploads\/2023\/05\/classic-vert-427x1024.jpg 427w, https:\/\/skimboard.com\/edenv4\/wp-content\/uploads\/2023\/05\/classic-vert-scaled-600x1438.jpg 600w, https:\/\/skimboard.com\/edenv4\/wp-content\/uploads\/2023\/05\/classic-vert-125x300.jpg 125w, https:\/\/skimboard.com\/edenv4\/wp-content\/uploads\/2023\/05\/classic-vert-768x1841.jpg 768w, https:\/\/skimboard.com\/edenv4\/wp-content\/uploads\/2023\/05\/classic-vert-641x1536.jpg 641w, https:\/\/skimboard.com\/edenv4\/wp-content\/uploads\/2023\/05\/classic-vert-854x2048.jpg 854w, https:\/\/skimboard.com\/edenv4\/wp-content\/uploads\/2023\/05\/classic-vert-676x1620.jpg 676w, https:\/\/skimboard.com\/edenv4\/wp-content\/uploads\/2023\/05\/classic-vert-scaled.jpg 1068w\" sizes=\"auto, (max-width: 427px) 100vw, 427px\" \/><figcaption class=\"wp-element-caption\">Vert<\/figcaption><\/figure>\n\n\n\n<figure class=\"wp-block-image size-large\"><img loading=\"lazy\" decoding=\"async\" width=\"1024\" height=\"596\" data-id=\"5717\" src=\"https:\/\/skimboard.com\/edenv4\/wp-content\/uploads\/2023\/05\/flag-blanc-1024x596.jpg\" alt=\"\" class=\"wp-image-5717\" srcset=\"https:\/\/skimboard.com\/edenv4\/wp-content\/uploads\/2023\/05\/flag-blanc-1024x596.jpg 1024w, https:\/\/skimboard.com\/edenv4\/wp-content\/uploads\/2023\/05\/flag-blanc-scaled-600x349.jpg 600w, https:\/\/skimboard.com\/edenv4\/wp-content\/uploads\/2023\/05\/flag-blanc-300x175.jpg 300w, https:\/\/skimboard.com\/edenv4\/wp-content\/uploads\/2023\/05\/flag-blanc-768x447.jpg 768w, https:\/\/skimboard.com\/edenv4\/wp-content\/uploads\/2023\/05\/flag-blanc-1536x894.jpg 1536w, https:\/\/skimboard.com\/edenv4\/wp-content\/uploads\/2023\/05\/flag-blanc-2048x1192.jpg 2048w, https:\/\/skimboard.com\/edenv4\/wp-content\/uploads\/2023\/05\/flag-blanc-676x393.jpg 676w\" sizes=\"auto, (max-width: 1024px) 100vw, 1024px\" \/><figcaption class=\"wp-element-caption\">Flag <\/figcaption><\/figure>\n\n\n\n<figure class=\"wp-block-image size-large\"><img loading=\"lazy\" decoding=\"async\" width=\"1024\" height=\"473\" data-id=\"5721\" src=\"https:\/\/skimboard.com\/edenv4\/wp-content\/uploads\/2023\/05\/flag-noir-1024x473.jpg\" alt=\"\" class=\"wp-image-5721\" srcset=\"https:\/\/skimboard.com\/edenv4\/wp-content\/uploads\/2023\/05\/flag-noir-1024x473.jpg 1024w, https:\/\/skimboard.com\/edenv4\/wp-content\/uploads\/2023\/05\/flag-noir-scaled-600x278.jpg 600w, https:\/\/skimboard.com\/edenv4\/wp-content\/uploads\/2023\/05\/flag-noir-300x139.jpg 300w, https:\/\/skimboard.com\/edenv4\/wp-content\/uploads\/2023\/05\/flag-noir-768x355.jpg 768w, https:\/\/skimboard.com\/edenv4\/wp-content\/uploads\/2023\/05\/flag-noir-1536x710.jpg 1536w, https:\/\/skimboard.com\/edenv4\/wp-content\/uploads\/2023\/05\/flag-noir-2048x947.jpg 2048w, https:\/\/skimboard.com\/edenv4\/wp-content\/uploads\/2023\/05\/flag-noir-676x313.jpg 676w\" sizes=\"auto, (max-width: 1024px) 100vw, 1024px\" \/><figcaption class=\"wp-element-caption\">Flag<\/figcaption><\/figure>\n\n\n\n<figure class=\"wp-block-image size-large\"><img loading=\"lazy\" decoding=\"async\" width=\"1024\" height=\"490\" data-id=\"5718\" src=\"https:\/\/skimboard.com\/edenv4\/wp-content\/uploads\/2023\/05\/flag-bleu-1024x490.jpg\" alt=\"\" class=\"wp-image-5718\" srcset=\"https:\/\/skimboard.com\/edenv4\/wp-content\/uploads\/2023\/05\/flag-bleu-1024x490.jpg 1024w, https:\/\/skimboard.com\/edenv4\/wp-content\/uploads\/2023\/05\/flag-bleu-scaled-600x287.jpg 600w, https:\/\/skimboard.com\/edenv4\/wp-content\/uploads\/2023\/05\/flag-bleu-300x144.jpg 300w, https:\/\/skimboard.com\/edenv4\/wp-content\/uploads\/2023\/05\/flag-bleu-768x367.jpg 768w, https:\/\/skimboard.com\/edenv4\/wp-content\/uploads\/2023\/05\/flag-bleu-1536x735.jpg 1536w, https:\/\/skimboard.com\/edenv4\/wp-content\/uploads\/2023\/05\/flag-bleu-2048x980.jpg 2048w, https:\/\/skimboard.com\/edenv4\/wp-content\/uploads\/2023\/05\/flag-bleu-676x323.jpg 676w\" sizes=\"auto, (max-width: 1024px) 100vw, 1024px\" \/><figcaption class=\"wp-element-caption\">Flag<\/figcaption><\/figure>\n<\/figure>\n\n\n\n<p><\/p>\n\n\n\n<p><strong>En plus de ces couleurs standards nous vous proposons des couleurs sur-mesure, uniquement pour les gammes PRO:<\/strong><br>Violet, Orange, Gris (du plus fonc\u00e9 au presque blanc, au choix, c&#8217;est un m\u00e9lange), Bleu clair (pareil, c&#8217;est un m\u00e9lange), Jaune p\u00e2le, Rose<\/p>\n\n\n\n<figure class=\"wp-block-gallery has-nested-images columns-default is-cropped wp-block-gallery-2 is-layout-flex wp-block-gallery-is-layout-flex\">\n<figure class=\"wp-block-image size-large\"><img loading=\"lazy\" decoding=\"async\" width=\"508\" height=\"1024\" data-id=\"5815\" src=\"https:\/\/skimboard.com\/edenv4\/wp-content\/uploads\/2023\/05\/foamie_violet-508x1024.jpg\" alt=\"\" class=\"wp-image-5815\" srcset=\"https:\/\/skimboard.com\/edenv4\/wp-content\/uploads\/2023\/05\/foamie_violet-508x1024.jpg 508w, https:\/\/skimboard.com\/edenv4\/wp-content\/uploads\/2023\/05\/foamie_violet-600x1210.jpg 600w, https:\/\/skimboard.com\/edenv4\/wp-content\/uploads\/2023\/05\/foamie_violet-149x300.jpg 149w, https:\/\/skimboard.com\/edenv4\/wp-content\/uploads\/2023\/05\/foamie_violet-768x1549.jpg 768w, https:\/\/skimboard.com\/edenv4\/wp-content\/uploads\/2023\/05\/foamie_violet-762x1536.jpg 762w, https:\/\/skimboard.com\/edenv4\/wp-content\/uploads\/2023\/05\/foamie_violet-676x1363.jpg 676w, https:\/\/skimboard.com\/edenv4\/wp-content\/uploads\/2023\/05\/foamie_violet.jpg 900w\" sizes=\"auto, (max-width: 508px) 100vw, 508px\" \/><figcaption class=\"wp-element-caption\">Violet<\/figcaption><\/figure>\n\n\n\n<figure class=\"wp-block-image size-large\"><img loading=\"lazy\" decoding=\"async\" width=\"450\" height=\"1024\" data-id=\"6619\" src=\"https:\/\/skimboard.com\/edenv4\/wp-content\/uploads\/2023\/05\/foamie_134_jaune-450x1024.jpg\" alt=\"\" class=\"wp-image-6619\" srcset=\"https:\/\/skimboard.com\/edenv4\/wp-content\/uploads\/2023\/05\/foamie_134_jaune-450x1024.jpg 450w, https:\/\/skimboard.com\/edenv4\/wp-content\/uploads\/2023\/05\/foamie_134_jaune-scaled-600x1367.jpg 600w, https:\/\/skimboard.com\/edenv4\/wp-content\/uploads\/2023\/05\/foamie_134_jaune-132x300.jpg 132w, https:\/\/skimboard.com\/edenv4\/wp-content\/uploads\/2023\/05\/foamie_134_jaune-768x1749.jpg 768w, https:\/\/skimboard.com\/edenv4\/wp-content\/uploads\/2023\/05\/foamie_134_jaune-899x2048.jpg 899w, https:\/\/skimboard.com\/edenv4\/wp-content\/uploads\/2023\/05\/foamie_134_jaune-676x1540.jpg 676w, https:\/\/skimboard.com\/edenv4\/wp-content\/uploads\/2023\/05\/foamie_134_jaune-scaled.jpg 1124w\" sizes=\"auto, (max-width: 450px) 100vw, 450px\" \/><figcaption class=\"wp-element-caption\">Jaune <\/figcaption><\/figure>\n\n\n\n<figure class=\"wp-block-image size-large\"><img loading=\"lazy\" decoding=\"async\" width=\"768\" height=\"1024\" data-id=\"6620\" src=\"https:\/\/skimboard.com\/edenv4\/wp-content\/uploads\/2023\/05\/Dreamliner-blanc-gris-noir-orange-768x1024.jpg\" alt=\"\" class=\"wp-image-6620\" srcset=\"https:\/\/skimboard.com\/edenv4\/wp-content\/uploads\/2023\/05\/Dreamliner-blanc-gris-noir-orange-768x1024.jpg 768w, https:\/\/skimboard.com\/edenv4\/wp-content\/uploads\/2023\/05\/Dreamliner-blanc-gris-noir-orange-rotated-600x800.jpg 600w, https:\/\/skimboard.com\/edenv4\/wp-content\/uploads\/2023\/05\/Dreamliner-blanc-gris-noir-orange-225x300.jpg 225w, https:\/\/skimboard.com\/edenv4\/wp-content\/uploads\/2023\/05\/Dreamliner-blanc-gris-noir-orange-1152x1536.jpg 1152w, https:\/\/skimboard.com\/edenv4\/wp-content\/uploads\/2023\/05\/Dreamliner-blanc-gris-noir-orange-676x901.jpg 676w, https:\/\/skimboard.com\/edenv4\/wp-content\/uploads\/2023\/05\/Dreamliner-blanc-gris-noir-orange-rotated.jpg 1512w\" sizes=\"auto, (max-width: 768px) 100vw, 768px\" \/><figcaption class=\"wp-element-caption\">Blanc \/ Gris clair \/ noir \/ orange <\/figcaption><\/figure>\n\n\n\n<figure class=\"wp-block-image size-large\"><img loading=\"lazy\" decoding=\"async\" width=\"426\" height=\"1024\" data-id=\"6097\" src=\"https:\/\/skimboard.com\/edenv4\/wp-content\/uploads\/2023\/05\/pads-eden-board-bleue-426x1024.jpg\" alt=\"\" class=\"wp-image-6097\" srcset=\"https:\/\/skimboard.com\/edenv4\/wp-content\/uploads\/2023\/05\/pads-eden-board-bleue-426x1024.jpg 426w, https:\/\/skimboard.com\/edenv4\/wp-content\/uploads\/2023\/05\/pads-eden-board-bleue-scaled-600x1441.jpg 600w, https:\/\/skimboard.com\/edenv4\/wp-content\/uploads\/2023\/05\/pads-eden-board-bleue-125x300.jpg 125w, https:\/\/skimboard.com\/edenv4\/wp-content\/uploads\/2023\/05\/pads-eden-board-bleue-768x1845.jpg 768w, https:\/\/skimboard.com\/edenv4\/wp-content\/uploads\/2023\/05\/pads-eden-board-bleue-639x1536.jpg 639w, https:\/\/skimboard.com\/edenv4\/wp-content\/uploads\/2023\/05\/pads-eden-board-bleue-853x2048.jpg 853w, https:\/\/skimboard.com\/edenv4\/wp-content\/uploads\/2023\/05\/pads-eden-board-bleue-676x1624.jpg 676w, https:\/\/skimboard.com\/edenv4\/wp-content\/uploads\/2023\/05\/pads-eden-board-bleue-scaled.jpg 1066w\" sizes=\"auto, (max-width: 426px) 100vw, 426px\" \/><figcaption class=\"wp-element-caption\">Bleu clair moyen <\/figcaption><\/figure>\n<\/figure>\n\n\n\n<p><br>Concernant les planches Carbone et Diamond, le plus courant est de laisser le <strong>carbone apparent<\/strong> (dessus uniquement).<br> Option <strong>CarboneTIE DYE color\u00e9: &nbsp;+ 20\u20ac &nbsp;<\/strong>Nous proposons une version color\u00e9, Rouge, ou Blanc, ou Bleu, avec un rendu &#8220;Tie Dye&#8221; qui joue avec la trame noire du carbone. Attention, le rendu est al\u00e9atoire, d&#8217;une planche \u00e0 l&#8217;autre c&#8217;est toujours un peu diff\u00e9rent ! <\/p>\n\n\n\n<figure class=\"wp-block-gallery has-nested-images columns-default is-cropped wp-block-gallery-3 is-layout-flex wp-block-gallery-is-layout-flex\">\n<figure class=\"wp-block-image size-large\"><img loading=\"lazy\" decoding=\"async\" width=\"1024\" height=\"678\" data-id=\"5707\" src=\"https:\/\/skimboard.com\/edenv4\/wp-content\/uploads\/2023\/05\/carbone-logo-blanc-1024x678.jpg\" alt=\"\" class=\"wp-image-5707\" srcset=\"https:\/\/skimboard.com\/edenv4\/wp-content\/uploads\/2023\/05\/carbone-logo-blanc-1024x678.jpg 1024w, https:\/\/skimboard.com\/edenv4\/wp-content\/uploads\/2023\/05\/carbone-logo-blanc-scaled-600x398.jpg 600w, https:\/\/skimboard.com\/edenv4\/wp-content\/uploads\/2023\/05\/carbone-logo-blanc-300x199.jpg 300w, https:\/\/skimboard.com\/edenv4\/wp-content\/uploads\/2023\/05\/carbone-logo-blanc-768x509.jpg 768w, https:\/\/skimboard.com\/edenv4\/wp-content\/uploads\/2023\/05\/carbone-logo-blanc-1536x1017.jpg 1536w, https:\/\/skimboard.com\/edenv4\/wp-content\/uploads\/2023\/05\/carbone-logo-blanc-2048x1356.jpg 2048w, https:\/\/skimboard.com\/edenv4\/wp-content\/uploads\/2023\/05\/carbone-logo-blanc-676x448.jpg 676w\" sizes=\"auto, (max-width: 1024px) 100vw, 1024px\" \/><figcaption class=\"wp-element-caption\">Carbone apparent<\/figcaption><\/figure>\n\n\n\n<figure class=\"wp-block-image size-large\"><img loading=\"lazy\" decoding=\"async\" width=\"1024\" height=\"678\" data-id=\"5720\" src=\"https:\/\/skimboard.com\/edenv4\/wp-content\/uploads\/2023\/05\/flag-carbone-1024x678.jpg\" alt=\"\" class=\"wp-image-5720\" srcset=\"https:\/\/skimboard.com\/edenv4\/wp-content\/uploads\/2023\/05\/flag-carbone-1024x678.jpg 1024w, https:\/\/skimboard.com\/edenv4\/wp-content\/uploads\/2023\/05\/flag-carbone-scaled-600x398.jpg 600w, https:\/\/skimboard.com\/edenv4\/wp-content\/uploads\/2023\/05\/flag-carbone-300x199.jpg 300w, https:\/\/skimboard.com\/edenv4\/wp-content\/uploads\/2023\/05\/flag-carbone-768x509.jpg 768w, https:\/\/skimboard.com\/edenv4\/wp-content\/uploads\/2023\/05\/flag-carbone-1536x1017.jpg 1536w, https:\/\/skimboard.com\/edenv4\/wp-content\/uploads\/2023\/05\/flag-carbone-2048x1356.jpg 2048w, https:\/\/skimboard.com\/edenv4\/wp-content\/uploads\/2023\/05\/flag-carbone-676x448.jpg 676w\" sizes=\"auto, (max-width: 1024px) 100vw, 1024px\" \/><figcaption class=\"wp-element-caption\">Flag<\/figcaption><\/figure>\n\n\n\n<figure class=\"wp-block-image size-large\"><img loading=\"lazy\" decoding=\"async\" width=\"344\" height=\"622\" data-id=\"5710\" src=\"https:\/\/skimboard.com\/edenv4\/wp-content\/uploads\/2023\/05\/carbone-rouge.jpg\" alt=\"\" class=\"wp-image-5710\" srcset=\"https:\/\/skimboard.com\/edenv4\/wp-content\/uploads\/2023\/05\/carbone-rouge.jpg 344w, https:\/\/skimboard.com\/edenv4\/wp-content\/uploads\/2023\/05\/carbone-rouge-166x300.jpg 166w\" sizes=\"auto, (max-width: 344px) 100vw, 344px\" \/><figcaption class=\"wp-element-caption\">Tie Dye<\/figcaption><\/figure>\n\n\n\n<figure class=\"wp-block-image size-large\"><img loading=\"lazy\" decoding=\"async\" width=\"477\" height=\"573\" data-id=\"5709\" src=\"https:\/\/skimboard.com\/edenv4\/wp-content\/uploads\/2023\/05\/carbone-rouge-nose.jpg\" alt=\"\" class=\"wp-image-5709\" srcset=\"https:\/\/skimboard.com\/edenv4\/wp-content\/uploads\/2023\/05\/carbone-rouge-nose.jpg 477w, https:\/\/skimboard.com\/edenv4\/wp-content\/uploads\/2023\/05\/carbone-rouge-nose-250x300.jpg 250w\" sizes=\"auto, (max-width: 477px) 100vw, 477px\" \/><figcaption class=\"wp-element-caption\">Tie Dye<\/figcaption><\/figure>\n\n\n\n<figure class=\"wp-block-image size-large\"><img loading=\"lazy\" decoding=\"async\" width=\"480\" height=\"440\" data-id=\"5708\" src=\"https:\/\/skimboard.com\/edenv4\/wp-content\/uploads\/2023\/05\/carbone-rouge-flag.jpg\" alt=\"\" class=\"wp-image-5708\" srcset=\"https:\/\/skimboard.com\/edenv4\/wp-content\/uploads\/2023\/05\/carbone-rouge-flag.jpg 480w, https:\/\/skimboard.com\/edenv4\/wp-content\/uploads\/2023\/05\/carbone-rouge-flag-300x275.jpg 300w\" sizes=\"auto, (max-width: 480px) 100vw, 480px\" \/><figcaption class=\"wp-element-caption\">Tie Dye Flag<\/figcaption><\/figure>\n\n\n\n<figure class=\"wp-block-image size-large\"><img loading=\"lazy\" decoding=\"async\" width=\"1024\" height=\"678\" data-id=\"5797\" src=\"https:\/\/skimboard.com\/edenv4\/wp-content\/uploads\/2023\/05\/carbone-blanc-1024x678.jpg\" alt=\"\" class=\"wp-image-5797\" srcset=\"https:\/\/skimboard.com\/edenv4\/wp-content\/uploads\/2023\/05\/carbone-blanc-1024x678.jpg 1024w, https:\/\/skimboard.com\/edenv4\/wp-content\/uploads\/2023\/05\/carbone-blanc-scaled-600x398.jpg 600w, https:\/\/skimboard.com\/edenv4\/wp-content\/uploads\/2023\/05\/carbone-blanc-300x199.jpg 300w, https:\/\/skimboard.com\/edenv4\/wp-content\/uploads\/2023\/05\/carbone-blanc-768x509.jpg 768w, https:\/\/skimboard.com\/edenv4\/wp-content\/uploads\/2023\/05\/carbone-blanc-1536x1017.jpg 1536w, https:\/\/skimboard.com\/edenv4\/wp-content\/uploads\/2023\/05\/carbone-blanc-2048x1356.jpg 2048w, https:\/\/skimboard.com\/edenv4\/wp-content\/uploads\/2023\/05\/carbone-blanc-676x448.jpg 676w\" sizes=\"auto, (max-width: 1024px) 100vw, 1024px\" \/><figcaption class=\"wp-element-caption\">Carbone Tie Dye Blanc<\/figcaption><\/figure>\n<\/figure>\n\n\n\n<p><\/p>\n\n\n\n<p><strong>Remarques concernant la finition des planches: <\/strong>Voir <a href=\"https:\/\/skimboard.com\/edenv4\/garantie\/\" data-type=\"page\" data-id=\"91\">Garantie<\/a><br><br><\/p>\n","protected":false},"excerpt":{"rendered":"<p>Le dessous de nos skimboards est toujours blanc, pour une meilleure r\u00e9sistance aux rayures. Le colorant blanc ajout\u00e9 \u00e0 la r\u00e9sine est du &#8220;blanc de titane&#8221; (=dioxyde de titane) qui lui conf\u00e8re une bien meilleure r\u00e9sistance au frottement que les autres couleurs.De plus, les in\u00e9vitables rayures se verront bien moins sur du blanc. En revanche [&hellip;]<\/p>\n","protected":false},"author":2,"featured_media":0,"parent":0,"menu_order":0,"comment_status":"closed","ping_status":"closed","template":"","meta":{"footnotes":""},"class_list":["post-6077","page","type-page","status-publish","hentry","post-preview"],"_links":{"self":[{"href":"https:\/\/skimboard.com\/edenv4\/wp-json\/wp\/v2\/pages\/6077","targetHints":{"allow":["GET"]}}],"collection":[{"href":"https:\/\/skimboard.com\/edenv4\/wp-json\/wp\/v2\/pages"}],"about":[{"href":"https:\/\/skimboard.com\/edenv4\/wp-json\/wp\/v2\/types\/page"}],"author":[{"embeddable":true,"href":"https:\/\/skimboard.com\/edenv4\/wp-json\/wp\/v2\/users\/2"}],"replies":[{"embeddable":true,"href":"https:\/\/skimboard.com\/edenv4\/wp-json\/wp\/v2\/comments?post=6077"}],"version-history":[{"count":5,"href":"https:\/\/skimboard.com\/edenv4\/wp-json\/wp\/v2\/pages\/6077\/revisions"}],"predecessor-version":[{"id":6743,"href":"https:\/\/skimboard.com\/edenv4\/wp-json\/wp\/v2\/pages\/6077\/revisions\/6743"}],"wp:attachment":[{"href":"https:\/\/skimboard.com\/edenv4\/wp-json\/wp\/v2\/media?parent=6077"}],"curies":[{"name":"wp","href":"https:\/\/api.w.org\/{rel}","templated":true}]}}