{"id":6026,"date":"2023-05-16T16:15:12","date_gmt":"2023-05-16T15:15:12","guid":{"rendered":"https:\/\/skimboard.com\/edenv4\/?page_id=6026"},"modified":"2023-05-20T16:37:55","modified_gmt":"2023-05-20T15:37:55","slug":"renforts-cibles","status":"publish","type":"page","link":"https:\/\/skimboard.com\/edenv4\/renforts-cibles\/","title":{"rendered":"Option renforts cibl\u00e9s"},"content":{"rendered":"\n<p><strong>Suppl\u00e9ment de 10 \u20ac<\/strong>  L&#8217;option renforts cibl\u00e9s est disponible pour toutes les planches sur-mesure.<\/p>\n\n\n\n<p>Pour toutes les planches sur-mesure, nous pouvons ajouter des renforts aux endroits &#8220;strat\u00e9giques&#8221; afin de limiter les risques de casse.\u00a0 <br>Il s&#8217;agit d&#8217;un morceau de tissu de S-Glass (le plus costaud !) limit\u00e9 \u00e0 une zone pr\u00e9cise, et qui s&#8217;ajoute \u00e0 la stratification normale.<br>Cette option est surtout conseill\u00e9e pour les riders tr\u00e8s lourds, ou d\u00e9j\u00e0 exp\u00e9riment\u00e9s et qui savent o\u00f9 leurs anciennes planches se cassaient. <br><strong>Pour un rider &#8220;normal&#8221; qui ne cassent pas ses planches il est inutile de rajouter quoi que ce soit.<\/strong><\/p>\n\n\n\n<p><strong>Pourquoi un skimboard se casse, et comment l&#8217;\u00e9viter: <\/strong><br>Normalement la planche s&#8217;abime le plus \u00e0 l&#8217;endroit o\u00f9 se pose le talon du premier pied qui monte sur la planche, car c&#8217;est l\u00e0 o\u00f9 les impacts sont les plus forts et les plus fr\u00e9quents. Ainsi, un rider droitier qui monte pied avant en premier tapera toujours d&#8217;abord avec son talon pied gauche sur le cot\u00e9 avant gauche de sa board (au 2\/3 avant), et s&#8217;il est goofy (gaucher) ce sera le talon pied droit \u00e0 l&#8217;avant \u00e0 droite. <br>Pour ceux qui montent pied arri\u00e8re en premier, le talon tapera le 1\/3 arri\u00e8re de la board (juste en haut du pad).<br>Ces chocs r\u00e9p\u00e9t\u00e9s \u00e0 chaque mont\u00e9e finissent par fatiguer la stratification et enfoncer un peu le noyau interne, et donc fragilisent toute la zone qui peut finir par casser transversalement (fracture d&#8217;un rail \u00e0 l&#8217;autre), toujours sur le dessus de la board, \u00e0 n&#8217;importe quel moment (\u00e0 cause d&#8217;une vague un peu plus forte, ou d&#8217;un appui particuli\u00e8rement  violent etc&#8230;).  <\/p>\n\n\n\n<p>Il arrive aussi que des riders qui montent pied arri\u00e8re en premier cassent leurs planches au milieu, car ils ont l&#8217;habitude de taper fort du pied avant pour &#8220;pomper&#8221; (faire taper la board pour gagner de la vitesse). <br>Dans le cas de spots avec souvent des grosses vagues (La R\u00e9union, la Courrance &#8230;) la planche peut casser \u00e0 cause de la seule force de la vague, sur le dessus ou plus rarement sur le dessous, mais toujours au milieu. <\/p>\n\n\n\n<p>C&#8217;est donc au client de nous dire \u00e0 quel endroit il a cass\u00e9 son ancienne planche, et dans quelle circonstance. A partir de ces renseignements, on discutera ensemble des renforts \u00e0 placer. <br><\/p>\n\n\n\n<p>En savoir plus:<br>Un morceau de carton \u00e9pais et neuf sera rigide, mais d\u00e8s qu&#8217;il fatigue sous l&#8217;effet de la compression, de l&#8217;humidit\u00e9, des chocs, il se pliera facilement.<br>On comprend ainsi l&#8217;importance de la qualit\u00e9 du pain de mousse\/noyau interne qui doit encaisser les coups de talon sans trop s&#8217;enfoncer ni se fissurer, surtout qu&#8217;un skimboard est bien plus fin qu&#8217;une planche de surf ! <br>Autant pour des surfs de 10 cm d&#8217;\u00e9paisseur ce n&#8217;est pas si sensible (et encore &#8230;), autant pour un skimboard de 1,8 cm \u00e7a ne pardonne pas. <br>Seule la mousse de PVC expans\u00e9 Airex (marque suisse qui a le brevet) r\u00e9siste dans la dur\u00e9e \u00e0 ce traitement et est waterproof. Le polystyr\u00e8ne expans\u00e9 (EPS) est bien trop mou, et le polyur\u00e9thane bien trop friable, sans compter que les deux se gorgent d&#8217;eau \u00e0 la moindre fissure. <\/p>\n","protected":false},"excerpt":{"rendered":"<p>Suppl\u00e9ment de 10 \u20ac L&#8217;option renforts cibl\u00e9s est disponible pour toutes les planches sur-mesure. Pour toutes les planches sur-mesure, nous pouvons ajouter des renforts aux endroits &#8220;strat\u00e9giques&#8221; afin de limiter les risques de casse.\u00a0 Il s&#8217;agit d&#8217;un morceau de tissu de S-Glass (le plus costaud !) limit\u00e9 \u00e0 une zone pr\u00e9cise, et qui s&#8217;ajoute \u00e0 [&hellip;]<\/p>\n","protected":false},"author":2,"featured_media":0,"parent":0,"menu_order":0,"comment_status":"closed","ping_status":"closed","template":"","meta":{"footnotes":""},"class_list":["post-6026","page","type-page","status-publish","hentry","post-preview"],"_links":{"self":[{"href":"https:\/\/skimboard.com\/edenv4\/wp-json\/wp\/v2\/pages\/6026","targetHints":{"allow":["GET"]}}],"collection":[{"href":"https:\/\/skimboard.com\/edenv4\/wp-json\/wp\/v2\/pages"}],"about":[{"href":"https:\/\/skimboard.com\/edenv4\/wp-json\/wp\/v2\/types\/page"}],"author":[{"embeddable":true,"href":"https:\/\/skimboard.com\/edenv4\/wp-json\/wp\/v2\/users\/2"}],"replies":[{"embeddable":true,"href":"https:\/\/skimboard.com\/edenv4\/wp-json\/wp\/v2\/comments?post=6026"}],"version-history":[{"count":6,"href":"https:\/\/skimboard.com\/edenv4\/wp-json\/wp\/v2\/pages\/6026\/revisions"}],"predecessor-version":[{"id":6423,"href":"https:\/\/skimboard.com\/edenv4\/wp-json\/wp\/v2\/pages\/6026\/revisions\/6423"}],"wp:attachment":[{"href":"https:\/\/skimboard.com\/edenv4\/wp-json\/wp\/v2\/media?parent=6026"}],"curies":[{"name":"wp","href":"https:\/\/api.w.org\/{rel}","templated":true}]}}