{"id":5401,"date":"2023-04-18T15:59:49","date_gmt":"2023-04-18T14:59:49","guid":{"rendered":"https:\/\/skimboard.com\/edenv4\/panier\/"},"modified":"2025-03-11T16:59:40","modified_gmt":"2025-03-11T15:59:40","slug":"panier","status":"publish","type":"page","link":"https:\/\/skimboard.com\/edenv4\/panier\/","title":{"rendered":"Panier"},"content":{"rendered":"\n<p>Si vous rencontrez le moindre probl\u00e8me lors de votre commande, ou si vous avez des questions, n&#8217;h\u00e9sitez pas \u00e0 nous contacter, de pr\u00e9f\u00e9rence via le <a href=\"https:\/\/skimboard.com\/edenv4\/contact\/\" data-type=\"page\" data-id=\"120\">formulaire de contact<\/a>, mais aussi par t\u00e9l\u00e9phone au 06 24 68 30 19<\/p>\n\n\n\n<p><strong>ATTENTION: Livraison en &#8220;point de vente&#8221; signifie Retrait \u00e0 notre atelier<\/strong> <strong>\u00e0 Pessac en Gironde <\/strong>(sur rdv) <\/p>\n\n\n\n<p>N&#8217;oubliez pas que pour l&#8217;achat d&#8217;une planche et de ses grips, vous b\u00e9n\u00e9ficiez d&#8217;une r\u00e9duction de 20% sur une housse !  Voir l&#8217;<a href=\"http:\/\/pack\">offre Pack<\/a><\/p>\n\n\n\n","protected":false},"excerpt":{"rendered":"<p>Si vous rencontrez le moindre probl\u00e8me lors de votre commande, ou si vous avez des questions, n&#8217;h\u00e9sitez pas \u00e0 nous contacter, de pr\u00e9f\u00e9rence via le formulaire de contact, mais aussi par t\u00e9l\u00e9phone au 06 24 68 30 19 ATTENTION: Livraison en &#8220;point de vente&#8221; signifie Retrait \u00e0 notre atelier \u00e0 Pessac en Gironde (sur rdv) [&hellip;]<\/p>\n","protected":false},"author":1,"featured_media":0,"parent":0,"menu_order":0,"comment_status":"closed","ping_status":"closed","template":"","meta":{"footnotes":""},"class_list":["post-5401","page","type-page","status-publish","hentry","post-preview"],"_links":{"self":[{"href":"https:\/\/skimboard.com\/edenv4\/wp-json\/wp\/v2\/pages\/5401","targetHints":{"allow":["GET"]}}],"collection":[{"href":"https:\/\/skimboard.com\/edenv4\/wp-json\/wp\/v2\/pages"}],"about":[{"href":"https:\/\/skimboard.com\/edenv4\/wp-json\/wp\/v2\/types\/page"}],"author":[{"embeddable":true,"href":"https:\/\/skimboard.com\/edenv4\/wp-json\/wp\/v2\/users\/1"}],"replies":[{"embeddable":true,"href":"https:\/\/skimboard.com\/edenv4\/wp-json\/wp\/v2\/comments?post=5401"}],"version-history":[{"count":6,"href":"https:\/\/skimboard.com\/edenv4\/wp-json\/wp\/v2\/pages\/5401\/revisions"}],"predecessor-version":[{"id":8968,"href":"https:\/\/skimboard.com\/edenv4\/wp-json\/wp\/v2\/pages\/5401\/revisions\/8968"}],"wp:attachment":[{"href":"https:\/\/skimboard.com\/edenv4\/wp-json\/wp\/v2\/media?parent=5401"}],"curies":[{"name":"wp","href":"https:\/\/api.w.org\/{rel}","templated":true}]}}