{"id":46,"date":"2012-01-01T00:00:01","date_gmt":"2011-12-31T23:00:01","guid":{"rendered":"http:\/\/skimboard.com\/edenv4\/sglass\/"},"modified":"2023-05-22T16:31:47","modified_gmt":"2023-05-22T15:31:47","slug":"sglass","status":"publish","type":"page","link":"https:\/\/skimboard.com\/edenv4\/sglass\/","title":{"rendered":"Skimboards\/ La Gamme S-Glass PRO"},"content":{"rendered":"\n<figure class=\"wp-block-gallery has-nested-images columns-default is-cropped wp-block-gallery-1 is-layout-flex wp-block-gallery-is-layout-flex\">\n<figure class=\"wp-block-image size-large\"><a href=\"https:\/\/skimboard.com\/edenv4\/acheter\/\"><img loading=\"lazy\" decoding=\"async\" width=\"458\" height=\"1024\" data-id=\"5714\" src=\"https:\/\/skimboard.com\/edenv4\/wp-content\/uploads\/2023\/05\/compacte-blanc-2023-458x1024.jpg\" alt=\"\" class=\"wp-image-5714\" srcset=\"https:\/\/skimboard.com\/edenv4\/wp-content\/uploads\/2023\/05\/compacte-blanc-2023-458x1024.jpg 458w, https:\/\/skimboard.com\/edenv4\/wp-content\/uploads\/2023\/05\/compacte-blanc-2023-scaled-600x1340.jpg 600w, https:\/\/skimboard.com\/edenv4\/wp-content\/uploads\/2023\/05\/compacte-blanc-2023-134x300.jpg 134w, https:\/\/skimboard.com\/edenv4\/wp-content\/uploads\/2023\/05\/compacte-blanc-2023-768x1715.jpg 768w, https:\/\/skimboard.com\/edenv4\/wp-content\/uploads\/2023\/05\/compacte-blanc-2023-688x1536.jpg 688w, https:\/\/skimboard.com\/edenv4\/wp-content\/uploads\/2023\/05\/compacte-blanc-2023-917x2048.jpg 917w, https:\/\/skimboard.com\/edenv4\/wp-content\/uploads\/2023\/05\/compacte-blanc-2023-676x1510.jpg 676w, https:\/\/skimboard.com\/edenv4\/wp-content\/uploads\/2023\/05\/compacte-blanc-2023-scaled.jpg 1146w\" sizes=\"auto, (max-width: 458px) 100vw, 458px\" \/><\/a><figcaption class=\"wp-element-caption\">ShapeClasic<\/figcaption><\/figure>\n\n\n\n<figure class=\"wp-block-image size-large\"><a href=\"https:\/\/skimboard.com\/edenv4\/acheter\/\"><img loading=\"lazy\" decoding=\"async\" width=\"477\" height=\"1024\" data-id=\"5705\" src=\"https:\/\/skimboard.com\/edenv4\/wp-content\/uploads\/2023\/05\/bigfish-rouge-2023-477x1024.jpg\" alt=\"\" class=\"wp-image-5705\" srcset=\"https:\/\/skimboard.com\/edenv4\/wp-content\/uploads\/2023\/05\/bigfish-rouge-2023-477x1024.jpg 477w, https:\/\/skimboard.com\/edenv4\/wp-content\/uploads\/2023\/05\/bigfish-rouge-2023-scaled-600x1288.jpg 600w, https:\/\/skimboard.com\/edenv4\/wp-content\/uploads\/2023\/05\/bigfish-rouge-2023-140x300.jpg 140w, https:\/\/skimboard.com\/edenv4\/wp-content\/uploads\/2023\/05\/bigfish-rouge-2023-768x1648.jpg 768w, https:\/\/skimboard.com\/edenv4\/wp-content\/uploads\/2023\/05\/bigfish-rouge-2023-716x1536.jpg 716w, https:\/\/skimboard.com\/edenv4\/wp-content\/uploads\/2023\/05\/bigfish-rouge-2023-954x2048.jpg 954w, https:\/\/skimboard.com\/edenv4\/wp-content\/uploads\/2023\/05\/bigfish-rouge-2023-676x1451.jpg 676w, https:\/\/skimboard.com\/edenv4\/wp-content\/uploads\/2023\/05\/bigfish-rouge-2023-scaled.jpg 1193w\" sizes=\"auto, (max-width: 477px) 100vw, 477px\" \/><\/a><figcaption class=\"wp-element-caption\">Big Fish<\/figcaption><\/figure>\n\n\n\n<figure class=\"wp-block-image size-large\"><a href=\"https:\/\/skimboard.com\/edenv4\/acheter\/\"><img loading=\"lazy\" decoding=\"async\" width=\"502\" height=\"1024\" data-id=\"5813\" src=\"https:\/\/skimboard.com\/edenv4\/wp-content\/uploads\/2023\/05\/foamie-DL2-bleu-502x1024.jpg\" alt=\"\" class=\"wp-image-5813\" srcset=\"https:\/\/skimboard.com\/edenv4\/wp-content\/uploads\/2023\/05\/foamie-DL2-bleu-502x1024.jpg 502w, https:\/\/skimboard.com\/edenv4\/wp-content\/uploads\/2023\/05\/foamie-DL2-bleu-scaled-600x1225.jpg 600w, https:\/\/skimboard.com\/edenv4\/wp-content\/uploads\/2023\/05\/foamie-DL2-bleu-147x300.jpg 147w, https:\/\/skimboard.com\/edenv4\/wp-content\/uploads\/2023\/05\/foamie-DL2-bleu-768x1568.jpg 768w, https:\/\/skimboard.com\/edenv4\/wp-content\/uploads\/2023\/05\/foamie-DL2-bleu-752x1536.jpg 752w, https:\/\/skimboard.com\/edenv4\/wp-content\/uploads\/2023\/05\/foamie-DL2-bleu-1003x2048.jpg 1003w, https:\/\/skimboard.com\/edenv4\/wp-content\/uploads\/2023\/05\/foamie-DL2-bleu-676x1380.jpg 676w, https:\/\/skimboard.com\/edenv4\/wp-content\/uploads\/2023\/05\/foamie-DL2-bleu-scaled.jpg 1254w\" sizes=\"auto, (max-width: 502px) 100vw, 502px\" \/><\/a><figcaption class=\"wp-element-caption\">Shape Dream Liner<\/figcaption><\/figure>\n<\/figure>\n\n\n<figure class=\"wp-block-gallery has-nested-images columns-3\">\n<figure class=\"wp-block-image size-large\">\n<figcaption class=\"wp-element-caption\"><\/figcaption>\n<\/figure>\n<figure class=\"wp-block-image size-large\">\n<figcaption class=\"wp-element-caption\"><strong style=\"font-size: inherit; color: #444444;\">Prix: 389<\/strong><span style=\"font-size: inherit; color: #444444;\">La s\u00e9rie S-Glass COMP comprend\u00a0tous les shapes (Classic \/ Big Fish \/ Dream Liner) que nous proposons sur ce site mais avec une stratification (construction) haut de gamme.\u00a0<\/span><\/figcaption>\n<\/figure>\n<\/figure>\n<p><strong>Prix: 365\u20ac \u00a0 <\/strong>tous mod\u00e8les, toutes tailles. \u00a0Livraison gratuite France m\u00e9tro, hors Corse<strong><a href=\"https:\/\/skimboard.com\/edenv4\/acheter\/\"><img loading=\"lazy\" decoding=\"async\" class=\"alignright size-full wp-image-908\" src=\"https:\/\/skimboard.com\/edenv4\/wp-content\/uploads\/2017\/06\/bouton_comment_acheter.jpg\" alt=\"\" width=\"240\" height=\"76\" \/><\/a><\/strong><\/p>\n<p>C&#8217;est une technique de stratification (= construction d&#8217;un composite), ce n&#8217;est pas <strong>une<\/strong> planche mais une <strong>mani\u00e8re<\/strong> de la construire. <br \/>Nos trois shapes (formes de planches) <em><a href=\"https:\/\/skimboard.com\/edenv4\/skimboards-shape-classic\/\" data-type=\"page\" data-id=\"6383\">Classic<\/a> \/ <a href=\"https:\/\/skimboard.com\/edenv4\/skimboard-foamie-big-fish\/\" data-type=\"page\" data-id=\"5980\">Big Fish<\/a> \/ <a href=\"https:\/\/skimboard.com\/edenv4\/skimboards-foamies-dream-liner\/\" data-type=\"page\" data-id=\"2592\">Dream Liner<\/a><\/em> sont r\u00e9alisables avec cette stratification <b><i>S-Glass PRO<\/i><\/b><br \/>Voir: <a href=\"https:\/\/skimboard.com\/edenv4\/choisirtaille\/\" data-type=\"page\" data-id=\"98\"><em>Choisir le Shape et la taille<\/em><\/a> et <a href=\"https:\/\/skimboard.com\/edenv4\/choisirlagamme\/\" data-type=\"page\" data-id=\"145\"><em>Choisir la gamme de stratification<\/em><\/a> , de votre planche.<\/p>\n<p>Pour commander une de ces planches, allez sur <a href=\"https:\/\/skimboard.com\/edenv4\/planches-de-skimboard-sur-mesure-et-gammes-comp\/\"><em>Planches sur mesure et gammes Pro<\/em><\/a><\/p>\n<p>Voir notre <a href=\"https:\/\/skimboard.com\/edenv4\/bien-equiper-votre-skimboard\/\">Offre PACK<\/a>: \u00a0pour bien \u00e9quiper votre skimboard avec ses grips et une housse.<\/p>\n<p><strong>Caract\u00e9ristiques techniques:<\/strong><br \/>Le <em>S-Glass<\/em> (<strong>S<\/strong>trength-Glass) est un tissu de verre tr\u00e8s hautes performances, bien plus que le E-Glass standard. Il est presque aussi r\u00e9actif que le carbone, un peu plus lourd, mais surtout tr\u00e8s r\u00e9sistant aux chocs et \u00e0 la rupture. La planche est donc r\u00e9active et solide.<br \/>En cons\u00e9quence, cette stratification est\u00a0pr\u00e9f\u00e9rable \u00e0 la <a href=\"https:\/\/skimboard.com\/edenv4\/skimboards-foamie-zt-standard\/\"><em>Gamme ZT-Standard<\/em><\/a> pour des conditions difficiles\u00a0(grosses vagues, skimboardeurs avec un style &#8220;brutal&#8221;&#8230;) et pour les riders de grands gabarits qui ont besoin d&#8217;une planche de grande taille ET solide (Classic 139cm \/ Big Fish). <br \/>Elle conviendra aussi aux riders &#8220;en progr\u00e8s&#8221; qui commencent \u00e0 pousser sur leurs appuis et veulent monter en gamme.<\/p>\n<p>Int\u00e9gralement fabriqu\u00e9es \u00e0 la main en France, dans notre atelier de Bordeaux, c\u0153ur en mousse de PVC Airex 100% waterproof, stratifi\u00e9 sous-vide.<br \/>Il y a une couche enti\u00e8re de tissu <em>S-Glass<\/em> sur le dessus, et un large renfort <em>S-Glass<\/em> sur le dessous, compl\u00e9t\u00e9s par du <em>E-Glass<\/em>.<\/p>\n<p><strong>Option <a href=\"https:\/\/skimboard.com\/edenv4\/option-ultra-light\/\">Ultra Light<\/a><\/strong>: Gratuit !! Une couche de E-glass en moins sur le dessus donne une planche plus l\u00e9g\u00e8re et plus nerveuse, mais bien s\u00fbr moins costaud.\u00a0<\/p>\n<p><strong>Options <a href=\"https:\/\/skimboard.com\/edenv4\/renforts-cibles\/\">Renforts cibl\u00e9s<\/a>:<\/strong><strong>\u00a0<\/strong>+<strong>10\u20ac<\/strong>\u00a0 Nous pouvons rajouter des renforts aux endroits &#8220;strat\u00e9giques&#8221;.\u00a0 Recommand\u00e9 seulement pour les riders lourds, ou d\u00e9j\u00e0 exp\u00e9riment\u00e9s et qui savent comment leurs anciennes planches se sont cass\u00e9es.<\/p>\n<p><strong>Coloris:<\/strong><br \/>Le dessous est toujours blanc, pour une meilleure r\u00e9sistance aux rayures. <br \/>Dessus color\u00e9 dans la masse, voir <a href=\"https:\/\/skimboard.com\/edenv4\/couleurs-disponibles\/\">couleurs disponibles<\/a>, mais il faut savoir que la trame extr\u00eamement serr\u00e9e du tissu S-Glass a tendance \u00e0 &#8220;filtrer&#8221; les colorants et peut conduire \u00e0 former des zones plus ou moins claires, comme un tissu &#8220;chin\u00e9&#8221;.\u00a0<br \/>Flag (drapeau) composite int\u00e9gr\u00e9 dans la r\u00e9sine. C\u2019est fabriqu\u00e9 en France, autant le montrer <img decoding=\"async\" class=\"emoji\" role=\"img\" draggable=\"false\" src=\"https:\/\/s.w.org\/images\/core\/emoji\/14.0.0\/svg\/1f609.svg\" alt=\"&#x1f609;\" \/><\/p>\n\n\n<figure class=\"wp-block-gallery has-nested-images columns-default is-cropped wp-block-gallery-2 is-layout-flex wp-block-gallery-is-layout-flex\">\n<figure class=\"wp-block-image size-large\"><img loading=\"lazy\" decoding=\"async\" width=\"1024\" height=\"612\" data-id=\"5722\" src=\"https:\/\/skimboard.com\/edenv4\/wp-content\/uploads\/2023\/05\/flag-rouge-1024x612.jpg\" alt=\"\" class=\"wp-image-5722\" srcset=\"https:\/\/skimboard.com\/edenv4\/wp-content\/uploads\/2023\/05\/flag-rouge-1024x612.jpg 1024w, https:\/\/skimboard.com\/edenv4\/wp-content\/uploads\/2023\/05\/flag-rouge-scaled-600x358.jpg 600w, https:\/\/skimboard.com\/edenv4\/wp-content\/uploads\/2023\/05\/flag-rouge-300x179.jpg 300w, https:\/\/skimboard.com\/edenv4\/wp-content\/uploads\/2023\/05\/flag-rouge-768x459.jpg 768w, https:\/\/skimboard.com\/edenv4\/wp-content\/uploads\/2023\/05\/flag-rouge-1536x918.jpg 1536w, https:\/\/skimboard.com\/edenv4\/wp-content\/uploads\/2023\/05\/flag-rouge-2048x1223.jpg 2048w, https:\/\/skimboard.com\/edenv4\/wp-content\/uploads\/2023\/05\/flag-rouge-676x404.jpg 676w\" sizes=\"auto, (max-width: 1024px) 100vw, 1024px\" \/><\/figure>\n\n\n\n<figure class=\"wp-block-image size-large\"><img loading=\"lazy\" decoding=\"async\" width=\"1024\" height=\"473\" data-id=\"5721\" src=\"https:\/\/skimboard.com\/edenv4\/wp-content\/uploads\/2023\/05\/flag-noir-1024x473.jpg\" alt=\"\" class=\"wp-image-5721\" srcset=\"https:\/\/skimboard.com\/edenv4\/wp-content\/uploads\/2023\/05\/flag-noir-1024x473.jpg 1024w, https:\/\/skimboard.com\/edenv4\/wp-content\/uploads\/2023\/05\/flag-noir-scaled-600x278.jpg 600w, https:\/\/skimboard.com\/edenv4\/wp-content\/uploads\/2023\/05\/flag-noir-300x139.jpg 300w, https:\/\/skimboard.com\/edenv4\/wp-content\/uploads\/2023\/05\/flag-noir-768x355.jpg 768w, https:\/\/skimboard.com\/edenv4\/wp-content\/uploads\/2023\/05\/flag-noir-1536x710.jpg 1536w, https:\/\/skimboard.com\/edenv4\/wp-content\/uploads\/2023\/05\/flag-noir-2048x947.jpg 2048w, https:\/\/skimboard.com\/edenv4\/wp-content\/uploads\/2023\/05\/flag-noir-676x313.jpg 676w\" sizes=\"auto, (max-width: 1024px) 100vw, 1024px\" \/><\/figure>\n\n\n\n<figure class=\"wp-block-image size-large\"><img loading=\"lazy\" decoding=\"async\" width=\"1024\" height=\"490\" data-id=\"5718\" src=\"https:\/\/skimboard.com\/edenv4\/wp-content\/uploads\/2023\/05\/flag-bleu-1024x490.jpg\" alt=\"\" class=\"wp-image-5718\" srcset=\"https:\/\/skimboard.com\/edenv4\/wp-content\/uploads\/2023\/05\/flag-bleu-1024x490.jpg 1024w, https:\/\/skimboard.com\/edenv4\/wp-content\/uploads\/2023\/05\/flag-bleu-scaled-600x287.jpg 600w, https:\/\/skimboard.com\/edenv4\/wp-content\/uploads\/2023\/05\/flag-bleu-300x144.jpg 300w, https:\/\/skimboard.com\/edenv4\/wp-content\/uploads\/2023\/05\/flag-bleu-768x367.jpg 768w, https:\/\/skimboard.com\/edenv4\/wp-content\/uploads\/2023\/05\/flag-bleu-1536x735.jpg 1536w, https:\/\/skimboard.com\/edenv4\/wp-content\/uploads\/2023\/05\/flag-bleu-2048x980.jpg 2048w, https:\/\/skimboard.com\/edenv4\/wp-content\/uploads\/2023\/05\/flag-bleu-676x323.jpg 676w\" sizes=\"auto, (max-width: 1024px) 100vw, 1024px\" \/><\/figure>\n\n\n\n<figure class=\"wp-block-image size-large\"><img loading=\"lazy\" decoding=\"async\" width=\"1024\" height=\"596\" data-id=\"5717\" src=\"https:\/\/skimboard.com\/edenv4\/wp-content\/uploads\/2023\/05\/flag-blanc-1024x596.jpg\" alt=\"\" class=\"wp-image-5717\" srcset=\"https:\/\/skimboard.com\/edenv4\/wp-content\/uploads\/2023\/05\/flag-blanc-1024x596.jpg 1024w, https:\/\/skimboard.com\/edenv4\/wp-content\/uploads\/2023\/05\/flag-blanc-scaled-600x349.jpg 600w, https:\/\/skimboard.com\/edenv4\/wp-content\/uploads\/2023\/05\/flag-blanc-300x175.jpg 300w, https:\/\/skimboard.com\/edenv4\/wp-content\/uploads\/2023\/05\/flag-blanc-768x447.jpg 768w, https:\/\/skimboard.com\/edenv4\/wp-content\/uploads\/2023\/05\/flag-blanc-1536x894.jpg 1536w, https:\/\/skimboard.com\/edenv4\/wp-content\/uploads\/2023\/05\/flag-blanc-2048x1192.jpg 2048w, https:\/\/skimboard.com\/edenv4\/wp-content\/uploads\/2023\/05\/flag-blanc-676x393.jpg 676w\" sizes=\"auto, (max-width: 1024px) 100vw, 1024px\" \/><\/figure>\n<\/figure>\n","protected":false},"excerpt":{"rendered":"<p>Prix: 389La s\u00e9rie S-Glass COMP comprend\u00a0tous les shapes (Classic \/ Big Fish \/ Dream Liner) que nous proposons sur ce site mais avec une stratification (construction) haut de gamme.\u00a0 Prix: 365\u20ac \u00a0 tous mod\u00e8les, toutes tailles. \u00a0Livraison gratuite France m\u00e9tro, hors Corse C&#8217;est une technique de stratification (= construction d&#8217;un composite), ce n&#8217;est pas une [&hellip;]<\/p>\n","protected":false},"author":1,"featured_media":0,"parent":0,"menu_order":35,"comment_status":"closed","ping_status":"closed","template":"","meta":{"footnotes":""},"class_list":["post-46","page","type-page","status-publish","hentry","post-preview"],"_links":{"self":[{"href":"https:\/\/skimboard.com\/edenv4\/wp-json\/wp\/v2\/pages\/46","targetHints":{"allow":["GET"]}}],"collection":[{"href":"https:\/\/skimboard.com\/edenv4\/wp-json\/wp\/v2\/pages"}],"about":[{"href":"https:\/\/skimboard.com\/edenv4\/wp-json\/wp\/v2\/types\/page"}],"author":[{"embeddable":true,"href":"https:\/\/skimboard.com\/edenv4\/wp-json\/wp\/v2\/users\/1"}],"replies":[{"embeddable":true,"href":"https:\/\/skimboard.com\/edenv4\/wp-json\/wp\/v2\/comments?post=46"}],"version-history":[{"count":28,"href":"https:\/\/skimboard.com\/edenv4\/wp-json\/wp\/v2\/pages\/46\/revisions"}],"predecessor-version":[{"id":6681,"href":"https:\/\/skimboard.com\/edenv4\/wp-json\/wp\/v2\/pages\/46\/revisions\/6681"}],"wp:attachment":[{"href":"https:\/\/skimboard.com\/edenv4\/wp-json\/wp\/v2\/media?parent=46"}],"curies":[{"name":"wp","href":"https:\/\/api.w.org\/{rel}","templated":true}]}}