{"id":2592,"date":"2020-02-21T20:28:57","date_gmt":"2020-02-21T19:28:57","guid":{"rendered":"https:\/\/skimboard.com\/edenv4\/?page_id=2592"},"modified":"2023-12-21T11:07:54","modified_gmt":"2023-12-21T10:07:54","slug":"skimboards-foamies-dream-liner","status":"publish","type":"page","link":"https:\/\/skimboard.com\/edenv4\/skimboards-foamies-dream-liner\/","title":{"rendered":"Skimboards\/ Le Shape &#8220;DREAM LINER&#8221;"},"content":{"rendered":"<div class=\"wp-block-image\">\n<figure class=\"alignright size-full\"><img loading=\"lazy\" decoding=\"async\" width=\"240\" height=\"76\" src=\"https:\/\/skimboard.com\/edenv4\/wp-content\/uploads\/2017\/06\/bouton_comment_acheter.jpg\" alt=\"\" class=\"wp-image-908\"\/><\/figure>\n<\/div>\n\n<p><span style=\"font-size: 12pt; font-family: arial,helvetica,sans-serif;\"><br \/><a href=\"https:\/\/skimboard.com\/edenv4\/acheter\/\"><img loading=\"lazy\" decoding=\"async\" class=\"alignnone wp-image-5813 size-large\" src=\"https:\/\/skimboard.com\/edenv4\/wp-content\/uploads\/2023\/05\/foamie-DL2-bleu-502x1024.jpg\" alt=\"\" width=\"502\" height=\"1024\" srcset=\"https:\/\/skimboard.com\/edenv4\/wp-content\/uploads\/2023\/05\/foamie-DL2-bleu-502x1024.jpg 502w, https:\/\/skimboard.com\/edenv4\/wp-content\/uploads\/2023\/05\/foamie-DL2-bleu-scaled-600x1225.jpg 600w, https:\/\/skimboard.com\/edenv4\/wp-content\/uploads\/2023\/05\/foamie-DL2-bleu-147x300.jpg 147w, https:\/\/skimboard.com\/edenv4\/wp-content\/uploads\/2023\/05\/foamie-DL2-bleu-768x1568.jpg 768w, https:\/\/skimboard.com\/edenv4\/wp-content\/uploads\/2023\/05\/foamie-DL2-bleu-752x1536.jpg 752w, https:\/\/skimboard.com\/edenv4\/wp-content\/uploads\/2023\/05\/foamie-DL2-bleu-1003x2048.jpg 1003w, https:\/\/skimboard.com\/edenv4\/wp-content\/uploads\/2023\/05\/foamie-DL2-bleu-676x1380.jpg 676w, https:\/\/skimboard.com\/edenv4\/wp-content\/uploads\/2023\/05\/foamie-DL2-bleu-scaled.jpg 1254w\" sizes=\"auto, (max-width: 502px) 100vw, 502px\" \/><\/a><br \/><strong>Sur commande uniquement !<\/strong><br \/><\/span><\/p>\n\n\n<\/p>\n<p>Prix en fonction de la gamme de stratification (construction):<\/p>\n<p>\n\n\n\n<\/p>\n<ul class=\"wp-block-list\">\n\n<li><a href=\"https:\/\/skimboard.com\/edenv4\/skimboards-foamie-zt-standard\/\">Gamme ZT\u00a0<\/a>en fibre de verre E-Glass standard. <br \/><strong>Prix de base 325\u20ac<\/strong><\/li>\n\n \n\n<li><a href=\"https:\/\/skimboard.com\/edenv4\/carboncomp\/\">Gamme Carbone PRO<\/a>\u00a0Avec une couche enti\u00e8re de tissu carbone sur le dessus, et de larges renforts carbone dessous, sur la zone de flexion.<br \/><strong>Prix de base 374\u20ac<\/strong><\/li>\n\n \n\n<li><a href=\"https:\/\/skimboard.com\/edenv4\/sglass\/\">Gamme S-Glass PRO<\/a>\u00a0Avec du tissu de verre S-Glass hautes performances.<br \/><strong>Prix de base 365\u20ac<\/strong><\/li>\n\n \n\n<li><a href=\"https:\/\/skimboard.com\/edenv4\/crystal\/\">Gamme Crystal PRO<\/a>\u00a0Enti\u00e8rement en S-Glass hautes performances.<br \/><strong>Prix de base 389\u20ac<\/strong><\/li>\n\n \n\n<li><a href=\"https:\/\/skimboard.com\/edenv4\/diamond\/\">Gamme Diamond PRO\u00a0<\/a>Avec un mix Carbone + S-Glass<br \/><strong>Prix de base 395\u20ac<\/strong><\/li>\n\n<\/ul>\n<p>\n\n\n<p>Voir notre <a href=\"https:\/\/skimboard.com\/edenv4\/bien-equiper-votre-skimboard\/\">Offre PACK<\/a>: \u00a0pour bien \u00e9quiper votre skimboard avec ses grips et une housse.<\/p>\n<p><strong>Tailles disponibles:<\/strong><br \/><span style=\"color: #ff0000;\"><span style=\"color: #000000;\">Ref. <\/span>DL-132<\/span>: \u00a0132cm x 53,7cm pour les gabarits jusqu&#8217;\u00e0 1m75 ou 75kg<br \/><span style=\"color: #ff0000;\"><span style=\"color: #000000;\">Ref. <\/span>DL-134<\/span>: \u00a0134cm x 55cm pour les gabarits jusqu&#8217;\u00e0 80Kg<br \/><span style=\"color: #ff0000;\"><span style=\"color: #000000;\">Ref:<\/span> DL-137<\/span>: \u00a0137cm x 55,6cm pour les vraiment grands gabarits.<\/p>\n<p>Lors de votre commande, pr\u00e9cisez la r\u00e9f\u00e9rence, la gamme de stratification, et la <a href=\"https:\/\/skimboard.com\/edenv4\/couleurs-disponibles\/\">couleur choisie<\/a>\u00a0:<br \/>Par exemple: DL-132 cm \/ Gamme ZT \/ Bleu (prix: 325 \u20ac) \u00a0 \u00a0\u00a0<\/p>\n<p>Le shape (=forme) <em><strong>Dream Liner<\/strong><\/em> est caract\u00e9ris\u00e9 par un large &#8220;Swallow Tail \/ Queue d&#8217;hirondelle&#8221; qui lui donne de la portance et de l&#8217;accroche.<br \/>Con\u00e7ue \u00e0 la base pour les liners et siders (vagues qui d\u00e9roulent en biais pour &#8220;surfer&#8221; en skim), elle est aussi utilisable sur vague de face m\u00eame si ce n&#8217;est pas son point fort. <br \/>Cela reste un shape pour riders confirm\u00e9s qui savent ce qu&#8217;ils font, pour un d\u00e9butant elle sera d\u00e9licate \u00e0 manier.\u00a0<br \/>Pour bien profiter de l&#8217;accroche en virage induite par son large tail il est important de placer son pied bien en arri\u00e8re pour tourner efficacement.<\/p>\n<p><strong>\u00c9paisseur:<\/strong> 1,8 cm (5\/8&#8243; pouces US), l&#8217;avant et l&#8217;arri\u00e8re de la planche sont plus fins (l&#8217;\u00e9paisseur diminue progressivement du milieu vers les extr\u00e9mit\u00e9s) pour plus de r\u00e9activit\u00e9.<\/p>\n<p><strong>Coloris:<\/strong> les <a href=\"https:\/\/skimboard.com\/edenv4\/couleurs-disponibles\/\">coloris possibles<\/a> d\u00e9pendent de la <a href=\"https:\/\/skimboard.com\/edenv4\/choisirlagamme\/\"><em>Gamme de stratification<\/em><\/a> choisie.\u00a0<\/p>\n\n\n<p><\/p>\n","protected":false},"excerpt":{"rendered":"<p>Sur commande uniquement ! Prix en fonction de la gamme de stratification (construction): Voir notre Offre PACK: \u00a0pour bien \u00e9quiper votre skimboard avec ses grips et une housse. Tailles disponibles:Ref. DL-132: \u00a0132cm x 53,7cm pour les gabarits jusqu&#8217;\u00e0 1m75 ou 75kgRef. DL-134: \u00a0134cm x 55cm pour les gabarits jusqu&#8217;\u00e0 80KgRef: DL-137: \u00a0137cm x 55,6cm pour [&hellip;]<\/p>\n","protected":false},"author":1,"featured_media":0,"parent":0,"menu_order":22,"comment_status":"closed","ping_status":"closed","template":"","meta":{"footnotes":""},"class_list":["post-2592","page","type-page","status-publish","hentry","post-preview"],"_links":{"self":[{"href":"https:\/\/skimboard.com\/edenv4\/wp-json\/wp\/v2\/pages\/2592","targetHints":{"allow":["GET"]}}],"collection":[{"href":"https:\/\/skimboard.com\/edenv4\/wp-json\/wp\/v2\/pages"}],"about":[{"href":"https:\/\/skimboard.com\/edenv4\/wp-json\/wp\/v2\/types\/page"}],"author":[{"embeddable":true,"href":"https:\/\/skimboard.com\/edenv4\/wp-json\/wp\/v2\/users\/1"}],"replies":[{"embeddable":true,"href":"https:\/\/skimboard.com\/edenv4\/wp-json\/wp\/v2\/comments?post=2592"}],"version-history":[{"count":19,"href":"https:\/\/skimboard.com\/edenv4\/wp-json\/wp\/v2\/pages\/2592\/revisions"}],"predecessor-version":[{"id":7948,"href":"https:\/\/skimboard.com\/edenv4\/wp-json\/wp\/v2\/pages\/2592\/revisions\/7948"}],"wp:attachment":[{"href":"https:\/\/skimboard.com\/edenv4\/wp-json\/wp\/v2\/media?parent=2592"}],"curies":[{"name":"wp","href":"https:\/\/api.w.org\/{rel}","templated":true}]}}