{"id":153,"date":"2014-11-10T16:19:16","date_gmt":"2014-11-10T15:19:16","guid":{"rendered":"http:\/\/skimboard.com\/edenv4\/kiteskim\/"},"modified":"2023-04-14T18:56:20","modified_gmt":"2023-04-14T17:56:20","slug":"kiteskim","status":"publish","type":"page","link":"https:\/\/skimboard.com\/edenv4\/kiteskim\/","title":{"rendered":"Kite Skim"},"content":{"rendered":"<p><img loading=\"lazy\" decoding=\"async\" class=\"alignnone size-large wp-image-2171\" src=\"http:\/\/skimboard.com\/edenv4\/wp-content\/uploads\/2019\/04\/wk-big-fish-noir-jaune-profil-1024x247.jpg\" alt=\"\" width=\"676\" height=\"163\" srcset=\"https:\/\/skimboard.com\/edenv4\/wp-content\/uploads\/2019\/04\/wk-big-fish-noir-jaune-profil-1024x247.jpg 1024w, https:\/\/skimboard.com\/edenv4\/wp-content\/uploads\/2019\/04\/wk-big-fish-noir-jaune-profil-scaled-600x145.jpg 600w, https:\/\/skimboard.com\/edenv4\/wp-content\/uploads\/2019\/04\/wk-big-fish-noir-jaune-profil-300x72.jpg 300w, https:\/\/skimboard.com\/edenv4\/wp-content\/uploads\/2019\/04\/wk-big-fish-noir-jaune-profil-768x185.jpg 768w, https:\/\/skimboard.com\/edenv4\/wp-content\/uploads\/2019\/04\/wk-big-fish-noir-jaune-profil-676x163.jpg 676w\" sizes=\"auto, (max-width: 676px) 100vw, 676px\" \/><\/p>\n<p>Un skimboard n&#8217;est pas uniquement utilisable en bord de mer, sur une plage de sable avec des vagues, on peut s&#8217;en servir aussi en<strong>\u00a0<\/strong><a href=\"http:\/\/skimboard.com\/edenv4\/wake\/\"><strong>wakesurf-skim\u00a0<\/strong><\/a><strong>,<\/strong>\u00a0en<a href=\"http:\/\/www.skimboard.com\/edenv3\/index.php?option=com_content&amp;view=article&amp;id=115:kiteskim&amp;catid=78:fr&amp;Itemid=811\" target=\"_self\" rel=\"noopener\"><strong>\u00a0<\/strong><\/a><strong>Kite Skim<\/strong>, en\u00a0<strong>Cable Park<\/strong>, tract\u00e9 par un\u00a0<strong>Treuil<\/strong>\u00a0individuel (<a href=\"https:\/\/www.facebook.com\/video.php?v=10202267005466059\" target=\"_self\" rel=\"noopener\">Voir la vid\u00e9o de Mat<\/a>, notre rider \u00e0 La R\u00e9union, en treuil) ou par un \u00e9lastique type &#8220;<strong>Banshee Bungee<\/strong>&#8221; (<a href=\"http:\/\/www.youtube.com\/watch?v=2sjsDucq8yI\" target=\"_self\" rel=\"noopener\">Voir une vid\u00e9o du Net<\/a>).<\/p>\n<p><strong>LE SKIMBOARD VERSION KITE SKIM\u00a0<\/strong><\/p>\n<p><strong>Le point fondamental c&#8217;est qu&#8217;un skimboard est l&#8217;engin de glisse aquatique LE PLUS \u00c9CONOME EN \u00c9NERGIE, c&#8217;est \u00e0 dire la planche qui prendra le plus de vitesse dans des conditions &#8220;faibles&#8221; (vent faible pour le kite, vagues faibles pour le wake et le Flowrider, traction faible pour le treuil et le Banshee) , c&#8217;est aussi simple que \u00e7a !\u00a0<\/strong><br \/>\nA la base un skimboard doit pouvoir n&#8217;utiliser QUE l&#8217;\u00e9nergie de la course du rider, et \u00e9ventuellement de la pente de la plage, alors qu&#8217;une planche de surf doit \u00eatre pouss\u00e9e par une vague pour avancer vite, un kitesurf doit \u00eatre tir\u00e9 par un vent assez fort pour planer, un ski nautique doit \u00eatre tract\u00e9 par un bateau assez rapide etc&#8230;\u00a0 Les ph\u00e9nom\u00e8nes physiques qui &#8220;font bien marcher&#8221; un skimboard et sa fabrication sont tr\u00e8s sp\u00e9cifiques, et diff\u00e9rents d&#8217;un surf ou d&#8217;un kite standard. C&#8217;est pour \u00e7a que l&#8217;exp\u00e9rience acquise par EDEN depuis 30 ans dans la fabrication des skimboards est int\u00e9ressante !<\/p>\n<p>Les planches &#8220;Twin Tips&#8221; ne peuvent pas offrir ce genre de glisse, mais \u00e0 l&#8217;inverse les kite skims doivent avoir un rocker asym\u00e9trique, et pas de foot straps, sinon ce n&#8217;est plus un skim.<\/p>\n<p>L&#8217;\u00e9norme avantage &#8220;d&#8217;\u00e9conomiser l&#8217;\u00e9nergie&#8221; c&#8217;est qu&#8217;il n&#8217;y a pas besoin d&#8217;un vent fort pour pouvoir sortir, le Kite Skim c&#8217;est l&#8217;arme absolue anti-p\u00e9tole, tous les riders le savent !<br \/>\nLe kite skim c&#8217;est le fun pur, pas de straps, une seule petite d\u00e9rive pour se stabiliser, et tout dans la prise de rail ! La remont\u00e9e au vent est tr\u00e8s bonne, <strong>on crante sans probl\u00e8me car le rail franc mord efficacement<\/strong>. Ce n&#8217;est PAS la d\u00e9rive qui remonte le vent, c&#8217;est la planche et son rail qui se transforment en grosse d\u00e9rive (comme un Hobie Cat). La d\u00e9rive n&#8217;est m\u00eame pas indispensable, mais est utile pour rester en ligne quand on glisse \u00e0 plat;<br \/>\nLa traction de la voile est minimale, la vitesse faible, <strong>on ne force ni sur les genoux ni le dos<\/strong>.<\/p>\n<p><strong>Construction des planches et qualit\u00e9:<\/strong><br \/>\nLes Kite Skimboards EDEN b\u00e9n\u00e9ficient de la m\u00eame qualit\u00e9 de construction que nos skimboards, r\u00e9put\u00e9s depuis 30 ans.<\/p>\n<p>Si vous avez un budget serr\u00e9 vous pouvez simplement prendre un skimboard standard, sans d\u00e9rive, \u00e7a marche mais c&#8217;est tr\u00e8s instable quand on glisse \u00e0 plat, et on finit par regretter d&#8217;avoir fait cette petite \u00e9conomie\u00a0\u00a0 \ud83d\ude41<\/p>\n<p>Pour un rider de corpulence &#8220;normale&#8221; naviguant par vent &#8220;normal&#8221; dans un clapot &#8220;normal&#8221;, la version de base &#8220;ZT E-Glass&#8221; (fibre de verre standard) est suffisante, avec \u00e9ventuellement des renforts cibl\u00e9s. Au-del\u00e0 du &#8220;normal&#8221;, la version &#8220;S-Glass COMP&#8221; (fibre de verre hautes performances) est fortement recommand\u00e9e ! La version &#8220;Carbone COMP&#8221; est esth\u00e9tique, dynamique, mais pas forc\u00e9ment la plus r\u00e9sistante, donc \u00e0 r\u00e9server aux experts.<\/p>\n<p><strong>La diff\u00e9rence de prix par rapport \u00e0 un simple skimboard de taille \u00e9quivalente est due \u00e0 plusieurs choses:<\/strong><br \/>\n&#8211; Le pon\u00e7age et la couche de de finition sont doubl\u00e9s, pour un aspect nickel et un meilleur vieillissement. Un kite\/wake skim ne va pas se rouler dans le shore break, graviers compris, donc \u00e7a vaut la peine de faire une vraiment belle planche.<br \/>\n&#8211; Il y a des inserts traversants et des vis inox D6mm pour fixer la d\u00e9rive. Tr\u00e8s costauds, en fibre massive, pas de boitiers plastique et de vis microscopiques. Plus bien sur une d\u00e9rive fournie, elle aussi en fibre de verre.<br \/>\n&#8211; Les grips sont fournis.\u00a0 Pad arri\u00e8re avec kicktail, et large pad avant couvrant (soit en une pi\u00e8ce, soit en trois pi\u00e8ces avec barre centrale).<br \/>\n&#8211; Le logo est plac\u00e9 entre les grips, \u00e0 cause du pad avant couvrant.<\/p>\n<p><strong>Quelle diff\u00e9rence avec<a href=\"http:\/\/skimboard.com\/edenv4\/wake\/\">\u00a0nos planches de WAKESURF-SKIM\u00a0<\/a>?<br \/>\n<\/strong>C&#8217;est la m\u00eame chose !\u00a0Une d\u00e9rive \u00e0 l&#8217;arri\u00e8re, des grips, pas de straps, avec \u00e7a la planche marche aussi bien en kite qu&#8217;en wakesurf, nous en avons vendues pour des \u00e9coles, et des riders, qui les utilisent pour les 2 activit\u00e9s.<br \/>\nDonc vous pouvez consulter aussi bien la page\u00a0<a href=\"http:\/\/skimboard.com\/edenv4\/wake\/\">&#8220;Wakesurf-skims&#8221;\u00a0<\/a>pour faire votre choix de kiteboard-skim.<\/p>\n<p><strong>Peut-faire du skimboard de plage avec un kite\/wake-skim ?<\/strong><br \/>\nBien-s\u00fbr ! Il suffit de d\u00e9monter la d\u00e9rive. La planche marchera parfaitement sur la plage, les trous des vis sont n\u00e9gligeables, contrairement aux boitiers.<br \/>\nLe seul probl\u00e8me c&#8217;est que le sable (et graviers..) abime beaucoup les planches. C&#8217;est dommage de r\u00e2per une belle board dans le shore break\u00a0\u00a0 \ud83d\ude41<br \/>\nSi vous\u00a0 tenez absolument \u00e0 une activit\u00e9 mixte &#8220;skim de plage + kite\/wake&#8221; (j&#8217;ai eu des clients comme \u00e7a &#8230;) je peux vous faire un skimboard avec juste les inserts en plus (pour 30\u20ac) une d\u00e9rive et ses vis (25\u20ac) et les grips au choix. Ce sera un peu plus \u00e9conomique.<\/p>\n<p><strong>NOS PRIX:<br \/>\n<\/strong><strong>Il y a beaucoup de shapes possible. Les prix sont indicatifs :\u00a0<\/strong><br \/>\n<strong>De 122cm \u00e0 136cm \u00a0\u00a0\u00a0\u00a0\u00a0\u00a0\u00a0\u00a0\u00a0\u00a0\u00a0\u00a0\u00a0 \u00a0 \u00a0 \u00a0 \u00a0 \u00a0 \u00a0 \u00a0 \u00a0 \u00a0 \u00a0 \u00a0 \u00a0 \u00a0 \u00a0 \u00a0 \u00a0\u00a0 539\u20ac<\/strong><br \/>\n<strong>139cm \u00a0 \u00a0 \u00a0 \u00a0 \u00a0 \u00a0 \u00a0 \u00a0 \u00a0 \u00a0 \u00a0 \u00a0 \u00a0 \u00a0 \u00a0 \u00a0 \u00a0\u00a0 \u00a0 \u00a0 \u00a0 \u00a0 \u00a0 \u00a0 \u00a0 \u00a0 \u00a0 \u00a0 \u00a0 \u00a0\u00a0 \u00a0 \u00a0 \u00a0 \u00a0 \u00a0 \u00a0\u00a0 \u00a0 569\u20ac<br \/>\n<\/strong><strong> \u00ab\u00a0Big Fish\u00a0\u00bb et grandes tailles \u00a0 \u00a0 \u00a0 \u00a0 \u00a0 \u00a0\u00a0\u00a0\u00a0\u00a0\u00a0\u00a0\u00a0\u00a0\u00a0\u00a0\u00a0\u00a0\u00a0\u00a0 589\u20ac<\/strong><\/p>\n<p>Prix nets en version stratification \u00ab\u00a0ZT\u00a0\u00bb, \u00e9quip\u00e9e avec grips\/pads et une d\u00e9rive,\u00a0transport compris pour la France et la CEE.<\/p>\n<p>En fonction de votre budget et de vos pr\u00e9f\u00e9rences, vous avez le choix pour chaque shape entre toutes les stratifications propos\u00e9es pour nos skimboards:<br \/>\n\u2013\u00a0\u00a0<strong>\u00ab\u00a0ZT\u00a0\u00bb<\/strong>\u00a0classique, en tissu de verre E-Glass standard. Economique et r\u00e9sistant. Largement suffisant pour le d\u00e9but.<br \/>\n\u2013\u00a0\u00a0<strong>\u00ab\u00a0S-Glass\u00a0\u00bb<\/strong>\u00a0en tissu de verre S-Glass hautes performances mix\u00e9 avec du E-Glass. Tr\u00e8s r\u00e9sistant et dynamique\u00a0\u00a0<strong>+50\u20ac<\/strong><br \/>\n\u2013\u00a0\u00a0<strong>\u00ab\u00a0Carbone\u00a0\u00bb<\/strong>\u00a0en carbone 3K sur le dessus. Tr\u00e8s dynamique et esth\u00e9tique, mais pas forc\u00e9ment plus durable\u00a0 \u00a0\u00a0\u00a0\u00a0<strong>\u00a0\u00a0 +100\u20ac<\/strong><br \/>\n\u2013\u00a0\u00a0<strong>\u00ab\u00a0Crystal\u00a0\u00bb<\/strong>\u00a0100% en tissu S-Glass hautes performances. Aussi dynamique que le carbone et tr\u00e8s solide\u00a0\u00a0\u00a0\u00a0\u00a0\u00a0\u00a0\u00a0\u00a0\u00a0\u00a0\u00a0<strong>\u00a0+120\u20ac<\/strong><br \/>\n\u2013\u00a0\u00a0<strong>\u00ab\u00a0Diamond\u00a0\u00bb<\/strong>\u00a0en carbone mix\u00e9 avec du S-Glass. La plus technique de nos planches, aux performances typiquement \u00ab\u00a0comp\u00e9tition\u00a0\u00bb, tr\u00e8s r\u00e9sistante, et avec l\u2019esth\u00e9tique carbone dessus \u00a0 \u00a0\u00a0<strong>\u00a0+150\u20ac<\/strong><br \/>\n\u2013\u00a0<strong>\u00ab\u00a0Double carbone\u00a0\u00bb<\/strong>\u00a0en carbone apparent dessus ET dessous. Le look carbone int\u00e9gral ! \u00a0 \u00a0 \u00a0 \u00a0 \u00a0 \u00a0 \u00a0 \u00a0 \u00a0 \u00a0 \u00a0 \u00a0\u00a0 \u00a0\u00a0\u00a0\u00a0\u00a0\u00a0\u00a0\u00a0\u00a0\u00a0\u00a0<strong>\u00a0+200<br \/>\n&#8211;\u00a0\u00a0 <\/strong>Option d\u00e9corative <strong>&#8220;Carbon edges&#8221;<\/strong>, avec des patchs de carbone sur le nose et le tail\u00a0\u00a0\u00a0\u00a0\u00a0\u00a0\u00a0\u00a0 <strong>+40\u20ac<\/strong><\/p>\n<p>Exemples de grips avant en trois parties et barre centrale en relief:<\/p>\n<p><img loading=\"lazy\" decoding=\"async\" class=\"alignnone size-medium wp-image-2176\" src=\"http:\/\/skimboard.com\/edenv4\/wp-content\/uploads\/2019\/04\/wake-bf-noir-131x300.jpg\" alt=\"\" width=\"131\" height=\"300\" srcset=\"https:\/\/skimboard.com\/edenv4\/wp-content\/uploads\/2019\/04\/wake-bf-noir-131x300.jpg 131w, https:\/\/skimboard.com\/edenv4\/wp-content\/uploads\/2019\/04\/wake-bf-noir-scaled-600x1369.jpg 600w, https:\/\/skimboard.com\/edenv4\/wp-content\/uploads\/2019\/04\/wake-bf-noir-768x1752.jpg 768w, https:\/\/skimboard.com\/edenv4\/wp-content\/uploads\/2019\/04\/wake-bf-noir-449x1024.jpg 449w, https:\/\/skimboard.com\/edenv4\/wp-content\/uploads\/2019\/04\/wake-bf-noir-676x1542.jpg 676w, https:\/\/skimboard.com\/edenv4\/wp-content\/uploads\/2019\/04\/wake-bf-noir-scaled.jpg 1122w\" sizes=\"auto, (max-width: 131px) 100vw, 131px\" \/><img loading=\"lazy\" decoding=\"async\" class=\"alignnone size-medium wp-image-2175\" src=\"http:\/\/skimboard.com\/edenv4\/wp-content\/uploads\/2019\/04\/reverso-rouge-137x300.jpg\" alt=\"\" width=\"137\" height=\"300\" srcset=\"https:\/\/skimboard.com\/edenv4\/wp-content\/uploads\/2019\/04\/reverso-rouge-137x300.jpg 137w, https:\/\/skimboard.com\/edenv4\/wp-content\/uploads\/2019\/04\/reverso-rouge-scaled-600x1316.jpg 600w, https:\/\/skimboard.com\/edenv4\/wp-content\/uploads\/2019\/04\/reverso-rouge-768x1684.jpg 768w, https:\/\/skimboard.com\/edenv4\/wp-content\/uploads\/2019\/04\/reverso-rouge-467x1024.jpg 467w, https:\/\/skimboard.com\/edenv4\/wp-content\/uploads\/2019\/04\/reverso-rouge-676x1483.jpg 676w, https:\/\/skimboard.com\/edenv4\/wp-content\/uploads\/2019\/04\/reverso-rouge-scaled.jpg 1167w\" sizes=\"auto, (max-width: 137px) 100vw, 137px\" \/><\/p>\n<p><img loading=\"lazy\" decoding=\"async\" class=\"size-medium wp-image-2177\" src=\"http:\/\/skimboard.com\/edenv4\/wp-content\/uploads\/2019\/04\/wake-139-rouge-grips-122x300.jpg\" alt=\"\" width=\"122\" height=\"300\" srcset=\"https:\/\/skimboard.com\/edenv4\/wp-content\/uploads\/2019\/04\/wake-139-rouge-grips-122x300.jpg 122w, https:\/\/skimboard.com\/edenv4\/wp-content\/uploads\/2019\/04\/wake-139-rouge-grips-scaled-600x1474.jpg 600w, https:\/\/skimboard.com\/edenv4\/wp-content\/uploads\/2019\/04\/wake-139-rouge-grips-768x1888.jpg 768w, https:\/\/skimboard.com\/edenv4\/wp-content\/uploads\/2019\/04\/wake-139-rouge-grips-417x1024.jpg 417w, https:\/\/skimboard.com\/edenv4\/wp-content\/uploads\/2019\/04\/wake-139-rouge-grips-676x1661.jpg 676w, https:\/\/skimboard.com\/edenv4\/wp-content\/uploads\/2019\/04\/wake-139-rouge-grips-scaled.jpg 1042w\" sizes=\"auto, (max-width: 122px) 100vw, 122px\" \/><\/p>\n<p><img loading=\"lazy\" decoding=\"async\" class=\"alignnone size-medium wp-image-2178\" src=\"http:\/\/skimboard.com\/edenv4\/wp-content\/uploads\/2019\/04\/wake_chopnose_carbone-129x300.jpg\" alt=\"\" width=\"129\" height=\"300\" srcset=\"https:\/\/skimboard.com\/edenv4\/wp-content\/uploads\/2019\/04\/wake_chopnose_carbone-129x300.jpg 129w, https:\/\/skimboard.com\/edenv4\/wp-content\/uploads\/2019\/04\/wake_chopnose_carbone-scaled-600x1394.jpg 600w, https:\/\/skimboard.com\/edenv4\/wp-content\/uploads\/2019\/04\/wake_chopnose_carbone-768x1785.jpg 768w, https:\/\/skimboard.com\/edenv4\/wp-content\/uploads\/2019\/04\/wake_chopnose_carbone-441x1024.jpg 441w, https:\/\/skimboard.com\/edenv4\/wp-content\/uploads\/2019\/04\/wake_chopnose_carbone-676x1571.jpg 676w, https:\/\/skimboard.com\/edenv4\/wp-content\/uploads\/2019\/04\/wake_chopnose_carbone-scaled.jpg 1102w\" sizes=\"auto, (max-width: 129px) 100vw, 129px\" \/><\/p>\n<p>Exemple de pads avant monobloc:<\/p>\n<p><img loading=\"lazy\" decoding=\"async\" class=\"alignnone size-large wp-image-2171\" src=\"http:\/\/skimboard.com\/edenv4\/wp-content\/uploads\/2019\/04\/wk-big-fish-noir-jaune-profil-1024x247.jpg\" alt=\"\" width=\"676\" height=\"163\" srcset=\"https:\/\/skimboard.com\/edenv4\/wp-content\/uploads\/2019\/04\/wk-big-fish-noir-jaune-profil-1024x247.jpg 1024w, https:\/\/skimboard.com\/edenv4\/wp-content\/uploads\/2019\/04\/wk-big-fish-noir-jaune-profil-scaled-600x145.jpg 600w, https:\/\/skimboard.com\/edenv4\/wp-content\/uploads\/2019\/04\/wk-big-fish-noir-jaune-profil-300x72.jpg 300w, https:\/\/skimboard.com\/edenv4\/wp-content\/uploads\/2019\/04\/wk-big-fish-noir-jaune-profil-768x185.jpg 768w, https:\/\/skimboard.com\/edenv4\/wp-content\/uploads\/2019\/04\/wk-big-fish-noir-jaune-profil-676x163.jpg 676w\" sizes=\"auto, (max-width: 676px) 100vw, 676px\" \/><\/p>\n<p><img loading=\"lazy\" decoding=\"async\" class=\"size-large wp-image-2167\" src=\"http:\/\/skimboard.com\/edenv4\/wp-content\/uploads\/2019\/04\/wk-big-fish-carbon-edges-noir-profil-1024x216.jpg\" alt=\"\" width=\"676\" height=\"143\" srcset=\"https:\/\/skimboard.com\/edenv4\/wp-content\/uploads\/2019\/04\/wk-big-fish-carbon-edges-noir-profil-1024x216.jpg 1024w, https:\/\/skimboard.com\/edenv4\/wp-content\/uploads\/2019\/04\/wk-big-fish-carbon-edges-noir-profil-scaled-600x127.jpg 600w, https:\/\/skimboard.com\/edenv4\/wp-content\/uploads\/2019\/04\/wk-big-fish-carbon-edges-noir-profil-300x63.jpg 300w, https:\/\/skimboard.com\/edenv4\/wp-content\/uploads\/2019\/04\/wk-big-fish-carbon-edges-noir-profil-768x162.jpg 768w, https:\/\/skimboard.com\/edenv4\/wp-content\/uploads\/2019\/04\/wk-big-fish-carbon-edges-noir-profil-676x143.jpg 676w\" sizes=\"auto, (max-width: 676px) 100vw, 676px\" \/><\/p>\n<p>Mod\u00e8le &#8220;Big Fish carbon edges&#8221;, avec patchs carbone nose &amp; tail:<\/p>\n<p><img loading=\"lazy\" decoding=\"async\" class=\"alignnone size-large wp-image-2168\" src=\"http:\/\/skimboard.com\/edenv4\/wp-content\/uploads\/2019\/04\/wk-big-fish-carbon-edges-noir-458x1024.jpg\" alt=\"\" width=\"458\" height=\"1024\" \/><\/p>\n<p><img loading=\"lazy\" decoding=\"async\" class=\"alignnone size-medium wp-image-2180\" src=\"http:\/\/skimboard.com\/edenv4\/wp-content\/uploads\/2019\/04\/wk-carbon-nose-noir-300x200.jpg\" alt=\"\" width=\"300\" height=\"200\" srcset=\"https:\/\/skimboard.com\/edenv4\/wp-content\/uploads\/2019\/04\/wk-carbon-nose-noir-300x200.jpg 300w, https:\/\/skimboard.com\/edenv4\/wp-content\/uploads\/2019\/04\/wk-carbon-nose-noir-600x400.jpg 600w, https:\/\/skimboard.com\/edenv4\/wp-content\/uploads\/2019\/04\/wk-carbon-nose-noir-768x512.jpg 768w, https:\/\/skimboard.com\/edenv4\/wp-content\/uploads\/2019\/04\/wk-carbon-nose-noir-1024x682.jpg 1024w, https:\/\/skimboard.com\/edenv4\/wp-content\/uploads\/2019\/04\/wk-carbon-nose-noir-676x450.jpg 676w\" sizes=\"auto, (max-width: 300px) 100vw, 300px\" \/><\/p>\n<p><img loading=\"lazy\" decoding=\"async\" class=\"alignnone size-large wp-image-2169\" src=\"http:\/\/skimboard.com\/edenv4\/wp-content\/uploads\/2019\/04\/wk-big-fish-carbon-tail-1024x651.jpg\" alt=\"\" width=\"676\" height=\"430\" srcset=\"https:\/\/skimboard.com\/edenv4\/wp-content\/uploads\/2019\/04\/wk-big-fish-carbon-tail-1024x651.jpg 1024w, https:\/\/skimboard.com\/edenv4\/wp-content\/uploads\/2019\/04\/wk-big-fish-carbon-tail-scaled-600x382.jpg 600w, https:\/\/skimboard.com\/edenv4\/wp-content\/uploads\/2019\/04\/wk-big-fish-carbon-tail-300x191.jpg 300w, https:\/\/skimboard.com\/edenv4\/wp-content\/uploads\/2019\/04\/wk-big-fish-carbon-tail-768x488.jpg 768w, https:\/\/skimboard.com\/edenv4\/wp-content\/uploads\/2019\/04\/wk-big-fish-carbon-tail-676x430.jpg 676w\" sizes=\"auto, (max-width: 676px) 100vw, 676px\" \/><\/p>\n","protected":false},"excerpt":{"rendered":"<p>Un skimboard n&#8217;est pas uniquement utilisable en bord de mer, sur une plage de sable avec des vagues, on peut s&#8217;en servir aussi en\u00a0wakesurf-skim\u00a0,\u00a0en\u00a0Kite Skim, en\u00a0Cable Park, tract\u00e9 par un\u00a0Treuil\u00a0individuel (Voir la vid\u00e9o de Mat, notre rider \u00e0 La R\u00e9union, en treuil) ou par un \u00e9lastique type &#8220;Banshee Bungee&#8221; (Voir une vid\u00e9o du Net). LE [&hellip;]<\/p>\n","protected":false},"author":1,"featured_media":0,"parent":0,"menu_order":2,"comment_status":"closed","ping_status":"closed","template":"","meta":{"footnotes":""},"class_list":["post-153","page","type-page","status-publish","hentry","post-preview"],"_links":{"self":[{"href":"https:\/\/skimboard.com\/edenv4\/wp-json\/wp\/v2\/pages\/153","targetHints":{"allow":["GET"]}}],"collection":[{"href":"https:\/\/skimboard.com\/edenv4\/wp-json\/wp\/v2\/pages"}],"about":[{"href":"https:\/\/skimboard.com\/edenv4\/wp-json\/wp\/v2\/types\/page"}],"author":[{"embeddable":true,"href":"https:\/\/skimboard.com\/edenv4\/wp-json\/wp\/v2\/users\/1"}],"replies":[{"embeddable":true,"href":"https:\/\/skimboard.com\/edenv4\/wp-json\/wp\/v2\/comments?post=153"}],"version-history":[{"count":11,"href":"https:\/\/skimboard.com\/edenv4\/wp-json\/wp\/v2\/pages\/153\/revisions"}],"predecessor-version":[{"id":5343,"href":"https:\/\/skimboard.com\/edenv4\/wp-json\/wp\/v2\/pages\/153\/revisions\/5343"}],"wp:attachment":[{"href":"https:\/\/skimboard.com\/edenv4\/wp-json\/wp\/v2\/media?parent=153"}],"curies":[{"name":"wp","href":"https:\/\/api.w.org\/{rel}","templated":true}]}}