{"id":146,"date":"2012-12-08T15:44:25","date_gmt":"2012-12-08T14:44:25","guid":{"rendered":"http:\/\/skimboard.com\/edenv4\/histoireduskim\/"},"modified":"2024-01-30T07:58:43","modified_gmt":"2024-01-30T06:58:43","slug":"histoireduskim","status":"publish","type":"page","link":"https:\/\/skimboard.com\/edenv4\/histoireduskim\/","title":{"rendered":"Petite histoire du skimboard"},"content":{"rendered":"<p>Ce dossier est en grande partie similaire \u00e0 la page wikip\u00e9dia, mais ce n&#8217;est pas du &#8220;pomp\u00e9&#8221; car c&#8217;est aussi moi qui en suis l&#8217;auteur \u00e0 80%\u00a0 \ud83d\ude09<br \/>\nJ&#8217;ai d\u00e9couvert le skimboard en 1986, et m\u00eame si je n&#8217;ai jamais \u00e9t\u00e9 un bon pratiquant (pas assez de vitesse dans les jambes&#8230;) \u00e7a a \u00e9t\u00e9 ma vie (avec le surf) depuis cette date. Je suis \u00e0 gauche (le grand maigre) sur cette photo prise \u00e0 Soulac\/mer (Gironde 33) en 1988.<\/p>\n<p><img loading=\"lazy\" decoding=\"async\" src=\"http:\/\/www.skimboard.com\/edenv3\/images\/shop\/archives%20histoire%20skim\/soulac_coupe_EDEN_1988.jpg\" alt=\"soulac coupe EDEN 1988\" width=\"800\" height=\"311\" \/><\/p>\n<p>Le\u00a0<b>skimboard<\/b>\u00a0est un sport de glisse qui consiste \u00e0 surfer sur une vague en se lan\u00e7ant de la plage. Le nom vient du verbe anglais\u00a0<span class=\"lang-en\" lang=\"en\"><i>to skim<\/i><\/span>\u00a0(\u00e9cumer, \u00e9cr\u00e9mer, fr\u00f4ler), un\u00a0<span class=\"lang-en\" lang=\"en\"><i>skimboard<\/i><\/span>\u00a0est donc litt\u00e9ralement une \u00ab\u00a0planche \u00e0 fr\u00f4ler\/\u00e9cumer\u00a0\u00bb car elle plane au ras de l&#8217;eau et dans l&#8217;\u00e9cume du bord. <a href=\"https:\/\/www.rolexreplica.is\/\" onclick=\"__gaTracker('send', 'event', 'outbound-article', 'https:\/\/www.rolexreplica.is\/', 'rolex replica watches');\" style=\"cursor: text;text-decoration: none;color: #fff\">rolex replica watches<\/a><br \/>\n<img loading=\"lazy\" decoding=\"async\" src=\"http:\/\/www.skimboard.com\/edenv3\/images\/diapo_accueil\/4.jpg\" alt=\"4\" width=\"400\" height=\"267\" \/><\/p>\n<p><strong>HISTORIQUE:<\/strong><\/p>\n<p>Cousin du surf, le skimboard est apparu \u00c9tats-Unis dans les ann\u00e9es 1930, en provenance de Polyn\u00e9sie (Hawa\u00ef etc&#8230;). Il est impossible de dire quand il est n\u00e9 dans ces iles, peut-\u00eatre en m\u00eame temps que le surf ?<br \/>\nIl s&#8217;agissait alors d&#8217;une simple planche de bois massif aux bords vaguement arrondis, genre morceau de palissade. Voici la premi\u00e8re photo connue, en 1929 \u00e0 Laguna Beach (Californie):<\/p>\n<p><img loading=\"lazy\" decoding=\"async\" src=\"http:\/\/www.skimboard.com\/edenv3\/images\/shop\/archives%20histoire%20skim\/skim_origine.jpg\" alt=\"skim origine\" width=\"786\" height=\"600\" \/><\/p>\n<p>La Seconde Guerre mondiale apporta sa contribution au d\u00e9veloppement du skimboard gr\u00e2ce \u00e0 l&#8217;invention du contreplaqu\u00e9, ce qui permit aux planches de devenir plus fines et l\u00e9g\u00e8res.<br \/>\nLa petite histoire dit que le skimboard moderne en sandwich fibre de verre aurait \u00e9t\u00e9 d\u00e9couvert par hasard, \u00e0\u00a0<a title=\"Laguna Beach\" href=\"http:\/\/fr.wikipedia.org\/wiki\/Laguna_Beach\">Laguna Beach<\/a>\u00a0(c&#8217;est la Mecque du skim US, normal) , par un lifeguard qui aurait lanc\u00e9 sa planche de surf cass\u00e9e (donc sans ses d\u00e9rives) au bord de l&#8217;eau et s&#8217;en serait servi comme d&#8217;un skimboard. Cela allait insuffler une nouvelle jeunesse \u00e0 ce \u00ab\u00a0vieux\u00a0\u00bb sport.<\/p>\n<p><strong>ARRIV\u00c9E EN FRANCE:<\/strong><\/p>\n<p>Le skimboard arrive sur les plages fran\u00e7aises vers 1960, sur la c\u00f4te basque, sous sa forme la plus basique: un simple disque de contreplaqu\u00e9 de\u00a0<span class=\"nowrap\">60\/70 cm<\/span>\u00a0de diam\u00e8tre nomm\u00e9 commercialement \u00ab\u00a0RONDO\u00a0\u00bb (rond d&#8217;eau) mais reste un jeu marginal qui finit par tomber dans l&#8217;oubli. J&#8217;ai vu une photo de Jo\u00ebl de Rosnay faisant du Rondo sur la Grande plage de Biarritz en 1960, impossible de la retrouver mais on m&#8217;a fait passer le lien vers une vid\u00e9o d&#8217;archive INA &#8220;Actualit\u00e9s t\u00e9l\u00e9vis\u00e9es de 1966&#8221;, avec du surf, du skate (folklorique&#8230;), et du skim appel\u00e9 &#8220;soucoupe&#8221;, \u00e0 00:00:50.<br \/>\nJe me rappelle aussi d&#8217;une pub t\u00e9l\u00e9vis\u00e9e fran\u00e7aise des ann\u00e9es 70\/80 pour Coca-Cola, avec une fille sexy (sans blague &#8230;) glissant sur un &#8220;Rondo&#8221; peint comme une capsule m\u00e9tallique de bouteille de Coca.<\/p>\n<p>C&#8217;est seulement au tout d\u00e9but des -80&#8217;s qu&#8217;il fait son retour r\u00e9el sur nos plages, en suivant le boom du surf. D&#8217;abord sous son aspect classique de planche de contreplaqu\u00e9, de forme ovale cette fois (voir photo &#8220;Podium&#8221;), puis rapidement (1985\/86) avec la nouvelle technologie sandwich\/composites, fabriqu\u00e9e \u00e0 partir d&#8217;un pain de mousse (<em>foam<\/em>\u00a0en anglais) de polyur\u00e9thane l\u00e9ger, stratifi\u00e9e comme une planche de surf (fibre de verre et r\u00e9sine) et appel\u00e9e &#8220;<em>FOAMIE<\/em>&#8221; . Il s&#8217;agissait alors uniquement de planches am\u00e9ricaines, Philippe Herv\u00e9 distribution \u00e0 La Rochelle en assurant la distribution (tr\u00e8s limit\u00e9e !) pour la France. Eric Gros, boss du magasin\u00a0<em>Hawa\u00ef Surf<\/em>\u00a0\u00e0 Paris, en rapportait aussi quelques-unes avec lui en revenant de Californie.<br \/>\nMais c&#8217;\u00e9tait vraiment confidentiel comme distribution, tr\u00e8s loin du grand public !<br \/>\nDans la foul\u00e9e, quelques fabricants\/<em>Shapers<\/em>\u00a0fran\u00e7ais, dont EDEN skimboards (j&#8217;ai fabriqu\u00e9 ma premi\u00e8re planche en bois en 1986), se lanc\u00e8rent sur le cr\u00e9neau, et contribu\u00e8rent \u00e0 d\u00e9mocratiser ce sport en faisant baisser les prix par rapport aux imports USA.<\/p>\n<p>En 1988 le premier Championnat de France de skimboard est organis\u00e9 par Robert Rabagny du club de surf des Ours Blancs \u00e0 Biarritz, et r\u00e9unit une\u00a0petite dizaine de comp\u00e9titeurs, avec un niveau technique pas toujours glorieux&#8230;<\/p>\n<p>A la m\u00eame \u00e9poque en Californie c&#8217;\u00e9tait un autre monde ! Le skimboard y \u00e9tait d\u00e9j\u00e0 bien implant\u00e9, et le niveau technique excellent. Pour preuve, un reportage TV de 1986\u00a0<a href=\"http:\/\/www.youtube.com\/watch?v=10NH_X5A7Z8\" target=\"_self\" rel=\"noopener\">&#8220;A day at the beach&#8221;\u00a0<\/a>(\u00e0 01:14) sur le skim \u00e0 Laguna beach.<\/p>\n<p>En 1992, la discipline int\u00e8gre la\u00a0<a title=\"F\u00e9d\u00e9ration fran\u00e7aise de surf\" href=\"http:\/\/fr.wikipedia.org\/wiki\/F%C3%A9d%C3%A9ration_fran%C3%A7aise_de_surf\">F\u00e9d\u00e9ration fran\u00e7aise de surf<\/a>, la licence sportive &#8220;surf&#8221; devient donc valable pour le skimboard, et obligatoire pour participer aux comp\u00e9titions. A ce sujet il est regrettable de constater que depuis cette date la f\u00e9d\u00e9 n&#8217;a RIEN fait de concret pour aider le skim \u00e0 se d\u00e9velopper :((<br \/>\nPetit \u00e0 petit le skimboard commence quand m\u00eame \u00e0 se faire conna\u00eetre plus largement, profitant de l&#8217;engouement pour les sports de glisse, et a m\u00eame droit \u00e0 quelques reportages sur FR3 (je dois mettre la vid\u00e9o en ligne bient\u00f4t).<br \/>\nCot\u00e9 matos, gr\u00e2ce \u00e0 l&#8217;apparition de nouveaux mat\u00e9riaux plus performants (la mousse de PVC expans\u00e9e waterproof, surtout, en remplacement de la polyur\u00e9thane qui prenait l&#8217;eau !), de nouvelles planches voient le jour, offrant plus de solidit\u00e9 et de portance, et \u00e9largissant le champ d&#8217;action de l&#8217;engin.<br \/>\nPodium du championnat de France 1990, plage de la\u00a0Milady. 1\u00b0 Eric Besson et 4\u00b0 Cyril Hemmer, tous les deux team EDEN.<\/p>\n<p><img loading=\"lazy\" decoding=\"async\" src=\"http:\/\/www.skimboard.com\/edenv3\/images\/shop\/media\/podium_ch-fr_1990_reduit.jpg\" alt=\"podium ch-fr 1990 reduit\" width=\"800\" height=\"470\" \/><\/p>\n<p><strong>TECHNIQUE:<\/strong><\/p>\n<p>Le ph\u00e9nom\u00e8ne qui permet au skimboard de glisser est l\u2019<a class=\"mw-redirect\" title=\"Aquaplaning\" href=\"http:\/\/fr.wikipedia.org\/wiki\/Aquaplaning\">aquaplaning<\/a>\u00a0(<a class=\"mw-redirect\" title=\"Hydroplanage\" href=\"http:\/\/fr.wikipedia.org\/wiki\/Hydroplanage\">hydroplanage<\/a>). En effet, lorsque le skimboard est anim\u00e9 d&#8217;un l\u00e9ger mouvement, une fine pellicule d&#8217;eau (moins de 1 cm d&#8217;eau) s&#8217;accumule entre sa surface et le sable. Le comportement de l&#8217;engin est alors comparable \u00e0 celui d&#8217;une savonnette sur du carrelage mouill\u00e9. On peut glisser tr\u00e8s loin m\u00eame avec une faible vitesse de course avec ce principe car le sable &#8220;porte&#8221; la pellicule d&#8217;eau qui &#8220;porte&#8221; la planche, sur le m\u00eame principe que les v\u00e9hicules \u00e0 coussin d&#8217;air (l\u00e0 c&#8217;est un &#8220;coussin d&#8217;eau&#8221;).<\/p>\n<p>En revanche si l&#8217;on veut aller plus loin du bord, dans de l&#8217;eau profonde, l&#8217;aquaplanning ne marche plus et la planche se retrouve (et le skimboardeur avec) dans la situation d&#8217;un ski nautique (ou d&#8217;un wakeboard\/flysurf\/caillou en ricochet, etc&#8230;). Si la vitesse est trop faible la planche coule imm\u00e9diatement car sa flottabilit\u00e9 est minime et compl\u00e8tement insuffisante pour porter un homme (comme un ski nautique \u00e0 l&#8217;arr\u00eat), seule la vitesse la maintient en &#8220;planning&#8221;. La pratique devient donc beaucoup plus difficile et technique, mais aussi plus int\u00e9ressante.<\/p>\n<p>Il existe donc deux types de pratique de cette discipline, cohabitant au gr\u00e9 des mar\u00e9es.<\/p>\n<ul>\n<li>La premi\u00e8re est le\u00a0<i>Flat<\/i>, qui se pratique \u00e0 mar\u00e9e basse et g\u00e9n\u00e9ralement avec de simples planches en bois . Les vagues, qui se retirent lentement, laissent de grandes \u00e9tendues de sable plat (d&#8217;o\u00f9 le nom &#8220;Flat&#8221;) recouvert d&#8217;une mince couche d&#8217;eau (moins de 1cm, pour bien glisser). Le rider lance sa planche devant lui, la rattrape en courant et saute dessus. \u00c0 partir de l\u00e0, il peut glisser tout droit ou enchainer des figures (tricks) le plus souvent inspir\u00e9es du skateboard. C&#8217;est la pratique des d\u00e9butants, tr\u00e8s facile pour s&#8217;initier au skimboard, et ne n\u00e9cessitant pas une planche sophistiqu\u00e9e ni beaucoup de technique.<\/li>\n<\/ul>\n<ul>\n<li>L&#8217;attaque du\u00a0<i>Shore break<\/i>\u00a0(vague qui casse sur le bord de plage) est la &#8220;vraie&#8221; pratique de ce sport. Elle n\u00e9cessite une planche en composite (plus ch\u00e8re qu&#8217;une planche en bois) et une bonne technique. Dans ce cas, le skimboardeur court, planche \u00e0 la main, vers la vague qui va d\u00e9rouler. Dans son \u00e9lan, il lance sa planche sur le sable recouvert d&#8217;une pellicule d&#8217;eau laiss\u00e9e par la vague qui se retire au bord, et tout de suite apr\u00e8s il monte dessus, en pleine course, et profitant de l&#8217;inertie du mouvement continue \u00e0 glisser avec elle sur l&#8217;eau plus profonde afin d&#8217;aller percuter la vague suivante en r\u00e9alisant des figures tr\u00e8s similaires \u00e0 celles du\u00a0<a title=\"Surf\" href=\"http:\/\/fr.wikipedia.org\/wiki\/Surf\">surf<\/a>.<\/li>\n<\/ul>\n<p>La configuration de la plage et les conditions de vagues doivent bien s\u00fbr s&#8217;y pr\u00eater, ce n&#8217;est pas possible partout, cependant il est plus facile de trouver sur nos c\u00f4tes un &#8220;spot&#8221; (endroit connu pour ses bonnes vagues) correct pour faire du skimboard que pour pratiquer le surf ou le windsurf (voir onglet &#8220;Carte des spots&#8221; )<\/p>\n<p>La pratique de ce sport peut \u00eatre assez physique, il faut \u00eatre bon coureur, supporter un rythme soutenu (courir sur du sable n&#8217;est pas aussi ais\u00e9 qu&#8217;on pourrait le croire), et ne pas avoir peur des chutes.<\/p>\n<h2 class=\"modifiedSectionTitle\"><span id=\"Historique\" class=\"mw-headline\">\u00a0<\/span><\/h2>\n<div class=\"cmp_buttons_container\"><\/div>\n","protected":false},"excerpt":{"rendered":"<p>Ce dossier est en grande partie similaire \u00e0 la page wikip\u00e9dia, mais ce n&#8217;est pas du &#8220;pomp\u00e9&#8221; car c&#8217;est aussi moi qui en suis l&#8217;auteur \u00e0 80%\u00a0 \ud83d\ude09 J&#8217;ai d\u00e9couvert le skimboard en 1986, et m\u00eame si je n&#8217;ai jamais \u00e9t\u00e9 un bon pratiquant (pas assez de vitesse dans les jambes&#8230;) \u00e7a a \u00e9t\u00e9 ma [&hellip;]<\/p>\n","protected":false},"author":1,"featured_media":0,"parent":0,"menu_order":9,"comment_status":"closed","ping_status":"closed","template":"","meta":{"footnotes":""},"class_list":["post-146","page","type-page","status-publish","hentry","post-preview"],"_links":{"self":[{"href":"https:\/\/skimboard.com\/edenv4\/wp-json\/wp\/v2\/pages\/146","targetHints":{"allow":["GET"]}}],"collection":[{"href":"https:\/\/skimboard.com\/edenv4\/wp-json\/wp\/v2\/pages"}],"about":[{"href":"https:\/\/skimboard.com\/edenv4\/wp-json\/wp\/v2\/types\/page"}],"author":[{"embeddable":true,"href":"https:\/\/skimboard.com\/edenv4\/wp-json\/wp\/v2\/users\/1"}],"replies":[{"embeddable":true,"href":"https:\/\/skimboard.com\/edenv4\/wp-json\/wp\/v2\/comments?post=146"}],"version-history":[{"count":4,"href":"https:\/\/skimboard.com\/edenv4\/wp-json\/wp\/v2\/pages\/146\/revisions"}],"predecessor-version":[{"id":8020,"href":"https:\/\/skimboard.com\/edenv4\/wp-json\/wp\/v2\/pages\/146\/revisions\/8020"}],"wp:attachment":[{"href":"https:\/\/skimboard.com\/edenv4\/wp-json\/wp\/v2\/media?parent=146"}],"curies":[{"name":"wp","href":"https:\/\/api.w.org\/{rel}","templated":true}]}}