{"id":145,"date":"2012-12-08T13:18:54","date_gmt":"2012-12-08T12:18:54","guid":{"rendered":"http:\/\/skimboard.com\/edenv4\/choisirlagamme\/"},"modified":"2023-05-22T11:08:44","modified_gmt":"2023-05-22T10:08:44","slug":"choisirlagamme","status":"publish","type":"page","link":"https:\/\/skimboard.com\/edenv4\/choisirlagamme\/","title":{"rendered":"Choisir la gamme de stratification de votre skimboard"},"content":{"rendered":"<p>Chez EDEN nous avons d\u00e9velopp\u00e9 pour nos skimboards <em>foamies<\/em> 5 <strong>G<em>ammes de stratification<\/em><\/strong>\u00a0(= construction)\u00a0 diff\u00e9rentes, avec chacune un &#8220;cocktail&#8221; de mat\u00e9riaux techniques qui donnent \u00e0 chacune des avantages sp\u00e9cifiques. Un peu comme les cadres de v\u00e9los de comp\u00e9tition qui peuvent \u00eatre en acier, acier inox, titane, alu, carbone etc&#8230; en fonction de vos besoins &#8230; et de votre budget &#8230;<\/p>\n<p>Tous les <em><strong>Shapes<\/strong>\u00a0<\/em>\u00a0(= la forme g\u00e9n\u00e9rale de la planche) et tailles de planches peuvent \u00eatre r\u00e9alis\u00e9es dans chaque gamme de stratification.<br \/>\nVous devez donc choisir d&#8217;abord le <strong><em>Shape<\/em>\u00a0<\/strong>et la taille de votre planche, <a href=\"https:\/\/skimboard.com\/edenv4\/conseils\/\">comme on vient de le voir<\/a>, puis la <strong><em>Gamme de stratification<\/em><\/strong>\u00a0en fonction de votre niveau de pratique, de votre poids et puissance d&#8217;appuis, de la force des vagues sur votre spot &#8230; et de votre budget &#8230;<\/p>\n<p><a href=\"https:\/\/skimboard.com\/edenv4\/skimboards-foamie-zt-standard\/\"><strong>Gamme &#8220;ZT &#8211; Standard<em>&#8220;<\/em>:<\/strong><\/a><br \/>\nEn fibre de verre <em>E-Glass<\/em> &#8220;normale&#8221; (la plus employ\u00e9e). C&#8217;est la gamme de base, id\u00e9ale pour d\u00e9buter, \u00e9conomique, pr\u00e9vue pour des conditions de vagues &#8220;normales&#8221;, et des pratiquants de taille &#8220;normale&#8221;.<br \/>\nPour un d\u00e9butant ou un rider occasionnel c&#8217;est largement suffisant. Prendre une gamme &#8220;COMP&#8221; (comp\u00e9tition) n&#8217;a aucun int\u00e9r\u00eat, car elle ne sera pas plus facile \u00e0 utiliser,\u00a0sauf pour les riders tr\u00e8s lourds qui ont besoin d&#8217;une planche b\u00e9ton.<br \/>\nNormalement il n&#8217;y a pas d&#8217;options possibles, car c&#8217;est la gamme de base, mais pour des cas particuliers on peut en discuter &#8230;<\/p>\n<p><strong><a href=\"https:\/\/skimboard.com\/edenv4\/sglass\/\">Gamme S-Glass PRO<\/a>:<\/strong><br \/>\nLe <em>S-Glass<\/em> (Strength-Glass) est un tissu de verre tr\u00e8s hautes performances, presque aussi r\u00e9actif que le carbone (et aussi cher &#8230;), un peu plus lourd, mais surtout plus r\u00e9sistant aux chocs et \u00e0 la rupture. La planche est donc r\u00e9active et solide.<br \/>\nIl y a une couche enti\u00e8re de tissu <em>S-Glass<\/em> sur le dessus, et un large renfort <em>S-Glass<\/em> sur le dessous, compl\u00e9t\u00e9s par du <em>E-Glass<\/em>.<br \/>\nElle conviendra aux riders lourds, ou qui surfent d&#8217;assez grosses vagues, qui ont peur de casser leur planche. Et aussi aux riders &#8220;en progr\u00e8s&#8221; qui commencent \u00e0 pousser sur leurs appuis et veulent monter en gamme.<br \/>\nOptions possibles: \u00a0<a href=\"https:\/\/skimboard.com\/edenv4\/option-ultra-light\/\"><em>Ultra Light<\/em><\/a><em> \u00a0 et \u00a0 <a href=\"https:\/\/skimboard.com\/edenv4\/renforts-cibles\/\">Renforts cibl\u00e9s<\/a><\/em><\/p>\n<p><strong><br \/>\n<a href=\"https:\/\/skimboard.com\/edenv4\/carboncomp\/\">Gamme Carbone PRO:<\/a><\/strong><br \/>\nAvec une couche de tissu de carbone sur le dessus, et un large renfort carbone sur le dessous, compl\u00e9t\u00e9s par du <em>E-Glass<\/em>.<br \/>\nLe carbone apporte une grande r\u00e9activit\u00e9, la planche r\u00e9pond plus vite quand on pousse dessus (c&#8217;est le &#8220;Pop&#8221;), et elle n&#8217;est pas plus lourde qu&#8217;une <em>ZT-Standard<\/em>.<br \/>\nMais attention, <strong>\u00e7a ne la rend pas plus solide ni plus facile \u00e0 utiliser<\/strong>.<br \/>\nCe sont surtout les riders d\u00e9j\u00e0 exp\u00e9riment\u00e9s et pas trop &#8220;brutaux avec le matos&#8221; qui la pr\u00e9f\u00e9reront. Le look carbone plait aussi beaucoup.<br \/>\nOptions possibles: \u00a0<a href=\"https:\/\/skimboard.com\/edenv4\/option-ultra-light\/\"><em>Ultra Light<\/em><\/a><em> \u00a0 et \u00a0 <a href=\"https:\/\/skimboard.com\/edenv4\/renforts-cibles\/\">Renforts cibl\u00e9s<\/a><\/em><\/p>\n<p><strong><br \/>\n<a href=\"https:\/\/skimboard.com\/edenv4\/crystal\/\">Gamme Crystal PRO<\/a>:<\/strong><br \/>\nEn tant qu&#8217;\u00e9volution de la gamme <em>S-Glass Comp<\/em>, la gamme <em>CRYSTAL COMP<\/em>\u00a0a \u00e9t\u00e9 d\u00e9velopp\u00e9e sp\u00e9cialement pour les membres du Team les plus exigeants sur la solidit\u00e9 des planches (en clair, les plus bourrins&#8230;) mais sans concessions sur les performances.<br \/>\nIl est constitu\u00e9 sur le dessous d&#8217;une semelle de glisse en E-glass (comme d&#8217;habitude) + une couche enti\u00e8re de S-glass (qui lui permet aussi de mieux r\u00e9sister aux cailloux), et sur le dessus de DEUX couches enti\u00e8res de S-Glass.<br \/>\nSes performances, sa nervosit\u00e9 et sa r\u00e9activit\u00e9, sont presque identiques aux gammes &#8220;Carbone&#8221; et &#8220;Diamond&#8221;, en un peu plus lourd mais avec une durabilit\u00e9 exceptionnelle dans le temps.<strong><br \/>\n<\/strong>C&#8217;est donc le bon choix pour les riders qui &#8220;matraquent&#8221; souvent leurs planches, et\/ou qui affrontent des vagues puissantes.<br \/>\nOptions possibles: \u00a0<em><a href=\"https:\/\/skimboard.com\/edenv4\/renforts-cibles\/\">Renforts cibl\u00e9s<\/a><\/em><\/p>\n<p><strong><br \/>\n<a href=\"https:\/\/skimboard.com\/edenv4\/diamond\/\">Gamme Diamond PRO<\/a>:<br \/>\n<\/strong>Le carbone est tr\u00e8s r\u00e9actif et l\u00e9ger mais relativement sensible aux chocs et \u00e0 la rupture, le S-Glass est un peu moins nerveux, mais tr\u00e8s r\u00e9sistant. Ils \u00e9taient faits pour s&#8217;entendre !<br \/>\nCette gamme \u00a0de stratification est donc constitu\u00e9e d&#8217;un cocktail de tissus de carbone + S-Glass + E-Glass pour la plus grande r\u00e9sistance et r\u00e9activit\u00e9 possible, avec\u00a0une finition carbone !\u00a0<strong><br \/>\n<\/strong>C&#8217;est le choix des riders les plus exigeants, qui aime le carbone (pour le look ou pour le feeling) mais qui veulent aussi de la solidit\u00e9.<br \/>\nOptions possibles: \u00a0<a href=\"https:\/\/skimboard.com\/edenv4\/option-ultra-light\/\"><em>Ultra Light<\/em><\/a><em> \u00a0 et \u00a0 <a href=\"https:\/\/skimboard.com\/edenv4\/renforts-cibles\/\">Renforts cibl\u00e9s<\/a><\/em><\/p>\n<p><strong><br \/>\nEn savoir plus sur la stratification des skimboards:<\/strong><br \/>\n<strong>R\u00e9sine polyester ou epoxy ?<\/strong> On entend parfois l&#8217;appellation skimboard en epoxy pour parler d&#8217;une planche foamie, mais c&#8217;est une confusion avec le type de r\u00e9sine employ\u00e9e, qui peut \u00eatre polyester ou epoxy.<br \/>\nIl y a 20 ans la r\u00e9sine epoxy \u00e9tait tr\u00e8s r\u00e9pandu pour la fabrication des surfs et des skims, et on disait &#8220;Skim en epoxy&#8221; pour dire &#8220;Skim en composite fibre de verre&#8221;, et le nom est rest\u00e9 comme Frigidaire pour dire r\u00e9frig\u00e9rateur.<br \/>\nMais depuis cette \u00e9poque lointaine, la r\u00e9sine polyester haut de gamme a fait de gros progr\u00e8s et est devenue plus r\u00e9pandue que l&#8217;epoxy. Le polyester a m\u00eame l&#8217;avantage d&#8217;\u00eatre plus dur que l&#8217;epoxy, la finition est plus lisse, plus brillante, s&#8217;use moins vite avec le frottement du sable, et il est plus facile \u00e0 r\u00e9parer.<\/p>\n<p>Certaines bonnes marques de skim proposent,\u00a0en plus de leur gamme principale en polyester, quelques mod\u00e8les en epoxy, car quelques riders aiment bien l&#8217;epoxy et les planches sont un poil plus l\u00e9g\u00e8res. Mais \u00e7a reste marginal.<\/p>\n<p>Chez EDEN nous n&#8217;employons que de la r\u00e9sine polyester haut de gamme, fabriqu\u00e9e en Italie, pour toutes nos planches.<\/p>\n<p>Il faut savoir que l&#8217;epoxy est utilis\u00e9 majoritairement par les marques qui font fabriquer leurs skimboards en Chine, car la mousse employ\u00e9e le plus souvent dans les usines chinoises est le polystyr\u00e8ne expans\u00e9 ou extrud\u00e9 (<strong>EPS<\/strong> &#8211; expanded polystyrene), qui n&#8217;est pas compatible du tout avec la r\u00e9sine polyester (\u00e7a la fait fondre !), et qui sont donc <strong>oblig\u00e9es<\/strong> d&#8217;utiliser l&#8217;epoxy, elles n&#8217;ont pas le choix avec le polystyr\u00e8ne !<br \/>\nLe polystyr\u00e8ne expans\u00e9\/extrud\u00e9 est interessant pour faire des surfs \u00e9pais et volumineux (longboards, SUP) car il est tr\u00e8s l\u00e9ger pour de gros volume et ne co\u00fbte presque rien. Mais pour des skimboards c&#8217;est une catastrophe, c&#8217;est beaucoup trop fragile et \u00e7a prend l&#8217;eau \u00e0 la moindre fissure \u00a0\ud83d\ude41<\/p>\n<p>Donc quand vous voyez &#8220;<em>skimboard en epoxy<\/em>&#8221; sur une pub Internet il y a 99% de chances que ce soit du bas de gamme fabriqu\u00e9 en Chine &#8230; \u00a0 \u00a0 \u00a0\ud83d\ude41<\/p>\n<p><span style=\"font-family: arial,helvetica,sans-serif; font-size: 12pt; color: #000000;\">\u00a0<\/span><\/p>\n","protected":false},"excerpt":{"rendered":"<p>Chez EDEN nous avons d\u00e9velopp\u00e9 pour nos skimboards foamies 5 Gammes de stratification\u00a0(= construction)\u00a0 diff\u00e9rentes, avec chacune un &#8220;cocktail&#8221; de mat\u00e9riaux techniques qui donnent \u00e0 chacune des avantages sp\u00e9cifiques. Un peu comme les cadres de v\u00e9los de comp\u00e9tition qui peuvent \u00eatre en acier, acier inox, titane, alu, carbone etc&#8230; en fonction de vos besoins &#8230; [&hellip;]<\/p>\n","protected":false},"author":1,"featured_media":0,"parent":0,"menu_order":10,"comment_status":"closed","ping_status":"closed","template":"","meta":{"footnotes":""},"class_list":["post-145","page","type-page","status-publish","hentry","post-preview"],"_links":{"self":[{"href":"https:\/\/skimboard.com\/edenv4\/wp-json\/wp\/v2\/pages\/145","targetHints":{"allow":["GET"]}}],"collection":[{"href":"https:\/\/skimboard.com\/edenv4\/wp-json\/wp\/v2\/pages"}],"about":[{"href":"https:\/\/skimboard.com\/edenv4\/wp-json\/wp\/v2\/types\/page"}],"author":[{"embeddable":true,"href":"https:\/\/skimboard.com\/edenv4\/wp-json\/wp\/v2\/users\/1"}],"replies":[{"embeddable":true,"href":"https:\/\/skimboard.com\/edenv4\/wp-json\/wp\/v2\/comments?post=145"}],"version-history":[{"count":23,"href":"https:\/\/skimboard.com\/edenv4\/wp-json\/wp\/v2\/pages\/145\/revisions"}],"predecessor-version":[{"id":6635,"href":"https:\/\/skimboard.com\/edenv4\/wp-json\/wp\/v2\/pages\/145\/revisions\/6635"}],"wp:attachment":[{"href":"https:\/\/skimboard.com\/edenv4\/wp-json\/wp\/v2\/media?parent=145"}],"curies":[{"name":"wp","href":"https:\/\/api.w.org\/{rel}","templated":true}]}}