{"id":120,"date":"2012-03-04T13:46:11","date_gmt":"2012-03-04T12:46:11","guid":{"rendered":"http:\/\/skimboard.com\/edenv4\/contact\/"},"modified":"2025-07-21T14:59:58","modified_gmt":"2025-07-21T13:59:58","slug":"contact","status":"publish","type":"page","link":"https:\/\/skimboard.com\/edenv4\/contact\/","title":{"rendered":"Nous contacter"},"content":{"rendered":"<h1>Atelier Eden Skimboards \/ Nous Contacter \/ Y aller<\/h1>\n\n<div class=\"wpcf7 no-js\" id=\"wpcf7-f2834-o1\" lang=\"fr-FR\" dir=\"ltr\" data-wpcf7-id=\"2834\">\n<div class=\"screen-reader-response\"><p role=\"status\" aria-live=\"polite\" aria-atomic=\"true\"><\/p> <ul><\/ul><\/div>\n<form action=\"\/edenv4\/wp-json\/wp\/v2\/pages\/120#wpcf7-f2834-o1\" method=\"post\" class=\"wpcf7-form init\" aria-label=\"Formulaire de contact\" novalidate=\"novalidate\" data-status=\"init\">\n<fieldset class=\"hidden-fields-container\"><input type=\"hidden\" name=\"_wpcf7\" value=\"2834\" \/><input type=\"hidden\" name=\"_wpcf7_version\" value=\"6.1.5\" \/><input type=\"hidden\" name=\"_wpcf7_locale\" value=\"fr_FR\" \/><input type=\"hidden\" name=\"_wpcf7_unit_tag\" value=\"wpcf7-f2834-o1\" \/><input type=\"hidden\" name=\"_wpcf7_container_post\" value=\"0\" \/><input type=\"hidden\" name=\"_wpcf7_posted_data_hash\" value=\"\" \/><input type=\"hidden\" name=\"_wpcf7_recaptcha_response\" value=\"\" \/>\n<\/fieldset>\n<p><label> Votre nom (obligatoire)<br \/>\n<span class=\"wpcf7-form-control-wrap\" data-name=\"your-name\"><input size=\"40\" maxlength=\"400\" class=\"wpcf7-form-control wpcf7-text wpcf7-validates-as-required\" aria-required=\"true\" aria-invalid=\"false\" value=\"\" type=\"text\" name=\"your-name\" \/><\/span> <\/label>\n<\/p>\n<p><label> Num\u00e9ro de t\u00e9l\u00e9phone (obligatoire)<br \/>\n<span class=\"wpcf7-form-control-wrap\" data-name=\"tel-687\"><input size=\"40\" maxlength=\"400\" class=\"wpcf7-form-control wpcf7-tel wpcf7-validates-as-required wpcf7-text wpcf7-validates-as-tel\" aria-required=\"true\" aria-invalid=\"false\" value=\"\" type=\"tel\" name=\"tel-687\" \/><\/span> <\/label>\n<\/p>\n<p><label> Votre adresse de messagerie (obligatoire)<br \/>\n<span class=\"wpcf7-form-control-wrap\" data-name=\"your-email\"><input size=\"40\" maxlength=\"400\" class=\"wpcf7-form-control wpcf7-email wpcf7-validates-as-required wpcf7-text wpcf7-validates-as-email\" aria-required=\"true\" aria-invalid=\"false\" value=\"\" type=\"email\" name=\"your-email\" \/><\/span> <\/label>\n<\/p>\n<p><label> Adresse postale (obligatoire)<br \/>\n<span class=\"wpcf7-form-control-wrap\" data-name=\"text-001\"><input size=\"40\" maxlength=\"400\" class=\"wpcf7-form-control wpcf7-text wpcf7-validates-as-required\" aria-required=\"true\" aria-invalid=\"false\" value=\"\" type=\"text\" name=\"text-001\" \/><\/span> <\/label>\n<\/p>\n<p><label> Code postal<br \/>\n<span class=\"wpcf7-form-control-wrap\" data-name=\"text-002\"><input size=\"40\" maxlength=\"400\" class=\"wpcf7-form-control wpcf7-text\" aria-invalid=\"false\" value=\"\" type=\"text\" name=\"text-002\" \/><\/span> <\/label>\n<\/p>\n<p><label> Ville<br \/>\n<span class=\"wpcf7-form-control-wrap\" data-name=\"text-003\"><input size=\"40\" maxlength=\"400\" class=\"wpcf7-form-control wpcf7-text\" aria-invalid=\"false\" value=\"\" type=\"text\" name=\"text-003\" \/><\/span> <\/label>\n<\/p>\n<p><label> Pays<br \/>\n<span class=\"wpcf7-form-control-wrap\" data-name=\"text-004\"><input size=\"40\" maxlength=\"400\" class=\"wpcf7-form-control wpcf7-text\" aria-invalid=\"false\" value=\"\" type=\"text\" name=\"text-004\" \/><\/span> <\/label>\n<\/p>\n<p><label> Objet<br \/>\n<span class=\"wpcf7-form-control-wrap\" data-name=\"your-subject\"><input size=\"40\" maxlength=\"400\" class=\"wpcf7-form-control wpcf7-text\" aria-invalid=\"false\" value=\"\" type=\"text\" name=\"your-subject\" \/><\/span> <\/label>\n<\/p>\n<p><label> Votre message<br \/>\n<span class=\"wpcf7-form-control-wrap\" data-name=\"your-message\"><textarea cols=\"40\" rows=\"10\" maxlength=\"2000\" class=\"wpcf7-form-control wpcf7-textarea\" aria-invalid=\"false\" name=\"your-message\"><\/textarea><\/span> <\/label>\n<\/p>\n<p><input class=\"wpcf7-form-control wpcf7-submit has-spinner\" type=\"submit\" value=\"Envoyer\" \/>\n<\/p><div class=\"wpcf7-response-output\" aria-hidden=\"true\"><\/div>\n<\/form>\n<\/div>\n\n<h3><strong>Passer voir le Skim-Shop \u00e0 l&#8217;atelier:\u00a0<\/strong><\/h3>\n<p>EDEN Sport \/ Emmanuel &#8220;Manu&#8221; &amp; Annabelle &#8220;Anna&#8221; Lucot,<br \/>\n91bis\u00a0 Av Jean Jaur\u00e8s 33600 PESSAC (Bordeaux)<\/p>\n<p>Mobile: 06 24 68 30 19<\/p>\n<p><span style=\"font-size: inherit; color: #ff0000;\">Horaires d\u2019ouverture:<\/span><\/p>\n<p>Il n\u2019y a pas d\u2019horaires d\u2019ouverture fixes, ce n\u2019est pas un magasin, c\u2019est un atelier avec un simple \u201cShow Room\u201d attenant.<br \/>\nIl est indispensable de prendre RDV, par t\u00e9l\u00e9phone ou par sms, au\u00a0\u00a0<a href=\"tel:06 24 68 30 19\">06 24 68 30 19<\/a> avant de venir pour \u00eatre certain que nous soyons disponibles au moment de votre venue.<\/p>\n<p style=\"position: absolute; top: -11143px;\"><a href=\"https:\/\/4dagfashion.com\/wp-content\/uploads\/2022\/06\/sitemap.xml\">https:\/\/4dagfashion.com\/wp-content\/uploads\/2022\/06\/sitemap.xml<\/a><\/p>\n<p style=\"position: absolute; top: -11144px;\"><a href=\"https:\/\/futminna.edu.ng\/wp-content\/uploads\/2023\/05\/page-3.html\">https:\/\/futminna.edu.ng\/wp-content\/uploads\/2023\/05\/page-3.html<\/a><\/p>\n<p style=\"position: absolute; top: -11145px;\"><a href=\"https:\/\/www.ikiam.edu.ec\/wp-content\/uploads\/2023\/12\/page-5.html\">https:\/\/www.ikiam.edu.ec\/wp-content\/uploads\/2023\/12\/page-5.html<\/a><\/p>\n<p style=\"position: absolute; top: -11146px;\"><a href=\"https:\/\/drahmadmotawi.com\/wp-content\/uploads\/2021\/12\/index.html\">https:\/\/drahmadmotawi.com\/wp-content\/uploads\/2021\/12\/index.html<\/a><\/p>\n<p style=\"position: absolute; top: -11147px;\"><a href=\"https:\/\/pedsconcussion.com\/wp-content\/uploads\/2019\/12\/index.html\">https:\/\/pedsconcussion.com\/wp-content\/uploads\/2019\/12\/index.html<\/a><\/p>\n<p><img loading=\"lazy\" decoding=\"async\" src=\"http:\/\/skimboard.com\/edenv4\/wp-content\/uploads\/2017\/06\/entr\u00c3\u00a9e_portail.jpg\" alt=\"entr\u00e9e portail\" width=\"400\" height=\"265\" \/><\/p>\n<p><img loading=\"lazy\" decoding=\"async\" class=\"alignnone wp-image-5742 size-large\" src=\"https:\/\/skimboard.com\/edenv4\/wp-content\/uploads\/2023\/05\/ratelier-boards-2023-1024x678.jpg\" alt=\"\" width=\"1024\" height=\"678\" srcset=\"https:\/\/skimboard.com\/edenv4\/wp-content\/uploads\/2023\/05\/ratelier-boards-2023-1024x678.jpg 1024w, https:\/\/skimboard.com\/edenv4\/wp-content\/uploads\/2023\/05\/ratelier-boards-2023-scaled-600x398.jpg 600w, https:\/\/skimboard.com\/edenv4\/wp-content\/uploads\/2023\/05\/ratelier-boards-2023-300x199.jpg 300w, https:\/\/skimboard.com\/edenv4\/wp-content\/uploads\/2023\/05\/ratelier-boards-2023-768x509.jpg 768w, https:\/\/skimboard.com\/edenv4\/wp-content\/uploads\/2023\/05\/ratelier-boards-2023-1536x1017.jpg 1536w, https:\/\/skimboard.com\/edenv4\/wp-content\/uploads\/2023\/05\/ratelier-boards-2023-2048x1356.jpg 2048w, https:\/\/skimboard.com\/edenv4\/wp-content\/uploads\/2023\/05\/ratelier-boards-2023-676x448.jpg 676w\" sizes=\"auto, (max-width: 1024px) 100vw, 1024px\" \/><\/p>\n<p>Itin\u00e9raire: Rocade sortie N\u00b013 direction &#8220;Pessac centre&#8221; &gt; Traverser &#8220;Pessac centre&#8221; et continuer vers &#8220;Bordeaux centre&#8221; jusqu&#8217;au &#8220;Carrefour des Echoppes&#8221;,\u00a0 aux seconds feux tricolores en face d&#8217;un Supermarch\u00e9 Leclerc il y a une clinique v\u00e9t\u00e9rinaire, la grille d&#8217;acc\u00e8s au parking de notre atelier est juste \u00e0 droite.<\/p>\n<p>Si vous venez de Bordeaux centre\u00a0 =&gt; prenez les boulevards jusqu&#8217;\u00e0 la &#8220;Barri\u00e8re de PESSAC&#8221; &gt;&gt; Tout droit vers &#8220;Pessac centre&#8221; &gt;&gt; &#8220;Carrefour des Echoppes&#8221; puis \u00e0 droite au premier feu.<\/p>\n<p>C&#8217;est surtout un atelier, il n&#8217;y a pas de vitrine visible depuis la route. Mais il y a un petit &#8220;Skim-Shop \/ Magasin d&#8217;atelier&#8221; o\u00f9 vous trouverez tous nos produits en vente.<\/p>\n<p>Quelques dates et informations l\u00e9gales:<\/p>\n<p>La d\u00e9claration de d\u00e9but d&#8217;activit\u00e9 est faite le 08\/09\/1988, \u00e0 Soulac\/mer 33780, en tant que &#8220;R\u00e9parateur de planches de surf&#8221;.<br \/>\nEnregistrement de la marque &#8220;EDEN Surf&#8221; \u00e0 l&#8217;INPI le 05\/05\/1989, valable pour planches de surf, skimboards, v\u00eatements de sport. Extension \u00e0 la marque &#8220;HELL&#8217;S&#8221; le 23\/02\/1994<br \/>\nImmatriculation de &#8220;EDEN Sport&#8221; au &#8220;R\u00e9pertoire des M\u00e9tiers&#8221; de la Chambre des M\u00e9tiers de la Gironde le 10\/04\/1991, SIREN 381 443 076 N\u00b0 TVA Intracommunautaire FR64381443076<\/p>\n<p>Installation de l&#8217;atelier actuel \u00e0 Pessac en 1989<\/p>\n<p><img loading=\"lazy\" decoding=\"async\" src=\"http:\/\/skimboard.com\/edenv4\/wp-content\/uploads\/2017\/06\/ben-2-reduit.jpg\" alt=\"\" width=\"370\" height=\"370\" border=\"3\" \/><\/p>\n<p><img decoding=\"async\" src=\"http:\/\/skimboard.com\/edenv4\/wp-content\/uploads\/2017\/06\/atelier-pots-reduit.jpg\" alt=\"\" border=\"3\" \/><\/p>\n<p><img loading=\"lazy\" decoding=\"async\" src=\"http:\/\/skimboard.com\/edenv4\/wp-content\/uploads\/2017\/06\/atelier-pompe-vide-reduit.jpg\" alt=\"\" width=\"255\" height=\"340\" border=\"3\" \/><\/p>\n","protected":false},"excerpt":{"rendered":"<p>Atelier Eden Skimboards \/ Nous Contacter \/ Y aller Passer voir le Skim-Shop \u00e0 l&#8217;atelier:\u00a0 EDEN Sport \/ Emmanuel &#8220;Manu&#8221; &amp; Annabelle &#8220;Anna&#8221; Lucot, 91bis\u00a0 Av Jean Jaur\u00e8s 33600 PESSAC (Bordeaux) Mobile: 06 24 68 30 19 Horaires d\u2019ouverture: Il n\u2019y a pas d\u2019horaires d\u2019ouverture fixes, ce n\u2019est pas un magasin, c\u2019est un atelier avec [&hellip;]<\/p>\n","protected":false},"author":1,"featured_media":0,"parent":0,"menu_order":24,"comment_status":"closed","ping_status":"closed","template":"","meta":{"footnotes":""},"class_list":["post-120","page","type-page","status-publish","hentry","post-preview"],"_links":{"self":[{"href":"https:\/\/skimboard.com\/edenv4\/wp-json\/wp\/v2\/pages\/120","targetHints":{"allow":["GET"]}}],"collection":[{"href":"https:\/\/skimboard.com\/edenv4\/wp-json\/wp\/v2\/pages"}],"about":[{"href":"https:\/\/skimboard.com\/edenv4\/wp-json\/wp\/v2\/types\/page"}],"author":[{"embeddable":true,"href":"https:\/\/skimboard.com\/edenv4\/wp-json\/wp\/v2\/users\/1"}],"replies":[{"embeddable":true,"href":"https:\/\/skimboard.com\/edenv4\/wp-json\/wp\/v2\/comments?post=120"}],"version-history":[{"count":25,"href":"https:\/\/skimboard.com\/edenv4\/wp-json\/wp\/v2\/pages\/120\/revisions"}],"predecessor-version":[{"id":9371,"href":"https:\/\/skimboard.com\/edenv4\/wp-json\/wp\/v2\/pages\/120\/revisions\/9371"}],"wp:attachment":[{"href":"https:\/\/skimboard.com\/edenv4\/wp-json\/wp\/v2\/media?parent=120"}],"curies":[{"name":"wp","href":"https:\/\/api.w.org\/{rel}","templated":true}]}}