{"id":110,"date":"2012-01-01T00:00:01","date_gmt":"2011-12-31T23:00:01","guid":{"rendered":"http:\/\/skimboard.com\/edenv4\/carboncomp\/"},"modified":"2023-05-22T16:38:22","modified_gmt":"2023-05-22T15:38:22","slug":"carboncomp","status":"publish","type":"page","link":"https:\/\/skimboard.com\/edenv4\/carboncomp\/","title":{"rendered":"Skimboards\/ La Gamme Carbone PRO"},"content":{"rendered":"<h3 style=\"text-align: left;\"><a href=\"http:\/\/skimboard.com\/edenv4\/acheter\/\" target=\"_self\" rel=\"noopener\"><span style=\"font-size: medium; font-family: arial,helvetica,sans-serif;\"><span style=\"font-weight: bold;\"><img loading=\"lazy\" decoding=\"async\" style=\"float: right;\" src=\"http:\/\/skimboard.com\/edenv4\/wp-content\/uploads\/2017\/06\/bouton_comment_acheter.jpg\" alt=\"bouton comment acheter\" width=\"200\" height=\"64\" \/><\/span><\/span><\/a>\u00a0<strong> \u00a0 \u00a0 \u00a0 \u00a0 \u00a0 \u00a0 \u00a0 \u00a0 \u00a0 \u00a0 \u00a0 \u00a0 \u00a0 \u00a0 \u00a0 \u00a0 \u00a0 \u00a0 \u00a0 \u00a0 \u00a0 \u00a0 \u00a0 \u00a0 \u00a0 \u00a0 \u00a0 \u00a0 \u00a0 \u00a0\u00a0<\/strong><\/h3>\n<p><a href=\"https:\/\/skimboard.com\/edenv4\/acheter\/\"><span style=\"font-family: Arial;\"><span style=\"font-family: arial,helvetica,sans-serif; font-size: 12pt;\"><img loading=\"lazy\" decoding=\"async\" class=\"alignnone size-large wp-image-5707\" src=\"https:\/\/skimboard.com\/edenv4\/wp-content\/uploads\/2023\/05\/carbone-logo-blanc-1024x678.jpg\" alt=\"\" width=\"676\" height=\"448\" srcset=\"https:\/\/skimboard.com\/edenv4\/wp-content\/uploads\/2023\/05\/carbone-logo-blanc-1024x678.jpg 1024w, https:\/\/skimboard.com\/edenv4\/wp-content\/uploads\/2023\/05\/carbone-logo-blanc-scaled-600x398.jpg 600w, https:\/\/skimboard.com\/edenv4\/wp-content\/uploads\/2023\/05\/carbone-logo-blanc-300x199.jpg 300w, https:\/\/skimboard.com\/edenv4\/wp-content\/uploads\/2023\/05\/carbone-logo-blanc-768x509.jpg 768w, https:\/\/skimboard.com\/edenv4\/wp-content\/uploads\/2023\/05\/carbone-logo-blanc-1536x1017.jpg 1536w, https:\/\/skimboard.com\/edenv4\/wp-content\/uploads\/2023\/05\/carbone-logo-blanc-2048x1356.jpg 2048w, https:\/\/skimboard.com\/edenv4\/wp-content\/uploads\/2023\/05\/carbone-logo-blanc-676x448.jpg 676w\" sizes=\"auto, (max-width: 676px) 100vw, 676px\" \/><\/span><\/span><\/a><\/p>\n<p>C&#8217;est une technique de stratification (= construction d&#8217;un composite), ce n&#8217;est pas <strong>une<\/strong> planche mais une <strong>mani\u00e8re<\/strong> de la construire, avec du carbone. <br data-rich-text-line-break=\"true\" \/>Nos trois shapes (formes de planches) <a href=\"https:\/\/skimboard.com\/edenv4\/skimboards-shape-classic\/\" data-type=\"page\" data-id=\"6383\">Classic<\/a> \/ <a href=\"https:\/\/skimboard.com\/edenv4\/skimboard-foamie-big-fish\/\" data-type=\"page\" data-id=\"5980\">Big Fish<\/a> \/ <a href=\"https:\/\/skimboard.com\/edenv4\/skimboards-foamies-dream-liner\/\" data-type=\"page\" data-id=\"2592\">Dream Liner<\/a> sont r\u00e9alisables avec cette stratification <em><strong>Carbone PRO<\/strong><\/em><\/p>\n<p>Dans tous les sports de haut niveau le carbone est incontournable et synonyme de performance. Le tissu de carbone apporte un gain de rigidit\u00e9 important par rapport \u00e0 la fibre de verre, et rend la planche nettement plus nerveuse, donc rapide et performante (vitesse dans les manoeuvres, relance en appuis&#8230;).<br \/>Cependant attention, cela ne veut pas dire qu&#8217;elles sont incassables !\u00a0 Leur avantage r\u00e9side surtout dans la performance, elles sont \u00e0 r\u00e9serv\u00e9es aux riders de bon niveau.\u00a0<\/p>\n<p>Int\u00e9gralement fabriqu\u00e9es \u00e0 la main en France, dans notre atelier de Bordeaux, c\u0153ur en mousse de PVC Airex 100% waterproof, stratifi\u00e9 sous-vide.\u00a0avec une couche de carbone &#8220;3K&#8221; sur le dessus, et un large renfort carbone qui couvre les 2\/3 du dessous (sur la zone de flexion, inutile d&#8217;en mettre sur toute la surface). Le tissu de carbone est compl\u00e9t\u00e9 par du E-glass. Patchs de renforts carbone double \u00e9paisseur sur le nose et le tail pour \u00e9viter les pocs et l&#8217;usure.<\/p>\n<p><strong style=\"font-size: inherit;\">Option\u00a0<a href=\"https:\/\/skimboard.com\/edenv4\/renforts-cibles\/\">Renforts cibl\u00e9s<\/a>:<\/strong><strong style=\"font-size: inherit;\">\u00a0+ 10\u20ac\u00a0<\/strong><span style=\"font-size: inherit;\">\u00a0Nous pouvons ajouter des renforts aux endroits &#8220;strat\u00e9giques&#8221;. <a href=\"https:\/\/skimboard.com\/edenv4\/renforts-cibles\/\">Voir la page<\/a><\/span><\/p>\n<p><strong>Coloris:<\/strong><br \/>Dessous blanc pour une meilleure r\u00e9sistance aux rayures.<br \/>Dessus carbone apparent.<br \/>Option carbone color\u00e9\u00a0<strong><a href=\"https:\/\/skimboard.com\/edenv4\/couleurs-disponibles\/\">TIE DYE<\/a>: \u00a0+ 20\u20ac \u00a0<\/strong>Nous proposons une version color\u00e9 du carbone, avec un rendu &#8220;Tie Dye&#8221; qui joue avec la trame noire du carbone.<br \/>Attention, le rendu est al\u00e9atoire, d&#8217;une planche \u00e0 l&#8217;autre c&#8217;est toujours diff\u00e9rent.<\/p>\n\n\n<figure class=\"wp-block-gallery has-nested-images columns-default is-cropped wp-block-gallery-1 is-layout-flex wp-block-gallery-is-layout-flex\">\n<figure class=\"wp-block-image size-large\"><img loading=\"lazy\" decoding=\"async\" width=\"1024\" height=\"678\" data-id=\"5707\" src=\"https:\/\/skimboard.com\/edenv4\/wp-content\/uploads\/2023\/05\/carbone-logo-blanc-1024x678.jpg\" alt=\"\" class=\"wp-image-5707\" srcset=\"https:\/\/skimboard.com\/edenv4\/wp-content\/uploads\/2023\/05\/carbone-logo-blanc-1024x678.jpg 1024w, https:\/\/skimboard.com\/edenv4\/wp-content\/uploads\/2023\/05\/carbone-logo-blanc-scaled-600x398.jpg 600w, https:\/\/skimboard.com\/edenv4\/wp-content\/uploads\/2023\/05\/carbone-logo-blanc-300x199.jpg 300w, https:\/\/skimboard.com\/edenv4\/wp-content\/uploads\/2023\/05\/carbone-logo-blanc-768x509.jpg 768w, https:\/\/skimboard.com\/edenv4\/wp-content\/uploads\/2023\/05\/carbone-logo-blanc-1536x1017.jpg 1536w, https:\/\/skimboard.com\/edenv4\/wp-content\/uploads\/2023\/05\/carbone-logo-blanc-2048x1356.jpg 2048w, https:\/\/skimboard.com\/edenv4\/wp-content\/uploads\/2023\/05\/carbone-logo-blanc-676x448.jpg 676w\" sizes=\"auto, (max-width: 1024px) 100vw, 1024px\" \/><figcaption class=\"wp-element-caption\">Carbone apparent<\/figcaption><\/figure>\n\n\n\n<figure class=\"wp-block-image size-large\"><img loading=\"lazy\" decoding=\"async\" width=\"1024\" height=\"678\" data-id=\"5720\" src=\"https:\/\/skimboard.com\/edenv4\/wp-content\/uploads\/2023\/05\/flag-carbone-1024x678.jpg\" alt=\"\" class=\"wp-image-5720\" srcset=\"https:\/\/skimboard.com\/edenv4\/wp-content\/uploads\/2023\/05\/flag-carbone-1024x678.jpg 1024w, https:\/\/skimboard.com\/edenv4\/wp-content\/uploads\/2023\/05\/flag-carbone-scaled-600x398.jpg 600w, https:\/\/skimboard.com\/edenv4\/wp-content\/uploads\/2023\/05\/flag-carbone-300x199.jpg 300w, https:\/\/skimboard.com\/edenv4\/wp-content\/uploads\/2023\/05\/flag-carbone-768x509.jpg 768w, https:\/\/skimboard.com\/edenv4\/wp-content\/uploads\/2023\/05\/flag-carbone-1536x1017.jpg 1536w, https:\/\/skimboard.com\/edenv4\/wp-content\/uploads\/2023\/05\/flag-carbone-2048x1356.jpg 2048w, https:\/\/skimboard.com\/edenv4\/wp-content\/uploads\/2023\/05\/flag-carbone-676x448.jpg 676w\" sizes=\"auto, (max-width: 1024px) 100vw, 1024px\" \/><figcaption class=\"wp-element-caption\">Flag<\/figcaption><\/figure>\n\n\n\n<figure class=\"wp-block-image size-large\"><img loading=\"lazy\" decoding=\"async\" width=\"344\" height=\"622\" data-id=\"5710\" src=\"https:\/\/skimboard.com\/edenv4\/wp-content\/uploads\/2023\/05\/carbone-rouge.jpg\" alt=\"\" class=\"wp-image-5710\" srcset=\"https:\/\/skimboard.com\/edenv4\/wp-content\/uploads\/2023\/05\/carbone-rouge.jpg 344w, https:\/\/skimboard.com\/edenv4\/wp-content\/uploads\/2023\/05\/carbone-rouge-166x300.jpg 166w\" sizes=\"auto, (max-width: 344px) 100vw, 344px\" \/><figcaption class=\"wp-element-caption\">Carbone Tie Dye<\/figcaption><\/figure>\n\n\n\n<figure class=\"wp-block-image size-large\"><img loading=\"lazy\" decoding=\"async\" width=\"477\" height=\"573\" data-id=\"5709\" src=\"https:\/\/skimboard.com\/edenv4\/wp-content\/uploads\/2023\/05\/carbone-rouge-nose.jpg\" alt=\"\" class=\"wp-image-5709\" srcset=\"https:\/\/skimboard.com\/edenv4\/wp-content\/uploads\/2023\/05\/carbone-rouge-nose.jpg 477w, https:\/\/skimboard.com\/edenv4\/wp-content\/uploads\/2023\/05\/carbone-rouge-nose-250x300.jpg 250w\" sizes=\"auto, (max-width: 477px) 100vw, 477px\" \/><figcaption class=\"wp-element-caption\">Carbone Tie Dye<\/figcaption><\/figure>\n\n\n\n<figure class=\"wp-block-image size-large\"><img loading=\"lazy\" decoding=\"async\" width=\"480\" height=\"440\" data-id=\"5708\" src=\"https:\/\/skimboard.com\/edenv4\/wp-content\/uploads\/2023\/05\/carbone-rouge-flag.jpg\" alt=\"\" class=\"wp-image-5708\" srcset=\"https:\/\/skimboard.com\/edenv4\/wp-content\/uploads\/2023\/05\/carbone-rouge-flag.jpg 480w, https:\/\/skimboard.com\/edenv4\/wp-content\/uploads\/2023\/05\/carbone-rouge-flag-300x275.jpg 300w\" sizes=\"auto, (max-width: 480px) 100vw, 480px\" \/><figcaption class=\"wp-element-caption\">Carbone Tie Dye Flag<\/figcaption><\/figure>\n\n\n\n<figure class=\"wp-block-image size-large\"><img loading=\"lazy\" decoding=\"async\" width=\"1024\" height=\"678\" data-id=\"5797\" src=\"https:\/\/skimboard.com\/edenv4\/wp-content\/uploads\/2023\/05\/carbone-blanc-1024x678.jpg\" alt=\"\" class=\"wp-image-5797\" srcset=\"https:\/\/skimboard.com\/edenv4\/wp-content\/uploads\/2023\/05\/carbone-blanc-1024x678.jpg 1024w, https:\/\/skimboard.com\/edenv4\/wp-content\/uploads\/2023\/05\/carbone-blanc-scaled-600x398.jpg 600w, https:\/\/skimboard.com\/edenv4\/wp-content\/uploads\/2023\/05\/carbone-blanc-300x199.jpg 300w, https:\/\/skimboard.com\/edenv4\/wp-content\/uploads\/2023\/05\/carbone-blanc-768x509.jpg 768w, https:\/\/skimboard.com\/edenv4\/wp-content\/uploads\/2023\/05\/carbone-blanc-1536x1017.jpg 1536w, https:\/\/skimboard.com\/edenv4\/wp-content\/uploads\/2023\/05\/carbone-blanc-2048x1356.jpg 2048w, https:\/\/skimboard.com\/edenv4\/wp-content\/uploads\/2023\/05\/carbone-blanc-676x448.jpg 676w\" sizes=\"auto, (max-width: 1024px) 100vw, 1024px\" \/><figcaption class=\"wp-element-caption\">Carbone Tie Dye Blanc<\/figcaption><\/figure>\n<\/figure>\n","protected":false},"excerpt":{"rendered":"<p>\u00a0 \u00a0 \u00a0 \u00a0 \u00a0 \u00a0 \u00a0 \u00a0 \u00a0 \u00a0 \u00a0 \u00a0 \u00a0 \u00a0 \u00a0 \u00a0 \u00a0 \u00a0 \u00a0 \u00a0 \u00a0 \u00a0 \u00a0 \u00a0 \u00a0 \u00a0 \u00a0 \u00a0 \u00a0 \u00a0 \u00a0\u00a0 C&#8217;est une technique de stratification (= construction d&#8217;un composite), ce n&#8217;est pas une planche mais une mani\u00e8re de la construire, avec du carbone. Nos [&hellip;]<\/p>\n","protected":false},"author":1,"featured_media":0,"parent":0,"menu_order":47,"comment_status":"closed","ping_status":"closed","template":"","meta":{"footnotes":""},"class_list":["post-110","page","type-page","status-publish","hentry","post-preview"],"_links":{"self":[{"href":"https:\/\/skimboard.com\/edenv4\/wp-json\/wp\/v2\/pages\/110","targetHints":{"allow":["GET"]}}],"collection":[{"href":"https:\/\/skimboard.com\/edenv4\/wp-json\/wp\/v2\/pages"}],"about":[{"href":"https:\/\/skimboard.com\/edenv4\/wp-json\/wp\/v2\/types\/page"}],"author":[{"embeddable":true,"href":"https:\/\/skimboard.com\/edenv4\/wp-json\/wp\/v2\/users\/1"}],"replies":[{"embeddable":true,"href":"https:\/\/skimboard.com\/edenv4\/wp-json\/wp\/v2\/comments?post=110"}],"version-history":[{"count":18,"href":"https:\/\/skimboard.com\/edenv4\/wp-json\/wp\/v2\/pages\/110\/revisions"}],"predecessor-version":[{"id":6684,"href":"https:\/\/skimboard.com\/edenv4\/wp-json\/wp\/v2\/pages\/110\/revisions\/6684"}],"wp:attachment":[{"href":"https:\/\/skimboard.com\/edenv4\/wp-json\/wp\/v2\/media?parent=110"}],"curies":[{"name":"wp","href":"https:\/\/api.w.org\/{rel}","templated":true}]}}