{"id":105,"date":"2012-01-01T00:00:01","date_gmt":"2011-12-31T23:00:01","guid":{"rendered":"http:\/\/skimboard.com\/edenv4\/reparer\/"},"modified":"2023-05-17T14:43:02","modified_gmt":"2023-05-17T13:43:02","slug":"reparer","status":"publish","type":"page","link":"https:\/\/skimboard.com\/edenv4\/reparer\/","title":{"rendered":"Entretien et r\u00e9paration de votre skimboard"},"content":{"rendered":"<div>Proc\u00e9dure de r\u00e9paration standard en cas de chocs, fissures, craquelures, ou grosses rayures ayant entam\u00e9 la fibre (les petites rayures ne n\u00e9cessitent PAS de r\u00e9paration). Pour un tr\u00e8s gros choc qui aurait cass\u00e9 un morceau de planche sur plus de 3 cm il faut faire une r\u00e9paration plus technique, nous consulter (envoyez-nous par email des photos du probl\u00e8me).<\/div>\n<div class=\"moz-cite-prefix\"><b><\/b><br \/>\n-La planche doit avoir \u00e9t\u00e9 rinc\u00e9e \u00e0 l&#8217;eau douce pour enlever le sel, et \u00eatre <strong>BIEN s\u00e8che.<\/strong><br \/>\n-\u00c9taler la r\u00e9sine\/colle de r\u00e9paration avec un b\u00e2tonnet d&#8217;esquimau (ou petite spatule) en la faisant P\u00c9N\u00c9TRER au maximum dans la fissure\/trou en appuyant. <strong>Inutile d&#8217;en mettre trop par dessus, c&#8217;est ce qui p\u00e9n\u00e8tre qui compte<\/strong>. Essuyer au chiffon\/Sopalin ce qui a pu couler autour de la zone r\u00e9par\u00e9e.<br \/>\n-Pour un choc sur le rail (l&#8217;ar\u00eate de la planche, l&#8217;\u00e9quivalent de la carre d&#8217;un ski) il peut \u00eatre utile de coller un morceau de scotch (id\u00e9alement scotch papier pour masquer quand on peint des fen\u00eatres)<b> juste le long de la ligne<\/b> d&#8217;ar\u00eate afin de faire un &#8220;coffrage&#8221; qui \u00e9vitera \u00e0 la r\u00e9sine\/colle de couler et reconstituera la continuit\u00e9 de cette ar\u00eate. Ne PAS mettre plus de r\u00e9sine\/colle que n\u00e9cessaire pour boucher le trou, <b>\u00e7a ne DOIT PAS d\u00e9passer du plan de glisse<\/b> quand on regarde de profil ( ou tr\u00e8s peu&#8230;), et donc <b>NE PAS coller le scotch plus haut que la surface<\/b> de glisse ! Posez une r\u00e8gle \u00e0 plat sur la zone pour v\u00e9rifier la position du scotch, au besoin, avant d&#8217;\u00e9taler la colle.<br \/>\nDans le cas o\u00f9 le rail s&#8217;est ouvert sous le choc et donc quand une partie de la fibre de verre &#8220;baille&#8221; en relief, suivez la proc\u00e9dure en photo en fin de page.<br \/>\n-Laisser s\u00e9cher (suivant notice produit), ou exposer au soleil pour la Solarez.<br \/>\n-Pas la peine de poncer, si vous avez mis la juste quantit\u00e9 il ne doit pas y avoir de grosses bavures, et le cot\u00e9 &#8220;esth\u00e9tique&#8221; n&#8217;est PAS le plus important.<\/p>\n<p><b>\u00a0Produits \u00e0 employer:<\/b><br \/>\nNos planches sont en polyester, donc la r\u00e9sine polyester est utilisable en r\u00e9paration, mais pour les &#8220;bricoleurs non sp\u00e9cialistes des composites&#8221; je recommande plut\u00f4t les produits suivants, qui sont plus faciles \u00e0 trouver et \u00e0 utiliser.<\/p>\n<p>-Colle &#8220;Epoxy&#8221; bi-tubes \u00e0 m\u00e9langer, de type &#8220;Normal \/ Standard&#8221;. Env. 9\u20ac. Facile \u00e0 trouver dans tous les supermarch\u00e9s et Bricobidule, solide, permet de reboucher des trous assez gros, mais un peu long \u00e0 s\u00e9cher. Pourra servir pour d&#8217;autres usages de bricolage. Se conserve longtemps. Adh\u00e8re bien. C&#8217;est le produit que je recommande (si on sait un peu bricoler&#8230;.).<br \/>\n<img loading=\"lazy\" decoding=\"async\" src=\"http:\/\/www.skimboard.com\/edenv3\/images\/images_diverses_surf_etc\/colle_araldite.jpg\" alt=\"colle araldite\" width=\"90\" height=\"90\" \/><br \/>\n&#8211; Solarez Epoxy (adh\u00e8re bien), ou &#8220;Solarez polyester&#8221;, en vente en surf-shop ou chez D\u00e9cathlon. Env. 15\u20ac. Facile d&#8217;emploi et tr\u00e8s rapide (\u00e9taler \u00e0 l&#8217;ombre, exposer au soleil 5 minutes, c&#8217;est sec).<br \/>\n<img loading=\"lazy\" decoding=\"async\" class=\"pla_fife\" src=\"http:\/\/www.skimboard.com\/edenv3\/images\/images_diverses_surf_etc\/solarez.jpg\" alt=\"solarez\" width=\"86\" height=\"86\" \/><\/p>\n<\/div>\n<div class=\"moz-cite-prefix\">&#8211; Encore plus simple, mais moins &#8220;technique&#8221; et <b>valable seulement pour les fissures fines<\/b>,\u00a0 avec de la colle &#8220;Super Glue liquide&#8221; (PAS celle en gel). Versez quelques gouttes directement dans la fissure en \u00e9talant avec le bec du tube (pas de spatule, elle collerait), la colle va p\u00e9n\u00e9trer instantan\u00e9ment dedans. R\u00e9p\u00e9tez l&#8217;op\u00e9ration avec encore quelques gouttes, jusqu&#8217;\u00e0 ce que ce soit bien rebouch\u00e9, mais inutile de d\u00e9border sur la partie saine, seulement sur ce qui est craquel\u00e9.<\/div>\n<div class=\"moz-cite-prefix\"><\/div>\n<div class=\"moz-cite-prefix\"><\/div>\n<div class=\"moz-cite-prefix\">Proc\u00e9dure sp\u00e9ciale si une partie du rail est franchement ouverte et &#8220;baille&#8221; en relief:<br \/>\nLe clou sert \u00e0 maintenir la fissure bien ouverte afin de faire p\u00e9n\u00e9trer facilement la r\u00e9sine\/colle <strong>\u00e0 l&#8217;int\u00e9rieur<\/strong>.<br \/>\nLe tour de scotch final doit \u00eatre bien tendu pour replaquer la fibre qui &#8220;baille&#8221; et refermer la &#8220;plaie&#8221;.<\/div>\n<div class=\"moz-cite-prefix\"><img loading=\"lazy\" decoding=\"async\" src=\"http:\/\/www.skimboard.com\/edenv3\/images\/shop\/images_provisoires\/repa_rail_1.JPG\" alt=\"repa rail 1\" width=\"250\" height=\"192\" \/>\u00a0 <img loading=\"lazy\" decoding=\"async\" src=\"http:\/\/www.skimboard.com\/edenv3\/images\/shop\/images_provisoires\/repa_rail_2.JPG\" alt=\"repa rail 2\" width=\"250\" height=\"194\" \/>\u00a0 <img loading=\"lazy\" decoding=\"async\" src=\"http:\/\/www.skimboard.com\/edenv3\/images\/shop\/images_provisoires\/repa_rail_3.JPG\" alt=\"repa rail 3\" width=\"250\" height=\"161\" \/><br \/>\n<img loading=\"lazy\" decoding=\"async\" src=\"http:\/\/www.skimboard.com\/edenv3\/images\/shop\/images_provisoires\/repa_rail_4.JPG\" alt=\"repa rail 4\" width=\"250\" height=\"163\" \/>\u00a0 <img loading=\"lazy\" decoding=\"async\" src=\"http:\/\/www.skimboard.com\/edenv3\/images\/shop\/images_provisoires\/repa_rail_5.JPG\" alt=\"repa rail 5\" width=\"250\" height=\"184\" \/> <img loading=\"lazy\" decoding=\"async\" src=\"http:\/\/www.skimboard.com\/edenv3\/images\/shop\/images_provisoires\/repa_rail_7.JPG\" alt=\"repa rail 7\" width=\"250\" height=\"233\" \/><\/div>\n<div class=\"moz-cite-prefix\">Si vous rencontrez une difficult\u00e9, contactez-nous par email.\u00a0 \u00a0 \u00a0 \u00a0 \u00a0 \u00a0 Manu<\/div>\n","protected":false},"excerpt":{"rendered":"<p>Proc\u00e9dure de r\u00e9paration standard en cas de chocs, fissures, craquelures, ou grosses rayures ayant entam\u00e9 la fibre (les petites rayures ne n\u00e9cessitent PAS de r\u00e9paration). Pour un tr\u00e8s gros choc qui aurait cass\u00e9 un morceau de planche sur plus de 3 cm il faut faire une r\u00e9paration plus technique, nous consulter (envoyez-nous par email des [&hellip;]<\/p>\n","protected":false},"author":1,"featured_media":0,"parent":0,"menu_order":33,"comment_status":"closed","ping_status":"closed","template":"","meta":{"footnotes":""},"class_list":["post-105","page","type-page","status-publish","hentry","post-preview"],"_links":{"self":[{"href":"https:\/\/skimboard.com\/edenv4\/wp-json\/wp\/v2\/pages\/105","targetHints":{"allow":["GET"]}}],"collection":[{"href":"https:\/\/skimboard.com\/edenv4\/wp-json\/wp\/v2\/pages"}],"about":[{"href":"https:\/\/skimboard.com\/edenv4\/wp-json\/wp\/v2\/types\/page"}],"author":[{"embeddable":true,"href":"https:\/\/skimboard.com\/edenv4\/wp-json\/wp\/v2\/users\/1"}],"replies":[{"embeddable":true,"href":"https:\/\/skimboard.com\/edenv4\/wp-json\/wp\/v2\/comments?post=105"}],"version-history":[{"count":2,"href":"https:\/\/skimboard.com\/edenv4\/wp-json\/wp\/v2\/pages\/105\/revisions"}],"predecessor-version":[{"id":6112,"href":"https:\/\/skimboard.com\/edenv4\/wp-json\/wp\/v2\/pages\/105\/revisions\/6112"}],"wp:attachment":[{"href":"https:\/\/skimboard.com\/edenv4\/wp-json\/wp\/v2\/media?parent=105"}],"curies":[{"name":"wp","href":"https:\/\/api.w.org\/{rel}","templated":true}]}}